{"id":985,"date":"2017-11-03T21:35:55","date_gmt":"2017-11-03T19:35:55","guid":{"rendered":"http:\/\/f9project.com\/?page_id=985"},"modified":"2017-11-03T21:41:57","modified_gmt":"2017-11-03T19:41:57","slug":"nd-filtreler-yurt-ici-tekirdag","status":"publish","type":"page","link":"https:\/\/f9project.com\/?page_id=985","title":{"rendered":"ND Filtreler \u2013 Yurt i\u00e7i \u2013 Tekirda\u011f"},"content":{"rendered":"\t\t<div data-elementor-type=\"wp-page\" data-elementor-id=\"985\" class=\"elementor elementor-985 elementor-bc-flex-widget\">\n\t\t\t\t\t\t<section class=\"elementor-section elementor-top-section elementor-element elementor-element-y64kdhf elementor-section-boxed elementor-section-height-default elementor-section-height-default\" data-id=\"y64kdhf\" data-element_type=\"section\">\n\t\t\t\t\t\t<div class=\"elementor-container elementor-column-gap-default\">\n\t\t\t\t\t<div class=\"elementor-column elementor-col-100 elementor-top-column elementor-element elementor-element-wu7sjok\" data-id=\"wu7sjok\" data-element_type=\"column\">\n\t\t\t<div class=\"elementor-widget-wrap elementor-element-populated\">\n\t\t\t\t\t\t<div class=\"elementor-element elementor-element-hfxgyll elementor-widget elementor-widget-wp-widget-metaslider_widget\" data-id=\"hfxgyll\" data-element_type=\"widget\" data-widget_type=\"wp-widget-metaslider_widget.default\">\n\t\t\t\t<div class=\"elementor-widget-container\">\n\t\t\t<div id=\"metaslider-id-987\" style=\"max-width: 900px; margin: 0 auto;\" class=\"ml-slider-3-70-2 metaslider metaslider-flex metaslider-987 ml-slider ms-theme-default\" role=\"region\" aria-roledescription=\"Slideshow\" aria-label=\"ND-yi-Tekirda\u011f\">\n    <div id=\"metaslider_container_987\">\n        <div id=\"metaslider_987\">\n            <ul aria-live=\"polite\" class=\"slides\">\n                <li style=\"display: block; width: 100%;\" class=\"slide-992 ms-image \" aria-roledescription=\"slide\" aria-label=\"slide-992\"><img fetchpriority=\"high\" decoding=\"async\" src=\"https:\/\/f9project.com\/wp-content\/uploads\/2017\/11\/01_Tekirdag-900x600.jpg\" height=\"600\" width=\"900\" alt=\"Tekirda\u011f, M\u00fcrefte, 2015, Neutral Desnity Filter\" class=\"slider-987 slide-992\" \/><div class=\"caption-wrap\"><div class=\"caption\">Tekirda\u011f, M\u00fcrefte, 2015, Neutral Desnity Filter<\/div><\/div><\/li>\n                <li style=\"display: none; width: 100%;\" class=\"slide-993 ms-image \" aria-roledescription=\"slide\" aria-label=\"slide-993\"><img decoding=\"async\" src=\"https:\/\/f9project.com\/wp-content\/uploads\/2017\/11\/02_Tekirdag-900x600.jpg\" height=\"600\" width=\"900\" alt=\"Tekirda\u011f, U\u00e7makdere, 2015, Neutral Density Filter\" class=\"slider-987 slide-993\" \/><div class=\"caption-wrap\"><div class=\"caption\">Tekirda\u011f, U\u00e7makdere, 2015, Neutral Density Filter<\/div><\/div><\/li>\n                <li style=\"display: none; width: 100%;\" class=\"slide-994 ms-image \" aria-roledescription=\"slide\" aria-label=\"slide-994\"><img decoding=\"async\" src=\"https:\/\/f9project.com\/wp-content\/uploads\/2017\/11\/03_Tekirdag-900x600.jpg\" height=\"600\" width=\"900\" alt=\"Tekirda\u011f, U\u00e7makdere, 2015, Neutral Density Filter\" class=\"slider-987 slide-994\" \/><div class=\"caption-wrap\"><div class=\"caption\">Tekirda\u011f, U\u00e7makdere, 2015, Neutral Density Filter<\/div><\/div><\/li>\n                <li style=\"display: none; width: 100%;\" class=\"slide-995 ms-image \" aria-roledescription=\"slide\" aria-label=\"slide-995\"><img loading=\"lazy\" decoding=\"async\" src=\"https:\/\/f9project.com\/wp-content\/uploads\/2017\/11\/04_Tekirdag-900x600.jpg\" height=\"600\" width=\"900\" alt=\"Tekirda\u011f, 2015, Neutral Density Filter\" class=\"slider-987 slide-995\" \/><div class=\"caption-wrap\"><div class=\"caption\">Tekirda\u011f, 2015, Neutral Density Filter<\/div><\/div><\/li>\n            <\/ul>\n        <\/div>\n        \n    <\/div>\n<\/div>\t\t<\/div>\n\t\t\t\t<\/div>\n\t\t\t\t\t<\/div>\n\t\t<\/div>\n\t\t\t\t\t<\/div>\n\t\t<\/section>\n\t\t\t\t<section class=\"elementor-section elementor-top-section elementor-element elementor-element-zt5v19n elementor-section-boxed elementor-section-height-default elementor-section-height-default\" data-id=\"zt5v19n\" data-element_type=\"section\">\n\t\t\t\t\t\t<div class=\"elementor-container elementor-column-gap-default\">\n\t\t\t\t\t<div class=\"elementor-column elementor-col-100 elementor-top-column elementor-element elementor-element-t8xwrkr\" data-id=\"t8xwrkr\" data-element_type=\"column\">\n\t\t\t<div class=\"elementor-widget-wrap elementor-element-populated\">\n\t\t\t\t\t\t<div class=\"elementor-element elementor-element-vb5nzpa elementor-align-center elementor-widget elementor-widget-button\" data-id=\"vb5nzpa\" data-element_type=\"widget\" data-widget_type=\"button.default\">\n\t\t\t\t<div class=\"elementor-widget-container\">\n\t\t\t\t\t<div class=\"elementor-button-wrapper\">\n\t\t\t<a class=\"elementor-button elementor-button-link elementor-size-sm\" href=\"http:\/\/f9project.com\/?page_id=166\">\n\t\t\t\t\t\t<span class=\"elementor-button-content-wrapper\">\n\t\t\t\t\t\t<span class=\"elementor-button-icon elementor-align-icon-left\">\n\t\t\t\t\t\t\t\t\t<i class=\"fa fa-arrow-circle-left\" aria-hidden=\"true\"><\/i>\n\t\t\t\t\t\t\t<\/span>\n\t\t\t\t\t\t\t\t\t<span class=\"elementor-button-text\">\"ND Filtreler - Yurt i\u00e7i\" sayfas\u0131na geri d\u00f6n...<\/span>\n\t\t\t\t\t<\/span>\n\t\t\t\t\t<\/a>\n\t\t<\/div>\n\t\t\t\t<\/div>\n\t\t\t\t<\/div>\n\t\t\t\t\t<\/div>\n\t\t<\/div>\n\t\t\t\t\t<\/div>\n\t\t<\/section>\n\t\t\t\t<\/div>\n\t\t ","protected":false},"excerpt":{"rendered":"<p>&#8220;ND Filtreler &#8211; Yurt i\u00e7i&#8221; sayfas\u0131na geri d\u00f6n&#8230;<\/p>\n","protected":false},"author":1,"featured_media":0,"parent":0,"menu_order":0,"comment_status":"open","ping_status":"closed","template":"page-templates\/page_fullwidth.php","meta":{"footnotes":""},"_links":{"self":[{"href":"https:\/\/f9project.com\/index.php?rest_route=\/wp\/v2\/pages\/985"}],"collection":[{"href":"https:\/\/f9project.com\/index.php?rest_route=\/wp\/v2\/pages"}],"about":[{"href":"https:\/\/f9project.com\/index.php?rest_route=\/wp\/v2\/types\/page"}],"author":[{"embeddable":true,"href":"https:\/\/f9project.com\/index.php?rest_route=\/wp\/v2\/users\/1"}],"replies":[{"embeddable":true,"href":"https:\/\/f9project.com\/index.php?rest_route=%2Fwp%2Fv2%2Fcomments&post=985"}],"version-history":[{"count":3,"href":"https:\/\/f9project.com\/index.php?rest_route=\/wp\/v2\/pages\/985\/revisions"}],"predecessor-version":[{"id":999,"href":"https:\/\/f9project.com\/index.php?rest_route=\/wp\/v2\/pages\/985\/revisions\/999"}],"wp:attachment":[{"href":"https:\/\/f9project.com\/index.php?rest_route=%2Fwp%2Fv2%2Fmedia&parent=985"}],"curies":[{"name":"wp","href":"https:\/\/api.w.org\/{rel}","templated":true}]}}