{"id":963,"date":"2017-11-03T21:22:37","date_gmt":"2017-11-03T19:22:37","guid":{"rendered":"http:\/\/f9project.com\/?page_id=963"},"modified":"2017-11-03T21:34:55","modified_gmt":"2017-11-03T19:34:55","slug":"nd-filtreler-yurt-ici-sanliurfa","status":"publish","type":"page","link":"https:\/\/f9project.com\/?page_id=963","title":{"rendered":"ND Filtreler \u2013 Yurt i\u00e7i \u2013 \u015eanl\u0131urfa"},"content":{"rendered":"\t\t<div data-elementor-type=\"wp-page\" data-elementor-id=\"963\" class=\"elementor elementor-963 elementor-bc-flex-widget\">\n\t\t\t\t\t\t<section class=\"elementor-section elementor-top-section elementor-element elementor-element-apgt2d8 elementor-section-boxed elementor-section-height-default elementor-section-height-default\" data-id=\"apgt2d8\" data-element_type=\"section\">\n\t\t\t\t\t\t<div class=\"elementor-container elementor-column-gap-default\">\n\t\t\t\t\t<div class=\"elementor-column elementor-col-100 elementor-top-column elementor-element elementor-element-pf1lhgi\" data-id=\"pf1lhgi\" data-element_type=\"column\">\n\t\t\t<div class=\"elementor-widget-wrap elementor-element-populated\">\n\t\t\t\t\t\t<div class=\"elementor-element elementor-element-gqj958e elementor-widget elementor-widget-wp-widget-metaslider_widget\" data-id=\"gqj958e\" data-element_type=\"widget\" data-widget_type=\"wp-widget-metaslider_widget.default\">\n\t\t\t\t<div class=\"elementor-widget-container\">\n\t\t\t<div id=\"metaslider-id-965\" style=\"max-width: 900px; margin: 0 auto;\" class=\"ml-slider-3-70-2 metaslider metaslider-flex metaslider-965 ml-slider ms-theme-default\" role=\"region\" aria-roledescription=\"Slideshow\" aria-label=\"ND-yi-\u015eanl\u0131urfa\">\n    <div id=\"metaslider_container_965\">\n        <div id=\"metaslider_965\">\n            <ul aria-live=\"polite\" class=\"slides\">\n                <li style=\"display: block; width: 100%;\" class=\"slide-974 ms-image \" aria-roledescription=\"slide\" aria-label=\"slide-974\"><img fetchpriority=\"high\" decoding=\"async\" src=\"https:\/\/f9project.com\/wp-content\/uploads\/2017\/11\/01_Sanliurfa-900x600.jpg\" height=\"600\" width=\"900\" alt=\"\u015eanl\u0131urfa, Sava\u015fan K\u00f6y\u00fc, 2017, Neutral Density Filter\" class=\"slider-965 slide-974\" \/><div class=\"caption-wrap\"><div class=\"caption\">\u015eanl\u0131urfa, Sava\u015fan K\u00f6y\u00fc, 2017, Neutral Density Filter<\/div><\/div><\/li>\n                <li style=\"display: none; width: 100%;\" class=\"slide-981 ms-image \" aria-roledescription=\"slide\" aria-label=\"slide-981\"><img decoding=\"async\" src=\"https:\/\/f9project.com\/wp-content\/uploads\/2017\/11\/02_Sanliurfa-900x600.jpg\" height=\"600\" width=\"900\" alt=\"\u015eanl\u0131urfa, Sava\u015fan K\u00f6y\u00fc, 2017, Neutral Density Filter\" class=\"slider-965 slide-981\" \/><div class=\"caption-wrap\"><div class=\"caption\">\u015eanl\u0131urfa, Sava\u015fan K\u00f6y\u00fc, 2017, Neutral Density Filter<\/div><\/div><\/li>\n                <li style=\"display: none; width: 100%;\" class=\"slide-980 ms-image \" aria-roledescription=\"slide\" aria-label=\"slide-980\"><img decoding=\"async\" src=\"https:\/\/f9project.com\/wp-content\/uploads\/2017\/11\/03_Sanliurfa-900x600.jpg\" height=\"600\" width=\"900\" alt=\"\u015eanl\u0131urfa, Halfeti, 2017, Neutral Density Filter\" class=\"slider-965 slide-980\" \/><div class=\"caption-wrap\"><div class=\"caption\">\u015eanl\u0131urfa, Halfeti, 2017, Neutral Density Filter<\/div><\/div><\/li>\n                <li style=\"display: none; width: 100%;\" class=\"slide-979 ms-image \" aria-roledescription=\"slide\" aria-label=\"slide-979\"><img loading=\"lazy\" decoding=\"async\" src=\"https:\/\/f9project.com\/wp-content\/uploads\/2017\/11\/04_Sanliurfa-900x600.jpg\" height=\"600\" width=\"900\" alt=\"\u015eanl\u0131urfa, \u00c7ekem K\u00f6y\u00fc, 2017, Neutral Density Filter\" class=\"slider-965 slide-979\" \/><div class=\"caption-wrap\"><div class=\"caption\">\u015eanl\u0131urfa, \u00c7ekem K\u00f6y\u00fc, 2017, Neutral Density Filter<\/div><\/div><\/li>\n                <li style=\"display: none; width: 100%;\" class=\"slide-978 ms-image \" aria-roledescription=\"slide\" aria-label=\"slide-978\"><img loading=\"lazy\" decoding=\"async\" src=\"https:\/\/f9project.com\/wp-content\/uploads\/2017\/11\/05_Sanliurfa-900x600.jpg\" height=\"600\" width=\"900\" alt=\"\u015eanl\u0131urfa, Halfeti, 2017, Neutral Density Filter\" class=\"slider-965 slide-978\" \/><div class=\"caption-wrap\"><div class=\"caption\">\u015eanl\u0131urfa, Halfeti, 2017, Neutral Density Filter<\/div><\/div><\/li>\n                <li style=\"display: none; width: 100%;\" class=\"slide-977 ms-image \" aria-roledescription=\"slide\" aria-label=\"slide-977\"><img loading=\"lazy\" decoding=\"async\" src=\"https:\/\/f9project.com\/wp-content\/uploads\/2017\/11\/06_Sanliurfa-900x600.jpg\" height=\"600\" width=\"900\" alt=\"\u015eanl\u0131urfa, F\u0131rat Havzas\u0131, 2017, Neutral Density Filter\" class=\"slider-965 slide-977\" \/><div class=\"caption-wrap\"><div class=\"caption\">\u015eanl\u0131urfa, F\u0131rat Havzas\u0131, 2017, Neutral Density Filter<\/div><\/div><\/li>\n                <li style=\"display: none; width: 100%;\" class=\"slide-976 ms-image \" aria-roledescription=\"slide\" aria-label=\"slide-976\"><img loading=\"lazy\" decoding=\"async\" src=\"https:\/\/f9project.com\/wp-content\/uploads\/2017\/11\/07_Sanliurfa-900x600.jpg\" height=\"600\" width=\"900\" alt=\"\u015eanl\u0131urfa, Halfeti, 2017, Neutral Density Filter\" class=\"slider-965 slide-976\" \/><div class=\"caption-wrap\"><div class=\"caption\">\u015eanl\u0131urfa, Halfeti, 2017, Neutral Density Filter<\/div><\/div><\/li>\n                <li style=\"display: none; width: 100%;\" class=\"slide-975 ms-image \" aria-roledescription=\"slide\" aria-label=\"slide-975\"><img loading=\"lazy\" decoding=\"async\" src=\"https:\/\/f9project.com\/wp-content\/uploads\/2017\/11\/08_Sanliurfa-900x600.jpg\" height=\"600\" width=\"900\" alt=\"\u015eanl\u0131urfa, De\u011firmendere Park\u0131, 2017, Neutral Density Filter\" class=\"slider-965 slide-975\" \/><div class=\"caption-wrap\"><div class=\"caption\">\u015eanl\u0131urfa, De\u011firmendere Park\u0131, 2017, Neutral Density Filter<\/div><\/div><\/li>\n            <\/ul>\n        <\/div>\n        \n    <\/div>\n<\/div>\t\t<\/div>\n\t\t\t\t<\/div>\n\t\t\t\t\t<\/div>\n\t\t<\/div>\n\t\t\t\t\t<\/div>\n\t\t<\/section>\n\t\t\t\t<section class=\"elementor-section elementor-top-section elementor-element elementor-element-5msizcc elementor-section-boxed elementor-section-height-default elementor-section-height-default\" data-id=\"5msizcc\" data-element_type=\"section\">\n\t\t\t\t\t\t<div class=\"elementor-container elementor-column-gap-default\">\n\t\t\t\t\t<div class=\"elementor-column elementor-col-100 elementor-top-column elementor-element elementor-element-dxm895i\" data-id=\"dxm895i\" data-element_type=\"column\">\n\t\t\t<div class=\"elementor-widget-wrap elementor-element-populated\">\n\t\t\t\t\t\t<div class=\"elementor-element elementor-element-126gebx elementor-align-center elementor-widget elementor-widget-button\" data-id=\"126gebx\" data-element_type=\"widget\" data-widget_type=\"button.default\">\n\t\t\t\t<div class=\"elementor-widget-container\">\n\t\t\t\t\t<div class=\"elementor-button-wrapper\">\n\t\t\t<a class=\"elementor-button elementor-button-link elementor-size-sm\" href=\"http:\/\/f9project.com\/?page_id=166\">\n\t\t\t\t\t\t<span class=\"elementor-button-content-wrapper\">\n\t\t\t\t\t\t<span class=\"elementor-button-icon elementor-align-icon-left\">\n\t\t\t\t\t\t\t\t\t<i class=\"fa fa-arrow-circle-left\" aria-hidden=\"true\"><\/i>\n\t\t\t\t\t\t\t<\/span>\n\t\t\t\t\t\t\t\t\t<span class=\"elementor-button-text\">\"ND Filtreler - Yurt i\u00e7i\" sayfas\u0131na geri d\u00f6n...<\/span>\n\t\t\t\t\t<\/span>\n\t\t\t\t\t<\/a>\n\t\t<\/div>\n\t\t\t\t<\/div>\n\t\t\t\t<\/div>\n\t\t\t\t\t<\/div>\n\t\t<\/div>\n\t\t\t\t\t<\/div>\n\t\t<\/section>\n\t\t\t\t<\/div>\n\t\t ","protected":false},"excerpt":{"rendered":"<p>&#8220;ND Filtreler &#8211; Yurt i\u00e7i&#8221; sayfas\u0131na geri d\u00f6n&#8230;<\/p>\n","protected":false},"author":1,"featured_media":0,"parent":0,"menu_order":0,"comment_status":"open","ping_status":"closed","template":"page-templates\/page_fullwidth.php","meta":{"footnotes":""},"_links":{"self":[{"href":"https:\/\/f9project.com\/index.php?rest_route=\/wp\/v2\/pages\/963"}],"collection":[{"href":"https:\/\/f9project.com\/index.php?rest_route=\/wp\/v2\/pages"}],"about":[{"href":"https:\/\/f9project.com\/index.php?rest_route=\/wp\/v2\/types\/page"}],"author":[{"embeddable":true,"href":"https:\/\/f9project.com\/index.php?rest_route=\/wp\/v2\/users\/1"}],"replies":[{"embeddable":true,"href":"https:\/\/f9project.com\/index.php?rest_route=%2Fwp%2Fv2%2Fcomments&post=963"}],"version-history":[{"count":3,"href":"https:\/\/f9project.com\/index.php?rest_route=\/wp\/v2\/pages\/963\/revisions"}],"predecessor-version":[{"id":984,"href":"https:\/\/f9project.com\/index.php?rest_route=\/wp\/v2\/pages\/963\/revisions\/984"}],"wp:attachment":[{"href":"https:\/\/f9project.com\/index.php?rest_route=%2Fwp%2Fv2%2Fmedia&parent=963"}],"curies":[{"name":"wp","href":"https:\/\/api.w.org\/{rel}","templated":true}]}}