{"id":933,"date":"2017-11-03T21:10:52","date_gmt":"2017-11-03T19:10:52","guid":{"rendered":"http:\/\/f9project.com\/?page_id=933"},"modified":"2017-11-03T21:21:47","modified_gmt":"2017-11-03T19:21:47","slug":"nd-filtreler-yurt-ici-sinop","status":"publish","type":"page","link":"https:\/\/f9project.com\/?page_id=933","title":{"rendered":"ND Filtreler \u2013 Yurt i\u00e7i \u2013 Sinop"},"content":{"rendered":"\t\t<div data-elementor-type=\"wp-page\" data-elementor-id=\"933\" class=\"elementor elementor-933 elementor-bc-flex-widget\">\n\t\t\t\t\t\t<section class=\"elementor-section elementor-top-section elementor-element elementor-element-cuoherp elementor-section-boxed elementor-section-height-default elementor-section-height-default\" data-id=\"cuoherp\" data-element_type=\"section\">\n\t\t\t\t\t\t<div class=\"elementor-container elementor-column-gap-default\">\n\t\t\t\t\t<div class=\"elementor-column elementor-col-100 elementor-top-column elementor-element elementor-element-kvlj367\" data-id=\"kvlj367\" data-element_type=\"column\">\n\t\t\t<div class=\"elementor-widget-wrap elementor-element-populated\">\n\t\t\t\t\t\t<div class=\"elementor-element elementor-element-nibs6p2 elementor-widget elementor-widget-wp-widget-metaslider_widget\" data-id=\"nibs6p2\" data-element_type=\"widget\" data-widget_type=\"wp-widget-metaslider_widget.default\">\n\t\t\t\t<div class=\"elementor-widget-container\">\n\t\t\t<div id=\"metaslider-id-936\" style=\"max-width: 900px; margin: 0 auto;\" class=\"ml-slider-3-70-2 metaslider metaslider-flex metaslider-936 ml-slider ms-theme-default\" role=\"region\" aria-roledescription=\"Slideshow\" aria-label=\"ND-yi-Sinop\">\n    <div id=\"metaslider_container_936\">\n        <div id=\"metaslider_936\">\n            <ul aria-live=\"polite\" class=\"slides\">\n                <li style=\"display: block; width: 100%;\" class=\"slide-949 ms-image \" aria-roledescription=\"slide\" aria-label=\"slide-949\"><img fetchpriority=\"high\" decoding=\"async\" src=\"https:\/\/f9project.com\/wp-content\/uploads\/2017\/11\/01_Sinop-900x600.jpg\" height=\"600\" width=\"900\" alt=\"Sinop, \u0130nceburun Feneri, 2016, Neutral Density Filter\" class=\"slider-936 slide-949\" \/><div class=\"caption-wrap\"><div class=\"caption\">Sinop, \u0130nceburun Feneri, 2016, Neutral Density Filter<\/div><\/div><\/li>\n                <li style=\"display: none; width: 100%;\" class=\"slide-960 ms-image \" aria-roledescription=\"slide\" aria-label=\"slide-960\"><img decoding=\"async\" src=\"https:\/\/f9project.com\/wp-content\/uploads\/2017\/11\/02_Sinop-900x600.jpg\" height=\"600\" width=\"900\" alt=\"Sinop, \u0130nceburun Feneri, 2016, Neutral Density Filter\" class=\"slider-936 slide-960\" \/><div class=\"caption-wrap\"><div class=\"caption\">Sinop, \u0130nceburun Feneri, 2016, Neutral Density Filter<\/div><\/div><\/li>\n                <li style=\"display: none; width: 100%;\" class=\"slide-959 ms-image \" aria-roledescription=\"slide\" aria-label=\"slide-959\"><img decoding=\"async\" src=\"https:\/\/f9project.com\/wp-content\/uploads\/2017\/11\/03_Sinop-900x600.jpg\" height=\"600\" width=\"900\" alt=\"Sinop, \u0130nceburun Feneri, 2016, Neutral Density Filter\" class=\"slider-936 slide-959\" \/><div class=\"caption-wrap\"><div class=\"caption\">Sinop, \u0130nceburun Feneri, 2016, Neutral Density Filter<\/div><\/div><\/li>\n                <li style=\"display: none; width: 100%;\" class=\"slide-958 ms-image \" aria-roledescription=\"slide\" aria-label=\"slide-958\"><img loading=\"lazy\" decoding=\"async\" src=\"https:\/\/f9project.com\/wp-content\/uploads\/2017\/11\/04_Sinop-900x600.jpg\" height=\"600\" width=\"900\" alt=\"Sinop, Hamsilos Tabiat Park\u0131, 2016, Neutral Density Filter\" class=\"slider-936 slide-958\" \/><div class=\"caption-wrap\"><div class=\"caption\">Sinop, Hamsilos Tabiat Park\u0131, 2016, Neutral Density Filter<\/div><\/div><\/li>\n                <li style=\"display: none; width: 100%;\" class=\"slide-957 ms-image \" aria-roledescription=\"slide\" aria-label=\"slide-957\"><img loading=\"lazy\" decoding=\"async\" src=\"https:\/\/f9project.com\/wp-content\/uploads\/2017\/11\/05_Sinop-900x600.jpg\" height=\"600\" width=\"900\" alt=\"Sinop, Hamsilos Tabiat Park\u0131, 2016, Neutral Density Filter\" class=\"slider-936 slide-957\" \/><div class=\"caption-wrap\"><div class=\"caption\">Sinop, Hamsilos Tabiat Park\u0131, 2016, Neutral Density Filter<\/div><\/div><\/li>\n                <li style=\"display: none; width: 100%;\" class=\"slide-956 ms-image \" aria-roledescription=\"slide\" aria-label=\"slide-956\"><img loading=\"lazy\" decoding=\"async\" src=\"https:\/\/f9project.com\/wp-content\/uploads\/2017\/11\/06_Sinop-900x600.jpg\" height=\"600\" width=\"900\" alt=\"Sinop, \u0130nceburun, 2016, Neutral Density Filter\" class=\"slider-936 slide-956\" \/><div class=\"caption-wrap\"><div class=\"caption\">Sinop, \u0130nceburun, 2016, Neutral Density Filter<\/div><\/div><\/li>\n                <li style=\"display: none; width: 100%;\" class=\"slide-955 ms-image \" aria-roledescription=\"slide\" aria-label=\"slide-955\"><img loading=\"lazy\" decoding=\"async\" src=\"https:\/\/f9project.com\/wp-content\/uploads\/2017\/11\/07_Sinop-900x600.jpg\" height=\"600\" width=\"900\" alt=\"Sinop, 2016, Neutral Density Filter\" class=\"slider-936 slide-955\" \/><div class=\"caption-wrap\"><div class=\"caption\">Sinop, 2016, Neutral Density Filter<\/div><\/div><\/li>\n                <li style=\"display: none; width: 100%;\" class=\"slide-954 ms-image \" aria-roledescription=\"slide\" aria-label=\"slide-954\"><img loading=\"lazy\" decoding=\"async\" src=\"https:\/\/f9project.com\/wp-content\/uploads\/2017\/11\/08_Sinop-900x600.jpg\" height=\"600\" width=\"900\" alt=\"Sinop, Sinop Kalesi, 2016, Neutral Density Filter\" class=\"slider-936 slide-954\" \/><div class=\"caption-wrap\"><div class=\"caption\">Sinop, Sinop Kalesi, 2016, Neutral Density Filter<\/div><\/div><\/li>\n                <li style=\"display: none; width: 100%;\" class=\"slide-953 ms-image \" aria-roledescription=\"slide\" aria-label=\"slide-953\"><img loading=\"lazy\" decoding=\"async\" src=\"https:\/\/f9project.com\/wp-content\/uploads\/2017\/11\/09_Sinop-900x600.jpg\" height=\"600\" width=\"900\" alt=\"Sinop, 2016, Neutral Density Filter\" class=\"slider-936 slide-953\" \/><div class=\"caption-wrap\"><div class=\"caption\">Sinop, 2016, Neutral Density Filter<\/div><\/div><\/li>\n                <li style=\"display: none; width: 100%;\" class=\"slide-952 ms-image \" aria-roledescription=\"slide\" aria-label=\"slide-952\"><img loading=\"lazy\" decoding=\"async\" src=\"https:\/\/f9project.com\/wp-content\/uploads\/2017\/11\/010_Sinop-900x600.jpg\" height=\"600\" width=\"900\" alt=\"Sinop, Akliman Sahili, 2016, Neutral Density Filter\" class=\"slider-936 slide-952\" \/><div class=\"caption-wrap\"><div class=\"caption\">Sinop, Akliman Sahili, 2016, Neutral Density Filter<\/div><\/div><\/li>\n                <li style=\"display: none; width: 100%;\" class=\"slide-951 ms-image \" aria-roledescription=\"slide\" aria-label=\"slide-951\"><img loading=\"lazy\" decoding=\"async\" src=\"https:\/\/f9project.com\/wp-content\/uploads\/2017\/11\/011_Sinop-900x600.jpg\" height=\"600\" width=\"900\" alt=\"Sinop, Akliman Sahili, 2016, Neutral Density Filter\" class=\"slider-936 slide-951\" \/><div class=\"caption-wrap\"><div class=\"caption\">Sinop, Akliman Sahili, 2016, Neutral Density Filter<\/div><\/div><\/li>\n                <li style=\"display: none; width: 100%;\" class=\"slide-950 ms-image \" aria-roledescription=\"slide\" aria-label=\"slide-950\"><img loading=\"lazy\" decoding=\"async\" src=\"https:\/\/f9project.com\/wp-content\/uploads\/2017\/11\/012_Sinop-900x600.jpg\" height=\"600\" width=\"900\" alt=\"Sinop, Akliman Sahili, 2016, Neutral Density Filter\" class=\"slider-936 slide-950\" \/><div class=\"caption-wrap\"><div class=\"caption\">Sinop, Akliman Sahili, 2016, Neutral Density Filter<\/div><\/div><\/li>\n            <\/ul>\n        <\/div>\n        \n    <\/div>\n<\/div>\t\t<\/div>\n\t\t\t\t<\/div>\n\t\t\t\t\t<\/div>\n\t\t<\/div>\n\t\t\t\t\t<\/div>\n\t\t<\/section>\n\t\t\t\t<section class=\"elementor-section elementor-top-section elementor-element elementor-element-lx58klh elementor-section-boxed elementor-section-height-default elementor-section-height-default\" data-id=\"lx58klh\" data-element_type=\"section\">\n\t\t\t\t\t\t<div class=\"elementor-container elementor-column-gap-default\">\n\t\t\t\t\t<div class=\"elementor-column elementor-col-100 elementor-top-column elementor-element elementor-element-tvwaxym\" data-id=\"tvwaxym\" data-element_type=\"column\">\n\t\t\t<div class=\"elementor-widget-wrap elementor-element-populated\">\n\t\t\t\t\t\t<div class=\"elementor-element elementor-element-j4vk9ct elementor-align-center elementor-widget elementor-widget-button\" data-id=\"j4vk9ct\" data-element_type=\"widget\" data-widget_type=\"button.default\">\n\t\t\t\t<div class=\"elementor-widget-container\">\n\t\t\t\t\t<div class=\"elementor-button-wrapper\">\n\t\t\t<a class=\"elementor-button elementor-button-link elementor-size-sm\" href=\"http:\/\/f9project.com\/?page_id=166\">\n\t\t\t\t\t\t<span class=\"elementor-button-content-wrapper\">\n\t\t\t\t\t\t<span class=\"elementor-button-icon elementor-align-icon-left\">\n\t\t\t\t\t\t\t\t\t<i class=\"fa fa-arrow-circle-left\" aria-hidden=\"true\"><\/i>\n\t\t\t\t\t\t\t<\/span>\n\t\t\t\t\t\t\t\t\t<span class=\"elementor-button-text\">\"ND Filtreler - Yurt i\u00e7i\" sayfas\u0131na geri d\u00f6n...<\/span>\n\t\t\t\t\t<\/span>\n\t\t\t\t\t<\/a>\n\t\t<\/div>\n\t\t\t\t<\/div>\n\t\t\t\t<\/div>\n\t\t\t\t\t<\/div>\n\t\t<\/div>\n\t\t\t\t\t<\/div>\n\t\t<\/section>\n\t\t\t\t<\/div>\n\t\t ","protected":false},"excerpt":{"rendered":"<p>&#8220;ND Filtreler &#8211; Yurt i\u00e7i&#8221; sayfas\u0131na geri d\u00f6n&#8230;<\/p>\n","protected":false},"author":1,"featured_media":0,"parent":0,"menu_order":0,"comment_status":"open","ping_status":"closed","template":"page-templates\/page_fullwidth.php","meta":{"footnotes":""},"_links":{"self":[{"href":"https:\/\/f9project.com\/index.php?rest_route=\/wp\/v2\/pages\/933"}],"collection":[{"href":"https:\/\/f9project.com\/index.php?rest_route=\/wp\/v2\/pages"}],"about":[{"href":"https:\/\/f9project.com\/index.php?rest_route=\/wp\/v2\/types\/page"}],"author":[{"embeddable":true,"href":"https:\/\/f9project.com\/index.php?rest_route=\/wp\/v2\/users\/1"}],"replies":[{"embeddable":true,"href":"https:\/\/f9project.com\/index.php?rest_route=%2Fwp%2Fv2%2Fcomments&post=933"}],"version-history":[{"count":3,"href":"https:\/\/f9project.com\/index.php?rest_route=\/wp\/v2\/pages\/933\/revisions"}],"predecessor-version":[{"id":962,"href":"https:\/\/f9project.com\/index.php?rest_route=\/wp\/v2\/pages\/933\/revisions\/962"}],"wp:attachment":[{"href":"https:\/\/f9project.com\/index.php?rest_route=%2Fwp%2Fv2%2Fmedia&parent=933"}],"curies":[{"name":"wp","href":"https:\/\/api.w.org\/{rel}","templated":true}]}}