{"id":909,"date":"2017-11-02T22:16:50","date_gmt":"2017-11-02T20:16:50","guid":{"rendered":"http:\/\/f9project.com\/?page_id=909"},"modified":"2017-11-02T22:25:56","modified_gmt":"2017-11-02T20:25:56","slug":"nd-filtreler-yurt-ici-rize","status":"publish","type":"page","link":"https:\/\/f9project.com\/?page_id=909","title":{"rendered":"ND Filtreler \u2013 Yurt i\u00e7i \u2013 Rize"},"content":{"rendered":"\t\t<div data-elementor-type=\"wp-page\" data-elementor-id=\"909\" class=\"elementor elementor-909 elementor-bc-flex-widget\">\n\t\t\t\t\t\t<section class=\"elementor-section elementor-top-section elementor-element elementor-element-ynqcj8x elementor-section-boxed elementor-section-height-default elementor-section-height-default\" data-id=\"ynqcj8x\" data-element_type=\"section\">\n\t\t\t\t\t\t<div class=\"elementor-container elementor-column-gap-default\">\n\t\t\t\t\t<div class=\"elementor-column elementor-col-100 elementor-top-column elementor-element elementor-element-t1t8x8y\" data-id=\"t1t8x8y\" data-element_type=\"column\">\n\t\t\t<div class=\"elementor-widget-wrap elementor-element-populated\">\n\t\t\t\t\t\t<div class=\"elementor-element elementor-element-0dk6ged elementor-widget elementor-widget-wp-widget-metaslider_widget\" data-id=\"0dk6ged\" data-element_type=\"widget\" data-widget_type=\"wp-widget-metaslider_widget.default\">\n\t\t\t\t<div class=\"elementor-widget-container\">\n\t\t\t<div id=\"metaslider-id-912\" style=\"max-width: 900px; margin: 0 auto;\" class=\"ml-slider-3-70-2 metaslider metaslider-flex metaslider-912 ml-slider ms-theme-default\" role=\"region\" aria-roledescription=\"Slideshow\" aria-label=\"ND-yi-Rize\">\n    <div id=\"metaslider_container_912\">\n        <div id=\"metaslider_912\">\n            <ul aria-live=\"polite\" class=\"slides\">\n                <li style=\"display: block; width: 100%;\" class=\"slide-922 ms-image \" aria-roledescription=\"slide\" aria-label=\"slide-922\"><img fetchpriority=\"high\" decoding=\"async\" src=\"https:\/\/f9project.com\/wp-content\/uploads\/2017\/11\/01_Rize-900x600.jpg\" height=\"600\" width=\"900\" alt=\"Rize, Palovit \u015eelalesi, 2016, Neutral Density Filter\" class=\"slider-912 slide-922\" \/><div class=\"caption-wrap\"><div class=\"caption\">Rize, Palovit \u015eelalesi, 2016, Neutral Density Filter<\/div><\/div><\/li>\n                <li style=\"display: none; width: 100%;\" class=\"slide-930 ms-image \" aria-roledescription=\"slide\" aria-label=\"slide-930\"><img decoding=\"async\" src=\"https:\/\/f9project.com\/wp-content\/uploads\/2017\/11\/02_Rize-900x600.jpg\" height=\"600\" width=\"900\" alt=\"Rize, F\u0131rt\u0131na Deresi, 2016, Neutral Density Filter\" class=\"slider-912 slide-930\" \/><div class=\"caption-wrap\"><div class=\"caption\">Rize, F\u0131rt\u0131na Deresi, 2016, Neutral Density Filter<\/div><\/div><\/li>\n                <li style=\"display: none; width: 100%;\" class=\"slide-929 ms-image \" aria-roledescription=\"slide\" aria-label=\"slide-929\"><img decoding=\"async\" src=\"https:\/\/f9project.com\/wp-content\/uploads\/2017\/11\/03_Rize-900x600.jpg\" height=\"600\" width=\"900\" alt=\"Rize, F\u0131rt\u0131na Deresi, 2016, Neutral Density Filter\" class=\"slider-912 slide-929\" \/><div class=\"caption-wrap\"><div class=\"caption\">Rize, F\u0131rt\u0131na Deresi, 2016, Neutral Density Filter<\/div><\/div><\/li>\n                <li style=\"display: none; width: 100%;\" class=\"slide-928 ms-image \" aria-roledescription=\"slide\" aria-label=\"slide-928\"><img loading=\"lazy\" decoding=\"async\" src=\"https:\/\/f9project.com\/wp-content\/uploads\/2017\/11\/04_Rize-900x600.jpg\" height=\"600\" width=\"900\" alt=\"Rize, F\u0131rt\u0131na Deresi, 2016, Neutral Density Filter\" class=\"slider-912 slide-928\" \/><div class=\"caption-wrap\"><div class=\"caption\">Rize, F\u0131rt\u0131na Deresi, 2016, Neutral Density Filter<\/div><\/div><\/li>\n                <li style=\"display: none; width: 100%;\" class=\"slide-927 ms-image \" aria-roledescription=\"slide\" aria-label=\"slide-927\"><img loading=\"lazy\" decoding=\"async\" src=\"https:\/\/f9project.com\/wp-content\/uploads\/2017\/11\/05_Rize-900x600.jpg\" height=\"600\" width=\"900\" alt=\"Rize, Ayder Yaylas\u0131, Gelint\u00fcl\u00fc \u015eelalesi, 2016, Neutral Density,Filter\" class=\"slider-912 slide-927\" \/><div class=\"caption-wrap\"><div class=\"caption\">Rize, Ayder Yaylas\u0131, Gelint\u00fcl\u00fc \u015eelalesi, 2016, Neutral Density,Filter<\/div><\/div><\/li>\n                <li style=\"display: none; width: 100%;\" class=\"slide-926 ms-image \" aria-roledescription=\"slide\" aria-label=\"slide-926\"><img loading=\"lazy\" decoding=\"async\" src=\"https:\/\/f9project.com\/wp-content\/uploads\/2017\/11\/06_Rize-900x600.jpg\" height=\"600\" width=\"900\" alt=\"Rize, F\u0131rt\u0131na Deresi, 2016, Neutral Density Filter\" class=\"slider-912 slide-926\" \/><div class=\"caption-wrap\"><div class=\"caption\">Rize, F\u0131rt\u0131na Deresi, 2016, Neutral Density Filter<\/div><\/div><\/li>\n                <li style=\"display: none; width: 100%;\" class=\"slide-925 ms-image \" aria-roledescription=\"slide\" aria-label=\"slide-925\"><img loading=\"lazy\" decoding=\"async\" src=\"https:\/\/f9project.com\/wp-content\/uploads\/2017\/11\/07_Rize-900x600.jpg\" height=\"600\" width=\"900\" alt=\"Rize, Ayder Yaylas\u0131, 2016, Neutral Density Filter\" class=\"slider-912 slide-925\" \/><div class=\"caption-wrap\"><div class=\"caption\">Rize, Ayder Yaylas\u0131, 2016, Neutral Density Filter<\/div><\/div><\/li>\n                <li style=\"display: none; width: 100%;\" class=\"slide-924 ms-image \" aria-roledescription=\"slide\" aria-label=\"slide-924\"><img loading=\"lazy\" decoding=\"async\" src=\"https:\/\/f9project.com\/wp-content\/uploads\/2017\/11\/08_Rize-900x600.jpg\" height=\"600\" width=\"900\" alt=\"Rize, F\u0131rt\u0131na Deresi, 2016, Neutral Density Filter\" class=\"slider-912 slide-924\" \/><div class=\"caption-wrap\"><div class=\"caption\">Rize, F\u0131rt\u0131na Deresi, 2016, Neutral Density Filter<\/div><\/div><\/li>\n                <li style=\"display: none; width: 100%;\" class=\"slide-923 ms-image \" aria-roledescription=\"slide\" aria-label=\"slide-923\"><img loading=\"lazy\" decoding=\"async\" src=\"https:\/\/f9project.com\/wp-content\/uploads\/2017\/11\/09_Rize-900x600.jpg\" height=\"600\" width=\"900\" alt=\"Rize, F\u0131rt\u0131na Deresi, 2016, Neutral Density Filter\" class=\"slider-912 slide-923\" \/><div class=\"caption-wrap\"><div class=\"caption\">Rize, F\u0131rt\u0131na Deresi, 2016, Neutral Density Filter<\/div><\/div><\/li>\n            <\/ul>\n        <\/div>\n        \n    <\/div>\n<\/div>\t\t<\/div>\n\t\t\t\t<\/div>\n\t\t\t\t\t<\/div>\n\t\t<\/div>\n\t\t\t\t\t<\/div>\n\t\t<\/section>\n\t\t\t\t<section class=\"elementor-section elementor-top-section elementor-element elementor-element-gt62b2u elementor-section-boxed elementor-section-height-default elementor-section-height-default\" data-id=\"gt62b2u\" data-element_type=\"section\">\n\t\t\t\t\t\t<div class=\"elementor-container elementor-column-gap-default\">\n\t\t\t\t\t<div class=\"elementor-column elementor-col-100 elementor-top-column elementor-element elementor-element-fe0zlli\" data-id=\"fe0zlli\" data-element_type=\"column\">\n\t\t\t<div class=\"elementor-widget-wrap elementor-element-populated\">\n\t\t\t\t\t\t<div class=\"elementor-element elementor-element-0hif0cf elementor-align-center elementor-widget elementor-widget-button\" data-id=\"0hif0cf\" data-element_type=\"widget\" data-widget_type=\"button.default\">\n\t\t\t\t<div class=\"elementor-widget-container\">\n\t\t\t\t\t<div class=\"elementor-button-wrapper\">\n\t\t\t<a class=\"elementor-button elementor-button-link elementor-size-sm\" href=\"http:\/\/f9project.com\/?page_id=166\">\n\t\t\t\t\t\t<span class=\"elementor-button-content-wrapper\">\n\t\t\t\t\t\t<span class=\"elementor-button-icon elementor-align-icon-left\">\n\t\t\t\t\t\t\t\t\t<i class=\"fa fa-arrow-circle-left\" aria-hidden=\"true\"><\/i>\n\t\t\t\t\t\t\t<\/span>\n\t\t\t\t\t\t\t\t\t<span class=\"elementor-button-text\">\"ND Filtreler - Yurt i\u00e7i\" sayfas\u0131na geri d\u00f6n...<\/span>\n\t\t\t\t\t<\/span>\n\t\t\t\t\t<\/a>\n\t\t<\/div>\n\t\t\t\t<\/div>\n\t\t\t\t<\/div>\n\t\t\t\t\t<\/div>\n\t\t<\/div>\n\t\t\t\t\t<\/div>\n\t\t<\/section>\n\t\t\t\t<\/div>\n\t\t ","protected":false},"excerpt":{"rendered":"<p>&#8220;ND Filtreler &#8211; Yurt i\u00e7i&#8221; sayfas\u0131na geri d\u00f6n&#8230;<\/p>\n","protected":false},"author":1,"featured_media":0,"parent":0,"menu_order":0,"comment_status":"open","ping_status":"closed","template":"page-templates\/page_fullwidth.php","meta":{"footnotes":""},"_links":{"self":[{"href":"https:\/\/f9project.com\/index.php?rest_route=\/wp\/v2\/pages\/909"}],"collection":[{"href":"https:\/\/f9project.com\/index.php?rest_route=\/wp\/v2\/pages"}],"about":[{"href":"https:\/\/f9project.com\/index.php?rest_route=\/wp\/v2\/types\/page"}],"author":[{"embeddable":true,"href":"https:\/\/f9project.com\/index.php?rest_route=\/wp\/v2\/users\/1"}],"replies":[{"embeddable":true,"href":"https:\/\/f9project.com\/index.php?rest_route=%2Fwp%2Fv2%2Fcomments&post=909"}],"version-history":[{"count":3,"href":"https:\/\/f9project.com\/index.php?rest_route=\/wp\/v2\/pages\/909\/revisions"}],"predecessor-version":[{"id":932,"href":"https:\/\/f9project.com\/index.php?rest_route=\/wp\/v2\/pages\/909\/revisions\/932"}],"wp:attachment":[{"href":"https:\/\/f9project.com\/index.php?rest_route=%2Fwp%2Fv2%2Fmedia&parent=909"}],"curies":[{"name":"wp","href":"https:\/\/api.w.org\/{rel}","templated":true}]}}