{"id":654,"date":"2017-10-31T21:23:15","date_gmt":"2017-10-31T19:23:15","guid":{"rendered":"http:\/\/f9project.com\/?page_id=654"},"modified":"2017-10-31T21:32:38","modified_gmt":"2017-10-31T19:32:38","slug":"nd-filtreler-yurt-ici-bursa","status":"publish","type":"page","link":"https:\/\/f9project.com\/?page_id=654","title":{"rendered":"ND Filtreler \u2013 Yurt i\u00e7i \u2013 Bursa"},"content":{"rendered":"\t\t<div data-elementor-type=\"wp-page\" data-elementor-id=\"654\" class=\"elementor elementor-654 elementor-bc-flex-widget\">\n\t\t\t\t\t\t<section class=\"elementor-section elementor-top-section elementor-element elementor-element-nxi4vfx elementor-section-boxed elementor-section-height-default elementor-section-height-default\" data-id=\"nxi4vfx\" data-element_type=\"section\">\n\t\t\t\t\t\t<div class=\"elementor-container elementor-column-gap-default\">\n\t\t\t\t\t<div class=\"elementor-column elementor-col-100 elementor-top-column elementor-element elementor-element-ygs0303\" data-id=\"ygs0303\" data-element_type=\"column\">\n\t\t\t<div class=\"elementor-widget-wrap elementor-element-populated\">\n\t\t\t\t\t\t<div class=\"elementor-element elementor-element-z60zg8d elementor-widget elementor-widget-wp-widget-metaslider_widget\" data-id=\"z60zg8d\" data-element_type=\"widget\" data-widget_type=\"wp-widget-metaslider_widget.default\">\n\t\t\t\t<div class=\"elementor-widget-container\">\n\t\t\t<div id=\"metaslider-id-657\" style=\"max-width: 900px; margin: 0 auto;\" class=\"ml-slider-3-70-2 metaslider metaslider-flex metaslider-657 ml-slider ms-theme-default\" role=\"region\" aria-roledescription=\"Slideshow\" aria-label=\"ND-yi-Bursa\">\n    <div id=\"metaslider_container_657\">\n        <div id=\"metaslider_657\">\n            <ul aria-live=\"polite\" class=\"slides\">\n                <li style=\"display: block; width: 100%;\" class=\"slide-664 ms-image \" aria-roledescription=\"slide\" aria-label=\"slide-664\"><img fetchpriority=\"high\" decoding=\"async\" src=\"https:\/\/f9project.com\/wp-content\/uploads\/2017\/10\/01_Bursa-900x600.jpg\" height=\"600\" width=\"900\" alt=\"Bursa, Suu\u00e7tu \u015eelalesi, 2015, Neutral Density Filter\" class=\"slider-657 slide-664\" \/><div class=\"caption-wrap\"><div class=\"caption\">Bursa, Suu\u00e7tu \u015eelalesi, 2015, Neutral Density Filter<\/div><\/div><\/li>\n                <li style=\"display: none; width: 100%;\" class=\"slide-669 ms-image \" aria-roledescription=\"slide\" aria-label=\"slide-669\"><img decoding=\"async\" src=\"https:\/\/f9project.com\/wp-content\/uploads\/2017\/10\/02_Bursa-900x600.jpg\" height=\"600\" width=\"900\" alt=\"Bursa, G\u00f6lyaz\u0131, 2015, Neutral Density Filter\" class=\"slider-657 slide-669\" \/><div class=\"caption-wrap\"><div class=\"caption\">Bursa, G\u00f6lyaz\u0131, 2015, Neutral Density Filter<\/div><\/div><\/li>\n                <li style=\"display: none; width: 100%;\" class=\"slide-668 ms-image \" aria-roledescription=\"slide\" aria-label=\"slide-668\"><img decoding=\"async\" src=\"https:\/\/f9project.com\/wp-content\/uploads\/2017\/10\/03_Bursa-900x600.jpg\" height=\"600\" width=\"900\" alt=\"Bursa, G\u00f6lyaz\u0131, 2015, Neutral Density Filter\" class=\"slider-657 slide-668\" \/><div class=\"caption-wrap\"><div class=\"caption\">Bursa, G\u00f6lyaz\u0131, 2015, Neutral Density Filter<\/div><\/div><\/li>\n                <li style=\"display: none; width: 100%;\" class=\"slide-667 ms-image \" aria-roledescription=\"slide\" aria-label=\"slide-667\"><img loading=\"lazy\" decoding=\"async\" src=\"https:\/\/f9project.com\/wp-content\/uploads\/2017\/10\/04__Bursa-900x600.jpg\" height=\"600\" width=\"900\" alt=\"Bursa, G\u00f6lyaz\u0131, 2015, Neutral Density Filter\" class=\"slider-657 slide-667\" \/><div class=\"caption-wrap\"><div class=\"caption\">Bursa, G\u00f6lyaz\u0131, 2015, Neutral Density Filter<\/div><\/div><\/li>\n                <li style=\"display: none; width: 100%;\" class=\"slide-666 ms-image \" aria-roledescription=\"slide\" aria-label=\"slide-666\"><img loading=\"lazy\" decoding=\"async\" src=\"https:\/\/f9project.com\/wp-content\/uploads\/2017\/10\/05_Bursa-900x600.jpg\" height=\"600\" width=\"900\" alt=\"Bursa Uluabat, 2016, Neutral Density Filter\" class=\"slider-657 slide-666\" \/><div class=\"caption-wrap\"><div class=\"caption\">Bursa Uluabat, 2016, Neutral Density Filter<\/div><\/div><\/li>\n                <li style=\"display: none; width: 100%;\" class=\"slide-665 ms-image \" aria-roledescription=\"slide\" aria-label=\"slide-665\"><img loading=\"lazy\" decoding=\"async\" src=\"https:\/\/f9project.com\/wp-content\/uploads\/2017\/10\/06_Bursa-900x600.jpg\" height=\"600\" width=\"900\" alt=\"Bursa Uluabat, 2016, Neutral Density Filter\" class=\"slider-657 slide-665\" \/><div class=\"caption-wrap\"><div class=\"caption\">Bursa Uluabat, 2016, Neutral Density Filter<\/div><\/div><\/li>\n            <\/ul>\n        <\/div>\n        \n    <\/div>\n<\/div>\t\t<\/div>\n\t\t\t\t<\/div>\n\t\t\t\t\t<\/div>\n\t\t<\/div>\n\t\t\t\t\t<\/div>\n\t\t<\/section>\n\t\t\t\t<section class=\"elementor-section elementor-top-section elementor-element elementor-element-dq4li8y elementor-section-boxed elementor-section-height-default elementor-section-height-default\" data-id=\"dq4li8y\" data-element_type=\"section\">\n\t\t\t\t\t\t<div class=\"elementor-container elementor-column-gap-default\">\n\t\t\t\t\t<div class=\"elementor-column elementor-col-100 elementor-top-column elementor-element elementor-element-6v4o7gc\" data-id=\"6v4o7gc\" data-element_type=\"column\">\n\t\t\t<div class=\"elementor-widget-wrap elementor-element-populated\">\n\t\t\t\t\t\t<div class=\"elementor-element elementor-element-h2kd8pk elementor-align-center elementor-widget elementor-widget-button\" data-id=\"h2kd8pk\" data-element_type=\"widget\" data-widget_type=\"button.default\">\n\t\t\t\t<div class=\"elementor-widget-container\">\n\t\t\t\t\t<div class=\"elementor-button-wrapper\">\n\t\t\t<a class=\"elementor-button elementor-button-link elementor-size-sm\" href=\"http:\/\/f9project.com\/?page_id=166\">\n\t\t\t\t\t\t<span class=\"elementor-button-content-wrapper\">\n\t\t\t\t\t\t<span class=\"elementor-button-icon elementor-align-icon-left\">\n\t\t\t\t\t\t\t\t\t<i class=\"fa fa-arrow-circle-left\" aria-hidden=\"true\"><\/i>\n\t\t\t\t\t\t\t<\/span>\n\t\t\t\t\t\t\t\t\t<span class=\"elementor-button-text\">\"ND Filtreler - Yurt i\u00e7i\" sayfas\u0131na geri d\u00f6n...<\/span>\n\t\t\t\t\t<\/span>\n\t\t\t\t\t<\/a>\n\t\t<\/div>\n\t\t\t\t<\/div>\n\t\t\t\t<\/div>\n\t\t\t\t\t<\/div>\n\t\t<\/div>\n\t\t\t\t\t<\/div>\n\t\t<\/section>\n\t\t\t\t<\/div>\n\t\t ","protected":false},"excerpt":{"rendered":"<p>&#8220;ND Filtreler &#8211; Yurt i\u00e7i&#8221; sayfas\u0131na geri d\u00f6n&#8230;<\/p>\n","protected":false},"author":1,"featured_media":0,"parent":0,"menu_order":0,"comment_status":"open","ping_status":"closed","template":"page-templates\/page_fullwidth.php","meta":{"footnotes":""},"_links":{"self":[{"href":"https:\/\/f9project.com\/index.php?rest_route=\/wp\/v2\/pages\/654"}],"collection":[{"href":"https:\/\/f9project.com\/index.php?rest_route=\/wp\/v2\/pages"}],"about":[{"href":"https:\/\/f9project.com\/index.php?rest_route=\/wp\/v2\/types\/page"}],"author":[{"embeddable":true,"href":"https:\/\/f9project.com\/index.php?rest_route=\/wp\/v2\/users\/1"}],"replies":[{"embeddable":true,"href":"https:\/\/f9project.com\/index.php?rest_route=%2Fwp%2Fv2%2Fcomments&post=654"}],"version-history":[{"count":6,"href":"https:\/\/f9project.com\/index.php?rest_route=\/wp\/v2\/pages\/654\/revisions"}],"predecessor-version":[{"id":674,"href":"https:\/\/f9project.com\/index.php?rest_route=\/wp\/v2\/pages\/654\/revisions\/674"}],"wp:attachment":[{"href":"https:\/\/f9project.com\/index.php?rest_route=%2Fwp%2Fv2%2Fmedia&parent=654"}],"curies":[{"name":"wp","href":"https:\/\/api.w.org\/{rel}","templated":true}]}}