{"id":628,"date":"2017-10-31T21:08:38","date_gmt":"2017-10-31T19:08:38","guid":{"rendered":"http:\/\/f9project.com\/?page_id=628"},"modified":"2017-10-31T21:15:31","modified_gmt":"2017-10-31T19:15:31","slug":"nd-filtreler-yurt-ici-bilecik","status":"publish","type":"page","link":"https:\/\/f9project.com\/?page_id=628","title":{"rendered":"ND Filtreler \u2013 Yurt i\u00e7i \u2013 Bilecik"},"content":{"rendered":"\t\t<div data-elementor-type=\"wp-page\" data-elementor-id=\"628\" class=\"elementor elementor-628 elementor-bc-flex-widget\">\n\t\t\t\t\t\t<section class=\"elementor-section elementor-top-section elementor-element elementor-element-k2fzuwz elementor-section-boxed elementor-section-height-default elementor-section-height-default\" data-id=\"k2fzuwz\" data-element_type=\"section\">\n\t\t\t\t\t\t<div class=\"elementor-container elementor-column-gap-default\">\n\t\t\t\t\t<div class=\"elementor-column elementor-col-100 elementor-top-column elementor-element elementor-element-umx7y50\" data-id=\"umx7y50\" data-element_type=\"column\">\n\t\t\t<div class=\"elementor-widget-wrap elementor-element-populated\">\n\t\t\t\t\t\t<div class=\"elementor-element elementor-element-ksmfjeu elementor-widget elementor-widget-wp-widget-metaslider_widget\" data-id=\"ksmfjeu\" data-element_type=\"widget\" data-widget_type=\"wp-widget-metaslider_widget.default\">\n\t\t\t\t<div class=\"elementor-widget-container\">\n\t\t\t<div id=\"metaslider-id-631\" style=\"max-width: 900px; margin: 0 auto;\" class=\"ml-slider-3-70-2 metaslider metaslider-flex metaslider-631 ml-slider ms-theme-default\" role=\"region\" aria-roledescription=\"Slideshow\" aria-label=\"ND-yi-Bilecik\">\n    <div id=\"metaslider_container_631\">\n        <div id=\"metaslider_631\">\n            <ul aria-live=\"polite\" class=\"slides\">\n                <li style=\"display: block; width: 100%;\" class=\"slide-641 ms-image \" aria-roledescription=\"slide\" aria-label=\"slide-641\"><img fetchpriority=\"high\" decoding=\"async\" src=\"https:\/\/f9project.com\/wp-content\/uploads\/2017\/10\/01_Bilecik-900x600.jpg\" height=\"600\" width=\"900\" alt=\"Bilecik Hamsu Vadisi, 2013, Neutral Density Filter\" class=\"slider-631 slide-641\" \/><div class=\"caption-wrap\"><div class=\"caption\">Bilecik Hamsu Vadisi, 2013, Neutral Density Filter<\/div><\/div><\/li>\n                <li style=\"display: none; width: 100%;\" class=\"slide-640 ms-image \" aria-roledescription=\"slide\" aria-label=\"slide-640\"><img decoding=\"async\" src=\"https:\/\/f9project.com\/wp-content\/uploads\/2017\/10\/02_Bilecik-900x600.jpg\" height=\"600\" width=\"900\" alt=\"Bilecik Hamsu Vadisi, 2013, Neutral Density Filter\" class=\"slider-631 slide-640\" \/><div class=\"caption-wrap\"><div class=\"caption\">Bilecik Hamsu Vadisi, 2013, Neutral Density Filter<\/div><\/div><\/li>\n                <li style=\"display: none; width: 100%;\" class=\"slide-639 ms-image \" aria-roledescription=\"slide\" aria-label=\"slide-639\"><img decoding=\"async\" src=\"https:\/\/f9project.com\/wp-content\/uploads\/2017\/10\/03_Bilecik-900x600.jpg\" height=\"600\" width=\"900\" alt=\"Bilecik Pelit\u00f6z\u00fc G\u00f6leti, 2013, Neutral Density Filter\" class=\"slider-631 slide-639\" \/><div class=\"caption-wrap\"><div class=\"caption\">Bilecik Pelit\u00f6z\u00fc G\u00f6leti, 2013, Neutral Density Filter<\/div><\/div><\/li>\n                <li style=\"display: none; width: 100%;\" class=\"slide-638 ms-image \" aria-roledescription=\"slide\" aria-label=\"slide-638\"><img loading=\"lazy\" decoding=\"async\" src=\"https:\/\/f9project.com\/wp-content\/uploads\/2017\/10\/04_Bilecik-900x600.jpg\" height=\"600\" width=\"900\" alt=\"Bilecik Pelit\u00f6z\u00fc G\u00f6leti, 2013, Neutral Density Filter\" class=\"slider-631 slide-638\" \/><div class=\"caption-wrap\"><div class=\"caption\">Bilecik Pelit\u00f6z\u00fc G\u00f6leti, 2013, Neutral Density Filter<\/div><\/div><\/li>\n                <li style=\"display: none; width: 100%;\" class=\"slide-637 ms-image \" aria-roledescription=\"slide\" aria-label=\"slide-637\"><img loading=\"lazy\" decoding=\"async\" src=\"https:\/\/f9project.com\/wp-content\/uploads\/2017\/10\/05_Bilecik-900x600.jpg\" height=\"600\" width=\"900\" alt=\"Bilecik Pelit\u00f6z\u00fc G\u00f6leti, 2013, Neutral Density Filter\" class=\"slider-631 slide-637\" \/><div class=\"caption-wrap\"><div class=\"caption\">Bilecik Pelit\u00f6z\u00fc G\u00f6leti, 2013, Neutral Density Filter<\/div><\/div><\/li>\n            <\/ul>\n        <\/div>\n        \n    <\/div>\n<\/div>\t\t<\/div>\n\t\t\t\t<\/div>\n\t\t\t\t\t<\/div>\n\t\t<\/div>\n\t\t\t\t\t<\/div>\n\t\t<\/section>\n\t\t\t\t<section class=\"elementor-section elementor-top-section elementor-element elementor-element-ztkdjwo elementor-section-boxed elementor-section-height-default elementor-section-height-default\" data-id=\"ztkdjwo\" data-element_type=\"section\">\n\t\t\t\t\t\t<div class=\"elementor-container elementor-column-gap-default\">\n\t\t\t\t\t<div class=\"elementor-column elementor-col-100 elementor-top-column elementor-element elementor-element-as555t2\" data-id=\"as555t2\" data-element_type=\"column\">\n\t\t\t<div class=\"elementor-widget-wrap elementor-element-populated\">\n\t\t\t\t\t\t<div class=\"elementor-element elementor-element-dybsuh5 elementor-align-center elementor-widget elementor-widget-button\" data-id=\"dybsuh5\" data-element_type=\"widget\" data-widget_type=\"button.default\">\n\t\t\t\t<div class=\"elementor-widget-container\">\n\t\t\t\t\t<div class=\"elementor-button-wrapper\">\n\t\t\t<a class=\"elementor-button elementor-button-link elementor-size-sm\" href=\"http:\/\/f9project.com\/?page_id=166\">\n\t\t\t\t\t\t<span class=\"elementor-button-content-wrapper\">\n\t\t\t\t\t\t<span class=\"elementor-button-icon elementor-align-icon-left\">\n\t\t\t\t\t\t\t\t\t<i class=\"fa fa-arrow-circle-left\" aria-hidden=\"true\"><\/i>\n\t\t\t\t\t\t\t<\/span>\n\t\t\t\t\t\t\t\t\t<span class=\"elementor-button-text\">\"ND Filtreler - Yurt i\u00e7i\" sayfas\u0131na geri d\u00f6n...<\/span>\n\t\t\t\t\t<\/span>\n\t\t\t\t\t<\/a>\n\t\t<\/div>\n\t\t\t\t<\/div>\n\t\t\t\t<\/div>\n\t\t\t\t\t<\/div>\n\t\t<\/div>\n\t\t\t\t\t<\/div>\n\t\t<\/section>\n\t\t\t\t<\/div>\n\t\t ","protected":false},"excerpt":{"rendered":"<p>&#8220;ND Filtreler &#8211; Yurt i\u00e7i&#8221; sayfas\u0131na geri d\u00f6n&#8230;<\/p>\n","protected":false},"author":1,"featured_media":0,"parent":0,"menu_order":0,"comment_status":"open","ping_status":"closed","template":"page-templates\/page_fullwidth.php","meta":{"footnotes":""},"_links":{"self":[{"href":"https:\/\/f9project.com\/index.php?rest_route=\/wp\/v2\/pages\/628"}],"collection":[{"href":"https:\/\/f9project.com\/index.php?rest_route=\/wp\/v2\/pages"}],"about":[{"href":"https:\/\/f9project.com\/index.php?rest_route=\/wp\/v2\/types\/page"}],"author":[{"embeddable":true,"href":"https:\/\/f9project.com\/index.php?rest_route=\/wp\/v2\/users\/1"}],"replies":[{"embeddable":true,"href":"https:\/\/f9project.com\/index.php?rest_route=%2Fwp%2Fv2%2Fcomments&post=628"}],"version-history":[{"count":2,"href":"https:\/\/f9project.com\/index.php?rest_route=\/wp\/v2\/pages\/628\/revisions"}],"predecessor-version":[{"id":642,"href":"https:\/\/f9project.com\/index.php?rest_route=\/wp\/v2\/pages\/628\/revisions\/642"}],"wp:attachment":[{"href":"https:\/\/f9project.com\/index.php?rest_route=%2Fwp%2Fv2%2Fmedia&parent=628"}],"curies":[{"name":"wp","href":"https:\/\/api.w.org\/{rel}","templated":true}]}}