{"id":617,"date":"2017-10-31T21:01:47","date_gmt":"2017-10-31T19:01:47","guid":{"rendered":"http:\/\/f9project.com\/?page_id=617"},"modified":"2017-10-31T21:07:12","modified_gmt":"2017-10-31T19:07:12","slug":"nd-filtreler-yurt-ici-batman","status":"publish","type":"page","link":"https:\/\/f9project.com\/?page_id=617","title":{"rendered":"ND Filtreler \u2013 Yurt i\u00e7i \u2013 Batman"},"content":{"rendered":"\t\t<div data-elementor-type=\"wp-page\" data-elementor-id=\"617\" class=\"elementor elementor-617 elementor-bc-flex-widget\">\n\t\t\t\t\t\t<section class=\"elementor-section elementor-top-section elementor-element elementor-element-xxflxva elementor-section-boxed elementor-section-height-default elementor-section-height-default\" data-id=\"xxflxva\" data-element_type=\"section\">\n\t\t\t\t\t\t<div class=\"elementor-container elementor-column-gap-default\">\n\t\t\t\t\t<div class=\"elementor-column elementor-col-100 elementor-top-column elementor-element elementor-element-c3bjtnr\" data-id=\"c3bjtnr\" data-element_type=\"column\">\n\t\t\t<div class=\"elementor-widget-wrap elementor-element-populated\">\n\t\t\t\t\t\t<div class=\"elementor-element elementor-element-xwa289q elementor-widget elementor-widget-wp-widget-metaslider_widget\" data-id=\"xwa289q\" data-element_type=\"widget\" data-widget_type=\"wp-widget-metaslider_widget.default\">\n\t\t\t\t<div class=\"elementor-widget-container\">\n\t\t\t<div id=\"metaslider-id-620\" style=\"max-width: 900px; margin: 0 auto;\" class=\"ml-slider-3-70-2 metaslider metaslider-flex metaslider-620 ml-slider ms-theme-default\" role=\"region\" aria-roledescription=\"Slideshow\" aria-label=\"ND-yi-Batman\">\n    <div id=\"metaslider_container_620\">\n        <div id=\"metaslider_620\">\n            <ul aria-live=\"polite\" class=\"slides\">\n                <li style=\"display: block; width: 100%;\" class=\"slide-624 ms-image \" aria-roledescription=\"slide\" aria-label=\"slide-624\"><img fetchpriority=\"high\" decoding=\"async\" src=\"https:\/\/f9project.com\/wp-content\/uploads\/2017\/10\/01_Batman-900x600.jpg\" height=\"600\" width=\"900\" alt=\"Batman, 2017, Neutral Density Filter\" class=\"slider-620 slide-624\" \/><div class=\"caption-wrap\"><div class=\"caption\">Batman, 2017, Neutral Density Filter<\/div><\/div><\/li>\n                <li style=\"display: none; width: 100%;\" class=\"slide-625 ms-image \" aria-roledescription=\"slide\" aria-label=\"slide-625\"><img decoding=\"async\" src=\"https:\/\/f9project.com\/wp-content\/uploads\/2017\/10\/02_Batman-900x600.jpg\" height=\"600\" width=\"900\" alt=\"Batman, 2017, Neutral Density Filter\" class=\"slider-620 slide-625\" \/><div class=\"caption-wrap\"><div class=\"caption\">Batman, 2017, Neutral Density Filter<\/div><\/div><\/li>\n                <li style=\"display: none; width: 100%;\" class=\"slide-626 ms-image \" aria-roledescription=\"slide\" aria-label=\"slide-626\"><img decoding=\"async\" src=\"https:\/\/f9project.com\/wp-content\/uploads\/2017\/10\/03_Batman-900x600.jpg\" height=\"600\" width=\"900\" alt=\"Batman, 2017, Neutral Density Filter\" class=\"slider-620 slide-626\" \/><div class=\"caption-wrap\"><div class=\"caption\">Batman, 2017, Neutral Density Filter<\/div><\/div><\/li>\n            <\/ul>\n        <\/div>\n        \n    <\/div>\n<\/div>\t\t<\/div>\n\t\t\t\t<\/div>\n\t\t\t\t\t<\/div>\n\t\t<\/div>\n\t\t\t\t\t<\/div>\n\t\t<\/section>\n\t\t\t\t<section class=\"elementor-section elementor-top-section elementor-element elementor-element-4r36w0a elementor-section-boxed elementor-section-height-default elementor-section-height-default\" data-id=\"4r36w0a\" data-element_type=\"section\">\n\t\t\t\t\t\t<div class=\"elementor-container elementor-column-gap-default\">\n\t\t\t\t\t<div class=\"elementor-column elementor-col-100 elementor-top-column elementor-element elementor-element-trj0p9x\" data-id=\"trj0p9x\" data-element_type=\"column\">\n\t\t\t<div class=\"elementor-widget-wrap elementor-element-populated\">\n\t\t\t\t\t\t<div class=\"elementor-element elementor-element-mshpird elementor-align-center elementor-widget elementor-widget-button\" data-id=\"mshpird\" data-element_type=\"widget\" data-widget_type=\"button.default\">\n\t\t\t\t<div class=\"elementor-widget-container\">\n\t\t\t\t\t<div class=\"elementor-button-wrapper\">\n\t\t\t<a class=\"elementor-button elementor-button-link elementor-size-sm\" href=\"http:\/\/f9project.com\/?page_id=166\">\n\t\t\t\t\t\t<span class=\"elementor-button-content-wrapper\">\n\t\t\t\t\t\t<span class=\"elementor-button-icon elementor-align-icon-left\">\n\t\t\t\t\t\t\t\t\t<i class=\"fa fa-arrow-circle-left\" aria-hidden=\"true\"><\/i>\n\t\t\t\t\t\t\t<\/span>\n\t\t\t\t\t\t\t\t\t<span class=\"elementor-button-text\">\"ND Filtreler - Yurt i\u00e7i\" sayfas\u0131na geri d\u00f6n...<\/span>\n\t\t\t\t\t<\/span>\n\t\t\t\t\t<\/a>\n\t\t<\/div>\n\t\t\t\t<\/div>\n\t\t\t\t<\/div>\n\t\t\t\t\t<\/div>\n\t\t<\/div>\n\t\t\t\t\t<\/div>\n\t\t<\/section>\n\t\t\t\t<\/div>\n\t\t ","protected":false},"excerpt":{"rendered":"<p>&#8220;ND Filtreler &#8211; Yurt i\u00e7i&#8221; sayfas\u0131na geri d\u00f6n&#8230;<\/p>\n","protected":false},"author":1,"featured_media":0,"parent":0,"menu_order":0,"comment_status":"open","ping_status":"closed","template":"page-templates\/page_fullwidth.php","meta":{"footnotes":""},"_links":{"self":[{"href":"https:\/\/f9project.com\/index.php?rest_route=\/wp\/v2\/pages\/617"}],"collection":[{"href":"https:\/\/f9project.com\/index.php?rest_route=\/wp\/v2\/pages"}],"about":[{"href":"https:\/\/f9project.com\/index.php?rest_route=\/wp\/v2\/types\/page"}],"author":[{"embeddable":true,"href":"https:\/\/f9project.com\/index.php?rest_route=\/wp\/v2\/users\/1"}],"replies":[{"embeddable":true,"href":"https:\/\/f9project.com\/index.php?rest_route=%2Fwp%2Fv2%2Fcomments&post=617"}],"version-history":[{"count":2,"href":"https:\/\/f9project.com\/index.php?rest_route=\/wp\/v2\/pages\/617\/revisions"}],"predecessor-version":[{"id":627,"href":"https:\/\/f9project.com\/index.php?rest_route=\/wp\/v2\/pages\/617\/revisions\/627"}],"wp:attachment":[{"href":"https:\/\/f9project.com\/index.php?rest_route=%2Fwp%2Fv2%2Fmedia&parent=617"}],"curies":[{"name":"wp","href":"https:\/\/api.w.org\/{rel}","templated":true}]}}