{"id":587,"date":"2017-10-30T22:00:09","date_gmt":"2017-10-30T20:00:09","guid":{"rendered":"http:\/\/f9project.com\/?page_id=587"},"modified":"2017-10-30T22:10:27","modified_gmt":"2017-10-30T20:10:27","slug":"nd-filtreler-yurt-ici-balikesir","status":"publish","type":"page","link":"https:\/\/f9project.com\/?page_id=587","title":{"rendered":"ND Filtreler \u2013 Yurt i\u00e7i \u2013 Bal\u0131kesir"},"content":{"rendered":"\t\t<div data-elementor-type=\"wp-page\" data-elementor-id=\"587\" class=\"elementor elementor-587 elementor-bc-flex-widget\">\n\t\t\t\t\t\t<section class=\"elementor-section elementor-top-section elementor-element elementor-element-d2zn9lx elementor-section-boxed elementor-section-height-default elementor-section-height-default\" data-id=\"d2zn9lx\" data-element_type=\"section\">\n\t\t\t\t\t\t<div class=\"elementor-container elementor-column-gap-default\">\n\t\t\t\t\t<div class=\"elementor-column elementor-col-100 elementor-top-column elementor-element elementor-element-4o9z7hv\" data-id=\"4o9z7hv\" data-element_type=\"column\">\n\t\t\t<div class=\"elementor-widget-wrap elementor-element-populated\">\n\t\t\t\t\t\t<div class=\"elementor-element elementor-element-jzmugdz elementor-widget elementor-widget-wp-widget-metaslider_widget\" data-id=\"jzmugdz\" data-element_type=\"widget\" data-widget_type=\"wp-widget-metaslider_widget.default\">\n\t\t\t\t<div class=\"elementor-widget-container\">\n\t\t\t<div id=\"metaslider-id-590\" style=\"max-width: 900px; margin: 0 auto;\" class=\"ml-slider-3-70-2 metaslider metaslider-flex metaslider-590 ml-slider ms-theme-default\" role=\"region\" aria-roledescription=\"Slideshow\" aria-label=\"ND-yi-Bal\u0131kesir\">\n    <div id=\"metaslider_container_590\">\n        <div id=\"metaslider_590\">\n            <ul aria-live=\"polite\" class=\"slides\">\n                <li style=\"display: block; width: 100%;\" class=\"slide-598 ms-image \" aria-roledescription=\"slide\" aria-label=\"slide-598\"><img fetchpriority=\"high\" decoding=\"async\" src=\"https:\/\/f9project.com\/wp-content\/uploads\/2017\/10\/01_Balikesir-900x600.jpg\" height=\"600\" width=\"900\" alt=\"Bal\u0131kesir, Ayval\u0131k, 2016, Neutral Density Filter\" class=\"slider-590 slide-598\" \/><div class=\"caption-wrap\"><div class=\"caption\">Bal\u0131kesir, Ayval\u0131k, 2016, Neutral Density Filter<\/div><\/div><\/li>\n                <li style=\"display: none; width: 100%;\" class=\"slide-604 ms-image \" aria-roledescription=\"slide\" aria-label=\"slide-604\"><img decoding=\"async\" src=\"https:\/\/f9project.com\/wp-content\/uploads\/2017\/10\/02_Balikesir-900x600.jpg\" height=\"600\" width=\"900\" alt=\"Bal\u0131kesir, Ayval\u0131k, 2016, Neutral Density Filter\" class=\"slider-590 slide-604\" \/><div class=\"caption-wrap\"><div class=\"caption\">Bal\u0131kesir, Ayval\u0131k, 2016, Neutral Density Filter<\/div><\/div><\/li>\n                <li style=\"display: none; width: 100%;\" class=\"slide-603 ms-image \" aria-roledescription=\"slide\" aria-label=\"slide-603\"><img decoding=\"async\" src=\"https:\/\/f9project.com\/wp-content\/uploads\/2017\/10\/03_Balikesir-900x600.jpg\" height=\"600\" width=\"900\" alt=\"Bal\u0131kesir, Ayval\u0131k, 2016, Neutral Density Filter\" class=\"slider-590 slide-603\" \/><div class=\"caption-wrap\"><div class=\"caption\">Bal\u0131kesir, Ayval\u0131k, 2016, Neutral Density Filter<\/div><\/div><\/li>\n                <li style=\"display: none; width: 100%;\" class=\"slide-602 ms-image \" aria-roledescription=\"slide\" aria-label=\"slide-602\"><img loading=\"lazy\" decoding=\"async\" src=\"https:\/\/f9project.com\/wp-content\/uploads\/2017\/10\/04_Balikesir-900x600.jpg\" height=\"600\" width=\"900\" alt=\"Bal\u0131kesir, Ayval\u0131k, 2016, Neutral Density Filter\" class=\"slider-590 slide-602\" \/><div class=\"caption-wrap\"><div class=\"caption\">Bal\u0131kesir, Ayval\u0131k, 2016, Neutral Density Filter<\/div><\/div><\/li>\n                <li style=\"display: none; width: 100%;\" class=\"slide-601 ms-image \" aria-roledescription=\"slide\" aria-label=\"slide-601\"><img loading=\"lazy\" decoding=\"async\" src=\"https:\/\/f9project.com\/wp-content\/uploads\/2017\/10\/05_Balikesir-900x600.jpg\" height=\"600\" width=\"900\" alt=\"Bal\u0131kesir, Ayval\u0131k, Cunda Adas\u0131, 2016, Neutral Density Filter\" class=\"slider-590 slide-601\" \/><div class=\"caption-wrap\"><div class=\"caption\">Bal\u0131kesir, Ayval\u0131k, Cunda Adas\u0131, 2016, Neutral Density Filter<\/div><\/div><\/li>\n                <li style=\"display: none; width: 100%;\" class=\"slide-600 ms-image \" aria-roledescription=\"slide\" aria-label=\"slide-600\"><img loading=\"lazy\" decoding=\"async\" src=\"https:\/\/f9project.com\/wp-content\/uploads\/2017\/10\/06_Balikesir-900x600.jpg\" height=\"600\" width=\"900\" alt=\"Bal\u0131kesir, Ayval\u0131k, 2016, Neutral Density Filter\" class=\"slider-590 slide-600\" \/><div class=\"caption-wrap\"><div class=\"caption\">Bal\u0131kesir, Ayval\u0131k, 2016, Neutral Density Filter<\/div><\/div><\/li>\n                <li style=\"display: none; width: 100%;\" class=\"slide-599 ms-image \" aria-roledescription=\"slide\" aria-label=\"slide-599\"><img loading=\"lazy\" decoding=\"async\" src=\"https:\/\/f9project.com\/wp-content\/uploads\/2017\/10\/07_Balikesir-900x600.jpg\" height=\"600\" width=\"900\" alt=\"Bal\u0131kesir, Ayval\u0131k, 2016, Neutral Density Filter\" class=\"slider-590 slide-599\" \/><div class=\"caption-wrap\"><div class=\"caption\">Bal\u0131kesir, Ayval\u0131k, 2016, Neutral Density Filter<\/div><\/div><\/li>\n            <\/ul>\n        <\/div>\n        \n    <\/div>\n<\/div>\t\t<\/div>\n\t\t\t\t<\/div>\n\t\t\t\t\t<\/div>\n\t\t<\/div>\n\t\t\t\t\t<\/div>\n\t\t<\/section>\n\t\t\t\t<section class=\"elementor-section elementor-top-section elementor-element elementor-element-pwi1xb7 elementor-section-boxed elementor-section-height-default elementor-section-height-default\" data-id=\"pwi1xb7\" data-element_type=\"section\">\n\t\t\t\t\t\t<div class=\"elementor-container elementor-column-gap-default\">\n\t\t\t\t\t<div class=\"elementor-column elementor-col-100 elementor-top-column elementor-element elementor-element-kacq9l7\" data-id=\"kacq9l7\" data-element_type=\"column\">\n\t\t\t<div class=\"elementor-widget-wrap elementor-element-populated\">\n\t\t\t\t\t\t<div class=\"elementor-element elementor-element-egg00dx elementor-align-center elementor-widget elementor-widget-button\" data-id=\"egg00dx\" data-element_type=\"widget\" data-widget_type=\"button.default\">\n\t\t\t\t<div class=\"elementor-widget-container\">\n\t\t\t\t\t<div class=\"elementor-button-wrapper\">\n\t\t\t<a class=\"elementor-button elementor-button-link elementor-size-sm\" href=\"http:\/\/f9project.com\/?page_id=166\">\n\t\t\t\t\t\t<span class=\"elementor-button-content-wrapper\">\n\t\t\t\t\t\t<span class=\"elementor-button-icon elementor-align-icon-left\">\n\t\t\t\t\t\t\t\t\t<i class=\"fa fa-arrow-circle-left\" aria-hidden=\"true\"><\/i>\n\t\t\t\t\t\t\t<\/span>\n\t\t\t\t\t\t\t\t\t<span class=\"elementor-button-text\">\"ND Filtreler - Yurt i\u00e7i\" sayfas\u0131na geri d\u00f6n...<\/span>\n\t\t\t\t\t<\/span>\n\t\t\t\t\t<\/a>\n\t\t<\/div>\n\t\t\t\t<\/div>\n\t\t\t\t<\/div>\n\t\t\t\t\t<\/div>\n\t\t<\/div>\n\t\t\t\t\t<\/div>\n\t\t<\/section>\n\t\t\t\t<\/div>\n\t\t ","protected":false},"excerpt":{"rendered":"<p>&#8220;ND Filtreler &#8211; Yurt i\u00e7i&#8221; sayfas\u0131na geri d\u00f6n&#8230;<\/p>\n","protected":false},"author":1,"featured_media":0,"parent":0,"menu_order":0,"comment_status":"open","ping_status":"closed","template":"page-templates\/page_fullwidth.php","meta":{"footnotes":""},"_links":{"self":[{"href":"https:\/\/f9project.com\/index.php?rest_route=\/wp\/v2\/pages\/587"}],"collection":[{"href":"https:\/\/f9project.com\/index.php?rest_route=\/wp\/v2\/pages"}],"about":[{"href":"https:\/\/f9project.com\/index.php?rest_route=\/wp\/v2\/types\/page"}],"author":[{"embeddable":true,"href":"https:\/\/f9project.com\/index.php?rest_route=\/wp\/v2\/users\/1"}],"replies":[{"embeddable":true,"href":"https:\/\/f9project.com\/index.php?rest_route=%2Fwp%2Fv2%2Fcomments&post=587"}],"version-history":[{"count":2,"href":"https:\/\/f9project.com\/index.php?rest_route=\/wp\/v2\/pages\/587\/revisions"}],"predecessor-version":[{"id":605,"href":"https:\/\/f9project.com\/index.php?rest_route=\/wp\/v2\/pages\/587\/revisions\/605"}],"wp:attachment":[{"href":"https:\/\/f9project.com\/index.php?rest_route=%2Fwp%2Fv2%2Fmedia&parent=587"}],"curies":[{"name":"wp","href":"https:\/\/api.w.org\/{rel}","templated":true}]}}