{"id":583,"date":"2017-10-30T21:55:00","date_gmt":"2017-10-30T19:55:00","guid":{"rendered":"http:\/\/f9project.com\/?page_id=583"},"modified":"2017-10-30T21:58:34","modified_gmt":"2017-10-30T19:58:34","slug":"nd-filtreler-yurt-ici-aydin","status":"publish","type":"page","link":"https:\/\/f9project.com\/?page_id=583","title":{"rendered":"ND Filtreler \u2013 Yurt i\u00e7i \u2013 Ayd\u0131n"},"content":{"rendered":"\t\t<div data-elementor-type=\"wp-page\" data-elementor-id=\"583\" class=\"elementor elementor-583 elementor-bc-flex-widget\">\n\t\t\t\t\t\t<section class=\"elementor-section elementor-top-section elementor-element elementor-element-3hanwlb elementor-section-boxed elementor-section-height-default elementor-section-height-default\" data-id=\"3hanwlb\" data-element_type=\"section\">\n\t\t\t\t\t\t<div class=\"elementor-container elementor-column-gap-default\">\n\t\t\t\t\t<div class=\"elementor-column elementor-col-100 elementor-top-column elementor-element elementor-element-v83kb1j\" data-id=\"v83kb1j\" data-element_type=\"column\">\n\t\t\t<div class=\"elementor-widget-wrap elementor-element-populated\">\n\t\t\t\t\t\t<div class=\"elementor-element elementor-element-u5ogymd elementor-widget elementor-widget-wp-widget-metaslider_widget\" data-id=\"u5ogymd\" data-element_type=\"widget\" data-widget_type=\"wp-widget-metaslider_widget.default\">\n\t\t\t\t<div class=\"elementor-widget-container\">\n\t\t\t<div id=\"metaslider-id-565\" style=\"max-width: 900px; margin: 0 auto;\" class=\"ml-slider-3-70-2 metaslider metaslider-flex metaslider-565 ml-slider ms-theme-default\" role=\"region\" aria-roledescription=\"Slideshow\" aria-label=\"ND-yi-Ayd\u0131n\">\n    <div id=\"metaslider_container_565\">\n        <div id=\"metaslider_565\">\n            <ul aria-live=\"polite\" class=\"slides\">\n                <li style=\"display: block; width: 100%;\" class=\"slide-575 ms-image \" aria-roledescription=\"slide\" aria-label=\"slide-575\"><img fetchpriority=\"high\" decoding=\"async\" src=\"https:\/\/f9project.com\/wp-content\/uploads\/2017\/10\/01_Aydin-900x600.jpg\" height=\"600\" width=\"900\" alt=\"Ayd\u0131n, Ku\u015fadas\u0131, G\u00fcvercinada, 2017, Neutral Density Filter\" class=\"slider-565 slide-575\" \/><div class=\"caption-wrap\"><div class=\"caption\">Ayd\u0131n, Ku\u015fadas\u0131, G\u00fcvercinada, 2017, Neutral Density Filter<\/div><\/div><\/li>\n                <li style=\"display: none; width: 100%;\" class=\"slide-582 ms-image \" aria-roledescription=\"slide\" aria-label=\"slide-582\"><img decoding=\"async\" src=\"https:\/\/f9project.com\/wp-content\/uploads\/2017\/10\/02_Aydin-900x600.jpg\" height=\"600\" width=\"900\" alt=\"Ayd\u0131n, Ku\u015fadas\u0131, 2017, Neutral Density Filter\" class=\"slider-565 slide-582\" \/><div class=\"caption-wrap\"><div class=\"caption\">Ayd\u0131n, Ku\u015fadas\u0131, 2017, Neutral Density Filter<\/div><\/div><\/li>\n                <li style=\"display: none; width: 100%;\" class=\"slide-581 ms-image \" aria-roledescription=\"slide\" aria-label=\"slide-581\"><img decoding=\"async\" src=\"https:\/\/f9project.com\/wp-content\/uploads\/2017\/10\/03_Aydin-900x600.jpg\" height=\"600\" width=\"900\" alt=\"Ayd\u0131n, Ku\u015fadas\u0131, 2017, Neutral Density Filter\" class=\"slider-565 slide-581\" \/><div class=\"caption-wrap\"><div class=\"caption\">Ayd\u0131n, Ku\u015fadas\u0131, 2017, Neutral Density Filter<\/div><\/div><\/li>\n                <li style=\"display: none; width: 100%;\" class=\"slide-580 ms-image \" aria-roledescription=\"slide\" aria-label=\"slide-580\"><img loading=\"lazy\" decoding=\"async\" src=\"https:\/\/f9project.com\/wp-content\/uploads\/2017\/10\/04_Aydin-900x600.jpg\" height=\"600\" width=\"900\" alt=\"Ayd\u0131n, Ku\u015fadas\u0131, 2017, Neutral Density Filter\" class=\"slider-565 slide-580\" \/><div class=\"caption-wrap\"><div class=\"caption\">Ayd\u0131n, Ku\u015fadas\u0131, 2017, Neutral Density Filter<\/div><\/div><\/li>\n                <li style=\"display: none; width: 100%;\" class=\"slide-579 ms-image \" aria-roledescription=\"slide\" aria-label=\"slide-579\"><img loading=\"lazy\" decoding=\"async\" src=\"https:\/\/f9project.com\/wp-content\/uploads\/2017\/10\/05_Aydin-900x600.jpg\" height=\"600\" width=\"900\" alt=\"Ayd\u0131n, Ku\u015fadas\u0131, Y\u0131lanc\u0131 Burnu, 2017, Neutral Density Filter\" class=\"slider-565 slide-579\" \/><div class=\"caption-wrap\"><div class=\"caption\">Ayd\u0131n, Ku\u015fadas\u0131, Y\u0131lanc\u0131 Burnu, 2017, Neutral Density Filter<\/div><\/div><\/li>\n                <li style=\"display: none; width: 100%;\" class=\"slide-578 ms-image \" aria-roledescription=\"slide\" aria-label=\"slide-578\"><img loading=\"lazy\" decoding=\"async\" src=\"https:\/\/f9project.com\/wp-content\/uploads\/2017\/10\/06_Aydin-900x600.jpg\" height=\"600\" width=\"900\" alt=\"Ayd\u0131n, Bafa G\u00f6l\u00fc, 2017, Neutral Density Filter\" class=\"slider-565 slide-578\" \/><div class=\"caption-wrap\"><div class=\"caption\">Ayd\u0131n, Bafa G\u00f6l\u00fc, 2017, Neutral Density Filter<\/div><\/div><\/li>\n                <li style=\"display: none; width: 100%;\" class=\"slide-577 ms-image \" aria-roledescription=\"slide\" aria-label=\"slide-577\"><img loading=\"lazy\" decoding=\"async\" src=\"https:\/\/f9project.com\/wp-content\/uploads\/2017\/10\/07_Aydin-900x600.jpg\" height=\"600\" width=\"900\" alt=\"Ayd\u0131n, Bafa G\u00f6l\u00fc, 2017, Neutral Density Filter\" class=\"slider-565 slide-577\" \/><div class=\"caption-wrap\"><div class=\"caption\">Ayd\u0131n, Bafa G\u00f6l\u00fc, 2017, Neutral Density Filter<\/div><\/div><\/li>\n                <li style=\"display: none; width: 100%;\" class=\"slide-576 ms-image \" aria-roledescription=\"slide\" aria-label=\"slide-576\"><img loading=\"lazy\" decoding=\"async\" src=\"https:\/\/f9project.com\/wp-content\/uploads\/2017\/10\/08_Aydin-900x600.jpg\" height=\"600\" width=\"900\" alt=\"Ayd\u0131n, Bafa G\u00f6l\u00fc, 2017, Neutral Density Filter\" class=\"slider-565 slide-576\" \/><div class=\"caption-wrap\"><div class=\"caption\">Ayd\u0131n, Bafa G\u00f6l\u00fc, 2017, Neutral Density Filter<\/div><\/div><\/li>\n            <\/ul>\n        <\/div>\n        \n    <\/div>\n<\/div>\t\t<\/div>\n\t\t\t\t<\/div>\n\t\t\t\t\t<\/div>\n\t\t<\/div>\n\t\t\t\t\t<\/div>\n\t\t<\/section>\n\t\t\t\t<section class=\"elementor-section elementor-top-section elementor-element elementor-element-mxfba1f elementor-section-boxed elementor-section-height-default elementor-section-height-default\" data-id=\"mxfba1f\" data-element_type=\"section\">\n\t\t\t\t\t\t<div class=\"elementor-container elementor-column-gap-default\">\n\t\t\t\t\t<div class=\"elementor-column elementor-col-100 elementor-top-column elementor-element elementor-element-moy7nm0\" data-id=\"moy7nm0\" data-element_type=\"column\">\n\t\t\t<div class=\"elementor-widget-wrap elementor-element-populated\">\n\t\t\t\t\t\t<div class=\"elementor-element elementor-element-tmkd90a elementor-align-center elementor-widget elementor-widget-button\" data-id=\"tmkd90a\" data-element_type=\"widget\" data-widget_type=\"button.default\">\n\t\t\t\t<div class=\"elementor-widget-container\">\n\t\t\t\t\t<div class=\"elementor-button-wrapper\">\n\t\t\t<a class=\"elementor-button elementor-button-link elementor-size-sm\" href=\"http:\/\/f9project.com\/?page_id=166\">\n\t\t\t\t\t\t<span class=\"elementor-button-content-wrapper\">\n\t\t\t\t\t\t<span class=\"elementor-button-icon elementor-align-icon-left\">\n\t\t\t\t\t\t\t\t\t<i class=\"fa fa-arrow-circle-left\" aria-hidden=\"true\"><\/i>\n\t\t\t\t\t\t\t<\/span>\n\t\t\t\t\t\t\t\t\t<span class=\"elementor-button-text\">\"ND Filtreler - Yurt i\u00e7i\" sayfas\u0131na geri d\u00f6n...<\/span>\n\t\t\t\t\t<\/span>\n\t\t\t\t\t<\/a>\n\t\t<\/div>\n\t\t\t\t<\/div>\n\t\t\t\t<\/div>\n\t\t\t\t\t<\/div>\n\t\t<\/div>\n\t\t\t\t\t<\/div>\n\t\t<\/section>\n\t\t\t\t<\/div>\n\t\t ","protected":false},"excerpt":{"rendered":"<p>&#8220;ND Filtreler &#8211; Yurt i\u00e7i&#8221; sayfas\u0131na geri d\u00f6n&#8230;<\/p>\n","protected":false},"author":1,"featured_media":0,"parent":0,"menu_order":0,"comment_status":"open","ping_status":"closed","template":"page-templates\/page_fullwidth.php","meta":{"footnotes":""},"_links":{"self":[{"href":"https:\/\/f9project.com\/index.php?rest_route=\/wp\/v2\/pages\/583"}],"collection":[{"href":"https:\/\/f9project.com\/index.php?rest_route=\/wp\/v2\/pages"}],"about":[{"href":"https:\/\/f9project.com\/index.php?rest_route=\/wp\/v2\/types\/page"}],"author":[{"embeddable":true,"href":"https:\/\/f9project.com\/index.php?rest_route=\/wp\/v2\/users\/1"}],"replies":[{"embeddable":true,"href":"https:\/\/f9project.com\/index.php?rest_route=%2Fwp%2Fv2%2Fcomments&post=583"}],"version-history":[{"count":2,"href":"https:\/\/f9project.com\/index.php?rest_route=\/wp\/v2\/pages\/583\/revisions"}],"predecessor-version":[{"id":586,"href":"https:\/\/f9project.com\/index.php?rest_route=\/wp\/v2\/pages\/583\/revisions\/586"}],"wp:attachment":[{"href":"https:\/\/f9project.com\/index.php?rest_route=%2Fwp%2Fv2%2Fmedia&parent=583"}],"curies":[{"name":"wp","href":"https:\/\/api.w.org\/{rel}","templated":true}]}}