{"id":515,"date":"2017-10-30T21:24:15","date_gmt":"2017-10-30T19:24:15","guid":{"rendered":"http:\/\/f9project.com\/?page_id=515"},"modified":"2017-10-30T21:45:32","modified_gmt":"2017-10-30T19:45:32","slug":"nd-filtreler-yurt-ici-antalya","status":"publish","type":"page","link":"https:\/\/f9project.com\/?page_id=515","title":{"rendered":"ND Filtreler \u2013 Yurt i\u00e7i \u2013 Antalya"},"content":{"rendered":"\t\t<div data-elementor-type=\"wp-page\" data-elementor-id=\"515\" class=\"elementor elementor-515 elementor-bc-flex-widget\">\n\t\t\t\t\t\t<section class=\"elementor-section elementor-top-section elementor-element elementor-element-1x5qogy elementor-section-boxed elementor-section-height-default elementor-section-height-default\" data-id=\"1x5qogy\" data-element_type=\"section\">\n\t\t\t\t\t\t<div class=\"elementor-container elementor-column-gap-default\">\n\t\t\t\t\t<div class=\"elementor-column elementor-col-100 elementor-top-column elementor-element elementor-element-r79ub0a\" data-id=\"r79ub0a\" data-element_type=\"column\">\n\t\t\t<div class=\"elementor-widget-wrap elementor-element-populated\">\n\t\t\t\t\t\t<div class=\"elementor-element elementor-element-ekr53y5 elementor-widget elementor-widget-wp-widget-metaslider_widget\" data-id=\"ekr53y5\" data-element_type=\"widget\" data-widget_type=\"wp-widget-metaslider_widget.default\">\n\t\t\t\t<div class=\"elementor-widget-container\">\n\t\t\t<div id=\"metaslider-id-518\" style=\"max-width: 900px; margin: 0 auto;\" class=\"ml-slider-3-70-2 metaslider metaslider-flex metaslider-518 ml-slider ms-theme-default\" role=\"region\" aria-roledescription=\"Slideshow\" aria-label=\"ND-yi-Antalya\">\n    <div id=\"metaslider_container_518\">\n        <div id=\"metaslider_518\">\n            <ul aria-live=\"polite\" class=\"slides\">\n                <li style=\"display: block; width: 100%;\" class=\"slide-542 ms-image \" aria-roledescription=\"slide\" aria-label=\"slide-542\"><img fetchpriority=\"high\" decoding=\"async\" src=\"https:\/\/f9project.com\/wp-content\/uploads\/2017\/10\/01_Antalya-900x600.jpg\" height=\"600\" width=\"900\" alt=\"Antalya, Lara, 2015, Neutral Density Filter\" class=\"slider-518 slide-542\" \/><div class=\"caption-wrap\"><div class=\"caption\">Antalya, Lara, 2015, Neutral Density Filter<\/div><\/div><\/li>\n                <li style=\"display: none; width: 100%;\" class=\"slide-563 ms-image \" aria-roledescription=\"slide\" aria-label=\"slide-563\"><img decoding=\"async\" src=\"https:\/\/f9project.com\/wp-content\/uploads\/2017\/10\/02_Antalya-900x600.jpg\" height=\"600\" width=\"900\" alt=\"Antalya, Lara, 2015, Neutral Density Filter\" class=\"slider-518 slide-563\" \/><div class=\"caption-wrap\"><div class=\"caption\">Antalya, Lara, 2015, Neutral Density Filter<\/div><\/div><\/li>\n                <li style=\"display: none; width: 100%;\" class=\"slide-562 ms-image \" aria-roledescription=\"slide\" aria-label=\"slide-562\"><img decoding=\"async\" src=\"https:\/\/f9project.com\/wp-content\/uploads\/2017\/10\/03_Antalya-900x600.jpg\" height=\"600\" width=\"900\" alt=\"Antalya, Lara, 2015, Neutral Density Filter\" class=\"slider-518 slide-562\" \/><div class=\"caption-wrap\"><div class=\"caption\">Antalya, Lara, 2015, Neutral Density Filter<\/div><\/div><\/li>\n                <li style=\"display: none; width: 100%;\" class=\"slide-561 ms-image \" aria-roledescription=\"slide\" aria-label=\"slide-561\"><img loading=\"lazy\" decoding=\"async\" src=\"https:\/\/f9project.com\/wp-content\/uploads\/2017\/10\/04_Antalya-900x600.jpg\" height=\"600\" width=\"900\" alt=\"Antalya, Kundu, 2016, Neutral Density Filter\" class=\"slider-518 slide-561\" \/><div class=\"caption-wrap\"><div class=\"caption\">Antalya, Kundu, 2016, Neutral Density Filter<\/div><\/div><\/li>\n                <li style=\"display: none; width: 100%;\" class=\"slide-560 ms-image \" aria-roledescription=\"slide\" aria-label=\"slide-560\"><img loading=\"lazy\" decoding=\"async\" src=\"https:\/\/f9project.com\/wp-content\/uploads\/2017\/10\/05_Antalya-900x600.jpg\" height=\"600\" width=\"900\" alt=\"Antalya, Kundu, 2016, Neutral Density Filter\" class=\"slider-518 slide-560\" \/><div class=\"caption-wrap\"><div class=\"caption\">Antalya, Kundu, 2016, Neutral Density Filter<\/div><\/div><\/li>\n                <li style=\"display: none; width: 100%;\" class=\"slide-559 ms-image \" aria-roledescription=\"slide\" aria-label=\"slide-559\"><img loading=\"lazy\" decoding=\"async\" src=\"https:\/\/f9project.com\/wp-content\/uploads\/2017\/10\/06_Antalya-900x600.jpg\" height=\"600\" width=\"900\" alt=\"Antalya, D\u00fcden K\u0131y\u0131 \u015eelalesi, 2016, Neutral Density Filter\" class=\"slider-518 slide-559\" \/><div class=\"caption-wrap\"><div class=\"caption\">Antalya, D\u00fcden K\u0131y\u0131 \u015eelalesi, 2016, Neutral Density Filter<\/div><\/div><\/li>\n                <li style=\"display: none; width: 100%;\" class=\"slide-558 ms-image \" aria-roledescription=\"slide\" aria-label=\"slide-558\"><img loading=\"lazy\" decoding=\"async\" src=\"https:\/\/f9project.com\/wp-content\/uploads\/2017\/10\/07_Antalya-900x600.jpg\" height=\"600\" width=\"900\" alt=\"Antalya, Side, 2016, Neutral Density Filter\" class=\"slider-518 slide-558\" \/><div class=\"caption-wrap\"><div class=\"caption\">Antalya, Side, 2016, Neutral Density Filter<\/div><\/div><\/li>\n                <li style=\"display: none; width: 100%;\" class=\"slide-557 ms-image \" aria-roledescription=\"slide\" aria-label=\"slide-557\"><img loading=\"lazy\" decoding=\"async\" src=\"https:\/\/f9project.com\/wp-content\/uploads\/2017\/10\/08_Antalya-900x600.jpg\" height=\"600\" width=\"900\" alt=\"Antalya, Adrasan, 2016, Neutral Density Filter\" class=\"slider-518 slide-557\" \/><div class=\"caption-wrap\"><div class=\"caption\">Antalya, Adrasan, 2016, Neutral Density Filter<\/div><\/div><\/li>\n                <li style=\"display: none; width: 100%;\" class=\"slide-556 ms-image \" aria-roledescription=\"slide\" aria-label=\"slide-556\"><img loading=\"lazy\" decoding=\"async\" src=\"https:\/\/f9project.com\/wp-content\/uploads\/2017\/10\/09_Antalya-900x600.jpg\" height=\"600\" width=\"900\" alt=\"Antalya, Adrasan, 2016, Neutral Density Filter\" class=\"slider-518 slide-556\" \/><div class=\"caption-wrap\"><div class=\"caption\">Antalya, Adrasan, 2016, Neutral Density Filter<\/div><\/div><\/li>\n                <li style=\"display: none; width: 100%;\" class=\"slide-555 ms-image \" aria-roledescription=\"slide\" aria-label=\"slide-555\"><img loading=\"lazy\" decoding=\"async\" src=\"https:\/\/f9project.com\/wp-content\/uploads\/2017\/10\/010_Antalya-900x600.jpg\" height=\"600\" width=\"900\" alt=\"Antalya, Adrasan, 2016, Neutral Density Filter\" class=\"slider-518 slide-555\" \/><div class=\"caption-wrap\"><div class=\"caption\">Antalya, Adrasan, 2016, Neutral Density Filter<\/div><\/div><\/li>\n                <li style=\"display: none; width: 100%;\" class=\"slide-554 ms-image \" aria-roledescription=\"slide\" aria-label=\"slide-554\"><img loading=\"lazy\" decoding=\"async\" src=\"https:\/\/f9project.com\/wp-content\/uploads\/2017\/10\/011_Antalya-900x600.jpg\" height=\"600\" width=\"900\" alt=\"Antalya, Titreyen G\u00f6l, 2016, Neutral Density Filter\" class=\"slider-518 slide-554\" \/><div class=\"caption-wrap\"><div class=\"caption\">Antalya, Titreyen G\u00f6l, 2016, Neutral Density Filter<\/div><\/div><\/li>\n                <li style=\"display: none; width: 100%;\" class=\"slide-553 ms-image \" aria-roledescription=\"slide\" aria-label=\"slide-553\"><img loading=\"lazy\" decoding=\"async\" src=\"https:\/\/f9project.com\/wp-content\/uploads\/2017\/10\/012_Antalya-900x600.jpg\" height=\"600\" width=\"900\" alt=\"Antalya, K\u00f6pr\u00fcl\u00fc Kanyon Milli Park\u0131, 2017, Neutral Density Filter\" class=\"slider-518 slide-553\" \/><div class=\"caption-wrap\"><div class=\"caption\">Antalya, K\u00f6pr\u00fcl\u00fc Kanyon Milli Park\u0131, 2017, Neutral Density Filter<\/div><\/div><\/li>\n                <li style=\"display: none; width: 100%;\" class=\"slide-552 ms-image \" aria-roledescription=\"slide\" aria-label=\"slide-552\"><img loading=\"lazy\" decoding=\"async\" src=\"https:\/\/f9project.com\/wp-content\/uploads\/2017\/10\/013_Antalya-900x600.jpg\" height=\"600\" width=\"900\" alt=\"Antalya, Kekova, 2016, Neutral Density Filter\" class=\"slider-518 slide-552\" \/><div class=\"caption-wrap\"><div class=\"caption\">Antalya, Kekova, 2016, Neutral Density Filter<\/div><\/div><\/li>\n                <li style=\"display: none; width: 100%;\" class=\"slide-551 ms-image \" aria-roledescription=\"slide\" aria-label=\"slide-551\"><img loading=\"lazy\" decoding=\"async\" src=\"https:\/\/f9project.com\/wp-content\/uploads\/2017\/10\/014_Antalya-900x600.jpg\" height=\"600\" width=\"900\" alt=\"Antalya, Kekova, 2016, Neutral Density Filter\" class=\"slider-518 slide-551\" \/><div class=\"caption-wrap\"><div class=\"caption\">Antalya, Kekova, 2016, Neutral Density Filter<\/div><\/div><\/li>\n                <li style=\"display: none; width: 100%;\" class=\"slide-550 ms-image \" aria-roledescription=\"slide\" aria-label=\"slide-550\"><img loading=\"lazy\" decoding=\"async\" src=\"https:\/\/f9project.com\/wp-content\/uploads\/2017\/10\/015_Alanya-900x600.jpg\" height=\"600\" width=\"900\" alt=\"Alanya Sahil, 2017, Neutral Density Filter\" class=\"slider-518 slide-550\" \/><div class=\"caption-wrap\"><div class=\"caption\">Alanya Sahil, 2017, Neutral Density Filter<\/div><\/div><\/li>\n                <li style=\"display: none; width: 100%;\" class=\"slide-549 ms-image \" aria-roledescription=\"slide\" aria-label=\"slide-549\"><img loading=\"lazy\" decoding=\"async\" src=\"https:\/\/f9project.com\/wp-content\/uploads\/2017\/10\/016_Alanya-900x600.jpg\" height=\"600\" width=\"900\" alt=\"Alanya Kalesi, 2017, Neutral Density Filter\" class=\"slider-518 slide-549\" \/><div class=\"caption-wrap\"><div class=\"caption\">Alanya Kalesi, 2017, Neutral Density Filter<\/div><\/div><\/li>\n                <li style=\"display: none; width: 100%;\" class=\"slide-548 ms-image \" aria-roledescription=\"slide\" aria-label=\"slide-548\"><img loading=\"lazy\" decoding=\"async\" src=\"https:\/\/f9project.com\/wp-content\/uploads\/2017\/10\/017_Alanya-900x600.jpg\" height=\"600\" width=\"900\" alt=\"Alanya Sahil, 2017, Neutral Density Filter\" class=\"slider-518 slide-548\" \/><div class=\"caption-wrap\"><div class=\"caption\">Alanya Sahil, 2017, Neutral  Density Filter<\/div><\/div><\/li>\n                <li style=\"display: none; width: 100%;\" class=\"slide-547 ms-image \" aria-roledescription=\"slide\" aria-label=\"slide-547\"><img loading=\"lazy\" decoding=\"async\" src=\"https:\/\/f9project.com\/wp-content\/uploads\/2017\/10\/018_Alanya-900x600.jpg\" height=\"600\" width=\"900\" alt=\"Alanya Sahil, 2017, Neutral Density Filter\" class=\"slider-518 slide-547\" \/><div class=\"caption-wrap\"><div class=\"caption\">Alanya Sahil, 2017, Neutral  Density Filter<\/div><\/div><\/li>\n                <li style=\"display: none; width: 100%;\" class=\"slide-546 ms-image \" aria-roledescription=\"slide\" aria-label=\"slide-546\"><img loading=\"lazy\" decoding=\"async\" src=\"https:\/\/f9project.com\/wp-content\/uploads\/2017\/10\/019_Alanya-900x600.jpg\" height=\"600\" width=\"900\" alt=\"Alanya Kalesi, 2017, Neutral Density Filter\" class=\"slider-518 slide-546\" \/><div class=\"caption-wrap\"><div class=\"caption\">Alanya Kalesi, 2017, Neutral Density Filter<\/div><\/div><\/li>\n                <li style=\"display: none; width: 100%;\" class=\"slide-545 ms-image \" aria-roledescription=\"slide\" aria-label=\"slide-545\"><img loading=\"lazy\" decoding=\"async\" src=\"https:\/\/f9project.com\/wp-content\/uploads\/2017\/10\/020_Antalya-900x600.jpg\" height=\"600\" width=\"900\" alt=\"Antalya Manavgat, 2016, Neutral Density Filter\" class=\"slider-518 slide-545\" \/><div class=\"caption-wrap\"><div class=\"caption\">Antalya Manavgat, 2016, Neutral Density Filter<\/div><\/div><\/li>\n                <li style=\"display: none; width: 100%;\" class=\"slide-544 ms-image \" aria-roledescription=\"slide\" aria-label=\"slide-544\"><img loading=\"lazy\" decoding=\"async\" src=\"https:\/\/f9project.com\/wp-content\/uploads\/2017\/10\/021_Antalya-900x600.jpg\" height=\"600\" width=\"900\" alt=\"Antalya Manavgat, 2016, Neutral Density Filter\" class=\"slider-518 slide-544\" \/><div class=\"caption-wrap\"><div class=\"caption\">Antalya Manavgat, 2016, Neutral Density Filter<\/div><\/div><\/li>\n                <li style=\"display: none; width: 100%;\" class=\"slide-543 ms-image \" aria-roledescription=\"slide\" aria-label=\"slide-543\"><img loading=\"lazy\" decoding=\"async\" src=\"https:\/\/f9project.com\/wp-content\/uploads\/2017\/10\/022_Antalya-900x600.jpg\" height=\"600\" width=\"900\" alt=\"Antalya Manavgat, 2016, Neutral Density Filter\" class=\"slider-518 slide-543\" \/><div class=\"caption-wrap\"><div class=\"caption\">Antalya Manavgat, 2016, Neutral Density Filter<\/div><\/div><\/li>\n            <\/ul>\n        <\/div>\n        \n    <\/div>\n<\/div>\t\t<\/div>\n\t\t\t\t<\/div>\n\t\t\t\t\t<\/div>\n\t\t<\/div>\n\t\t\t\t\t<\/div>\n\t\t<\/section>\n\t\t\t\t<section class=\"elementor-section elementor-top-section elementor-element elementor-element-7c6e969 elementor-section-boxed elementor-section-height-default elementor-section-height-default\" data-id=\"7c6e969\" data-element_type=\"section\">\n\t\t\t\t\t\t<div class=\"elementor-container elementor-column-gap-default\">\n\t\t\t\t\t<div class=\"elementor-column elementor-col-100 elementor-top-column elementor-element elementor-element-y0wcuck\" data-id=\"y0wcuck\" data-element_type=\"column\">\n\t\t\t<div class=\"elementor-widget-wrap elementor-element-populated\">\n\t\t\t\t\t\t<div class=\"elementor-element elementor-element-tzoy87d elementor-align-center elementor-widget elementor-widget-button\" data-id=\"tzoy87d\" data-element_type=\"widget\" data-widget_type=\"button.default\">\n\t\t\t\t<div class=\"elementor-widget-container\">\n\t\t\t\t\t<div class=\"elementor-button-wrapper\">\n\t\t\t<a class=\"elementor-button elementor-button-link elementor-size-sm\" href=\"http:\/\/f9project.com\/?page_id=166\">\n\t\t\t\t\t\t<span class=\"elementor-button-content-wrapper\">\n\t\t\t\t\t\t<span class=\"elementor-button-icon elementor-align-icon-left\">\n\t\t\t\t\t\t\t\t\t<i class=\"fa fa-arrow-circle-left\" aria-hidden=\"true\"><\/i>\n\t\t\t\t\t\t\t<\/span>\n\t\t\t\t\t\t\t\t\t<span class=\"elementor-button-text\">\"ND Filtreler - Yurt i\u00e7i\" sayfas\u0131na geri d\u00f6n...<\/span>\n\t\t\t\t\t<\/span>\n\t\t\t\t\t<\/a>\n\t\t<\/div>\n\t\t\t\t<\/div>\n\t\t\t\t<\/div>\n\t\t\t\t\t<\/div>\n\t\t<\/div>\n\t\t\t\t\t<\/div>\n\t\t<\/section>\n\t\t\t\t<\/div>\n\t\t ","protected":false},"excerpt":{"rendered":"<p>&#8220;ND Filtreler &#8211; Yurt i\u00e7i&#8221; sayfas\u0131na geri d\u00f6n&#8230;<\/p>\n","protected":false},"author":1,"featured_media":0,"parent":0,"menu_order":0,"comment_status":"open","ping_status":"closed","template":"page-templates\/page_fullwidth.php","meta":{"footnotes":""},"_links":{"self":[{"href":"https:\/\/f9project.com\/index.php?rest_route=\/wp\/v2\/pages\/515"}],"collection":[{"href":"https:\/\/f9project.com\/index.php?rest_route=\/wp\/v2\/pages"}],"about":[{"href":"https:\/\/f9project.com\/index.php?rest_route=\/wp\/v2\/types\/page"}],"author":[{"embeddable":true,"href":"https:\/\/f9project.com\/index.php?rest_route=\/wp\/v2\/users\/1"}],"replies":[{"embeddable":true,"href":"https:\/\/f9project.com\/index.php?rest_route=%2Fwp%2Fv2%2Fcomments&post=515"}],"version-history":[{"count":2,"href":"https:\/\/f9project.com\/index.php?rest_route=\/wp\/v2\/pages\/515\/revisions"}],"predecessor-version":[{"id":564,"href":"https:\/\/f9project.com\/index.php?rest_route=\/wp\/v2\/pages\/515\/revisions\/564"}],"wp:attachment":[{"href":"https:\/\/f9project.com\/index.php?rest_route=%2Fwp%2Fv2%2Fmedia&parent=515"}],"curies":[{"name":"wp","href":"https:\/\/api.w.org\/{rel}","templated":true}]}}