{"id":489,"date":"2017-10-30T21:09:43","date_gmt":"2017-10-30T19:09:43","guid":{"rendered":"http:\/\/f9project.com\/?page_id=489"},"modified":"2017-10-30T21:22:01","modified_gmt":"2017-10-30T19:22:01","slug":"nd-filtreler-yurt-ici-amasra","status":"publish","type":"page","link":"https:\/\/f9project.com\/?page_id=489","title":{"rendered":"ND Filtreler \u2013 Yurt i\u00e7i \u2013 Amasra"},"content":{"rendered":"\t\t<div data-elementor-type=\"wp-page\" data-elementor-id=\"489\" class=\"elementor elementor-489 elementor-bc-flex-widget\">\n\t\t\t\t\t\t<section class=\"elementor-section elementor-top-section elementor-element elementor-element-3102n2o elementor-section-boxed elementor-section-height-default elementor-section-height-default\" data-id=\"3102n2o\" data-element_type=\"section\">\n\t\t\t\t\t\t<div class=\"elementor-container elementor-column-gap-default\">\n\t\t\t\t\t<div class=\"elementor-column elementor-col-100 elementor-top-column elementor-element elementor-element-bp7zza3\" data-id=\"bp7zza3\" data-element_type=\"column\">\n\t\t\t<div class=\"elementor-widget-wrap elementor-element-populated\">\n\t\t\t\t\t\t<div class=\"elementor-element elementor-element-34n6mzp elementor-widget elementor-widget-wp-widget-metaslider_widget\" data-id=\"34n6mzp\" data-element_type=\"widget\" data-widget_type=\"wp-widget-metaslider_widget.default\">\n\t\t\t\t<div class=\"elementor-widget-container\">\n\t\t\t<div id=\"metaslider-id-492\" style=\"max-width: 900px; margin: 0 auto;\" class=\"ml-slider-3-70-2 metaslider metaslider-flex metaslider-492 ml-slider ms-theme-default\" role=\"region\" aria-roledescription=\"Slideshow\" aria-label=\"ND-yi-Amasra\">\n    <div id=\"metaslider_container_492\">\n        <div id=\"metaslider_492\">\n            <ul aria-live=\"polite\" class=\"slides\">\n                <li style=\"display: block; width: 100%;\" class=\"slide-504 ms-image \" aria-roledescription=\"slide\" aria-label=\"slide-504\"><img fetchpriority=\"high\" decoding=\"async\" src=\"https:\/\/f9project.com\/wp-content\/uploads\/2017\/10\/01_Amasra-900x600.jpg\" height=\"600\" width=\"900\" alt=\"Amasra, 2015, Neutral Density Filter\" class=\"slider-492 slide-504\" \/><div class=\"caption-wrap\"><div class=\"caption\">Amasra, 2015, Neutral Density Filter<\/div><\/div><\/li>\n                <li style=\"display: none; width: 100%;\" class=\"slide-505 ms-image \" aria-roledescription=\"slide\" aria-label=\"slide-505\"><img decoding=\"async\" src=\"https:\/\/f9project.com\/wp-content\/uploads\/2017\/10\/02_Amasra-900x600.jpg\" height=\"600\" width=\"900\" alt=\"Amasra, Neutral Density Filter\" class=\"slider-492 slide-505\" \/><div class=\"caption-wrap\"><div class=\"caption\">Amasra, Neutral Density Filter<\/div><\/div><\/li>\n                <li style=\"display: none; width: 100%;\" class=\"slide-506 ms-image \" aria-roledescription=\"slide\" aria-label=\"slide-506\"><img decoding=\"async\" src=\"https:\/\/f9project.com\/wp-content\/uploads\/2017\/10\/03_Amasra-900x600.jpg\" height=\"600\" width=\"900\" alt=\"Amasra, 2015, Neutral Density Filter\" class=\"slider-492 slide-506\" \/><div class=\"caption-wrap\"><div class=\"caption\">Amasra, 2015, Neutral Density Filter<\/div><\/div><\/li>\n                <li style=\"display: none; width: 100%;\" class=\"slide-507 ms-image \" aria-roledescription=\"slide\" aria-label=\"slide-507\"><img loading=\"lazy\" decoding=\"async\" src=\"https:\/\/f9project.com\/wp-content\/uploads\/2017\/10\/04_Amasra-900x600.jpg\" height=\"600\" width=\"900\" alt=\"Amasra, 2015, Neutral Density Filter\" class=\"slider-492 slide-507\" \/><div class=\"caption-wrap\"><div class=\"caption\">Amasra, 2015, Neutral Density Filter<\/div><\/div><\/li>\n                <li style=\"display: none; width: 100%;\" class=\"slide-508 ms-image \" aria-roledescription=\"slide\" aria-label=\"slide-508\"><img loading=\"lazy\" decoding=\"async\" src=\"https:\/\/f9project.com\/wp-content\/uploads\/2017\/10\/05_Amasra-900x600.jpg\" height=\"600\" width=\"900\" alt=\"Amasra, 2015, Neutral Density Filter\" class=\"slider-492 slide-508\" \/><div class=\"caption-wrap\"><div class=\"caption\">Amasra, 2015, Neutral Density Filter<\/div><\/div><\/li>\n                <li style=\"display: none; width: 100%;\" class=\"slide-509 ms-image \" aria-roledescription=\"slide\" aria-label=\"slide-509\"><img loading=\"lazy\" decoding=\"async\" src=\"https:\/\/f9project.com\/wp-content\/uploads\/2017\/10\/06_Amasra-900x600.jpg\" height=\"600\" width=\"900\" alt=\"Amasra, 2015, Neutral Density Filter\" class=\"slider-492 slide-509\" \/><div class=\"caption-wrap\"><div class=\"caption\">Amasra, 2015, Neutral Density Filter<\/div><\/div><\/li>\n                <li style=\"display: none; width: 100%;\" class=\"slide-510 ms-image \" aria-roledescription=\"slide\" aria-label=\"slide-510\"><img loading=\"lazy\" decoding=\"async\" src=\"https:\/\/f9project.com\/wp-content\/uploads\/2017\/10\/07_Amasra-900x600.jpg\" height=\"600\" width=\"900\" alt=\"Amasra, 2015, Neutral Density Filter\" class=\"slider-492 slide-510\" \/><div class=\"caption-wrap\"><div class=\"caption\">Amasra, 2015, Neutral Density Filter<\/div><\/div><\/li>\n                <li style=\"display: none; width: 100%;\" class=\"slide-511 ms-image \" aria-roledescription=\"slide\" aria-label=\"slide-511\"><img loading=\"lazy\" decoding=\"async\" src=\"https:\/\/f9project.com\/wp-content\/uploads\/2017\/10\/08_Amasra-683x455.jpg\" height=\"600\" width=\"900\" alt=\"Amasra, 2015, Neutral Density Filter\" class=\"slider-492 slide-511\" \/><div class=\"caption-wrap\"><div class=\"caption\">Amasra, 2015, Neutral Density Filter<\/div><\/div><\/li>\n                <li style=\"display: none; width: 100%;\" class=\"slide-512 ms-image \" aria-roledescription=\"slide\" aria-label=\"slide-512\"><img loading=\"lazy\" decoding=\"async\" src=\"https:\/\/f9project.com\/wp-content\/uploads\/2017\/10\/09_Amasra-900x600.jpg\" height=\"600\" width=\"900\" alt=\"Amasra, 2015, Neutral Density Filter\" class=\"slider-492 slide-512\" \/><div class=\"caption-wrap\"><div class=\"caption\">Amasra, 2015, Neutral Density Filter<\/div><\/div><\/li>\n                <li style=\"display: none; width: 100%;\" class=\"slide-513 ms-image \" aria-roledescription=\"slide\" aria-label=\"slide-513\"><img loading=\"lazy\" decoding=\"async\" src=\"https:\/\/f9project.com\/wp-content\/uploads\/2017\/10\/010_Amasra-900x600.jpg\" height=\"600\" width=\"900\" alt=\"Amasra, 2015, Neutral Density Filter\" class=\"slider-492 slide-513\" \/><div class=\"caption-wrap\"><div class=\"caption\">Amasra, 2015, Neutral Density Filter<\/div><\/div><\/li>\n            <\/ul>\n        <\/div>\n        \n    <\/div>\n<\/div>\t\t<\/div>\n\t\t\t\t<\/div>\n\t\t\t\t\t<\/div>\n\t\t<\/div>\n\t\t\t\t\t<\/div>\n\t\t<\/section>\n\t\t\t\t<section class=\"elementor-section elementor-top-section elementor-element elementor-element-sq2qkmr elementor-section-boxed elementor-section-height-default elementor-section-height-default\" data-id=\"sq2qkmr\" data-element_type=\"section\">\n\t\t\t\t\t\t<div class=\"elementor-container elementor-column-gap-default\">\n\t\t\t\t\t<div class=\"elementor-column elementor-col-100 elementor-top-column elementor-element elementor-element-fl1jhl5\" data-id=\"fl1jhl5\" data-element_type=\"column\">\n\t\t\t<div class=\"elementor-widget-wrap elementor-element-populated\">\n\t\t\t\t\t\t<div class=\"elementor-element elementor-element-7r0yz9b elementor-align-center elementor-widget elementor-widget-button\" data-id=\"7r0yz9b\" data-element_type=\"widget\" data-widget_type=\"button.default\">\n\t\t\t\t<div class=\"elementor-widget-container\">\n\t\t\t\t\t<div class=\"elementor-button-wrapper\">\n\t\t\t<a class=\"elementor-button elementor-button-link elementor-size-sm\" href=\"http:\/\/f9project.com\/?page_id=166\">\n\t\t\t\t\t\t<span class=\"elementor-button-content-wrapper\">\n\t\t\t\t\t\t<span class=\"elementor-button-icon elementor-align-icon-left\">\n\t\t\t\t\t\t\t\t\t<i class=\"fa fa-arrow-circle-left\" aria-hidden=\"true\"><\/i>\n\t\t\t\t\t\t\t<\/span>\n\t\t\t\t\t\t\t\t\t<span class=\"elementor-button-text\">\"ND Filtreler - Yurt i\u00e7i\" sayfas\u0131na geri d\u00f6n...<\/span>\n\t\t\t\t\t<\/span>\n\t\t\t\t\t<\/a>\n\t\t<\/div>\n\t\t\t\t<\/div>\n\t\t\t\t<\/div>\n\t\t\t\t\t<\/div>\n\t\t<\/div>\n\t\t\t\t\t<\/div>\n\t\t<\/section>\n\t\t\t\t<\/div>\n\t\t ","protected":false},"excerpt":{"rendered":"<p>&#8220;ND Filtreler &#8211; Yurt i\u00e7i&#8221; sayfas\u0131na geri d\u00f6n&#8230;<\/p>\n","protected":false},"author":1,"featured_media":0,"parent":0,"menu_order":0,"comment_status":"open","ping_status":"closed","template":"page-templates\/page_fullwidth.php","meta":{"footnotes":""},"_links":{"self":[{"href":"https:\/\/f9project.com\/index.php?rest_route=\/wp\/v2\/pages\/489"}],"collection":[{"href":"https:\/\/f9project.com\/index.php?rest_route=\/wp\/v2\/pages"}],"about":[{"href":"https:\/\/f9project.com\/index.php?rest_route=\/wp\/v2\/types\/page"}],"author":[{"embeddable":true,"href":"https:\/\/f9project.com\/index.php?rest_route=\/wp\/v2\/users\/1"}],"replies":[{"embeddable":true,"href":"https:\/\/f9project.com\/index.php?rest_route=%2Fwp%2Fv2%2Fcomments&post=489"}],"version-history":[{"count":2,"href":"https:\/\/f9project.com\/index.php?rest_route=\/wp\/v2\/pages\/489\/revisions"}],"predecessor-version":[{"id":514,"href":"https:\/\/f9project.com\/index.php?rest_route=\/wp\/v2\/pages\/489\/revisions\/514"}],"wp:attachment":[{"href":"https:\/\/f9project.com\/index.php?rest_route=%2Fwp%2Fv2%2Fmedia&parent=489"}],"curies":[{"name":"wp","href":"https:\/\/api.w.org\/{rel}","templated":true}]}}