{"id":430,"date":"2017-10-29T20:26:38","date_gmt":"2017-10-29T18:26:38","guid":{"rendered":"http:\/\/f9project.com\/?page_id=430"},"modified":"2017-10-29T21:04:16","modified_gmt":"2017-10-29T19:04:16","slug":"nd-filtreler-yurt-ici-canakkale","status":"publish","type":"page","link":"https:\/\/f9project.com\/?page_id=430","title":{"rendered":"ND Filtreler \u2013 Yurt i\u00e7i \u2013 \u00c7anakkale"},"content":{"rendered":"\t\t<div data-elementor-type=\"wp-page\" data-elementor-id=\"430\" class=\"elementor elementor-430 elementor-bc-flex-widget\">\n\t\t\t\t\t\t<section class=\"elementor-section elementor-top-section elementor-element elementor-element-83efdjg elementor-section-boxed elementor-section-height-default elementor-section-height-default\" data-id=\"83efdjg\" data-element_type=\"section\">\n\t\t\t\t\t\t<div class=\"elementor-container elementor-column-gap-default\">\n\t\t\t\t\t<div class=\"elementor-column elementor-col-100 elementor-top-column elementor-element elementor-element-kea0x0d\" data-id=\"kea0x0d\" data-element_type=\"column\">\n\t\t\t<div class=\"elementor-widget-wrap elementor-element-populated\">\n\t\t\t\t\t\t<div class=\"elementor-element elementor-element-j5o8r9e elementor-widget elementor-widget-wp-widget-metaslider_widget\" data-id=\"j5o8r9e\" data-element_type=\"widget\" data-widget_type=\"wp-widget-metaslider_widget.default\">\n\t\t\t\t<div class=\"elementor-widget-container\">\n\t\t\t<div id=\"metaslider-id-433\" style=\"max-width: 900px; margin: 0 auto;\" class=\"ml-slider-3-70-2 metaslider metaslider-flex metaslider-433 ml-slider ms-theme-default\" role=\"region\" aria-roledescription=\"Slideshow\" aria-label=\"ND-yi-\u00c7anakkale\">\n    <div id=\"metaslider_container_433\">\n        <div id=\"metaslider_433\">\n            <ul aria-live=\"polite\" class=\"slides\">\n                <li style=\"display: block; width: 100%;\" class=\"slide-439 ms-image \" aria-roledescription=\"slide\" aria-label=\"slide-439\"><img fetchpriority=\"high\" decoding=\"async\" src=\"https:\/\/f9project.com\/wp-content\/uploads\/2017\/10\/01_Canakkale-900x600.jpg\" height=\"600\" width=\"900\" alt=\"\u00c7anakkale, Assos, 2015, Neutral Density Filter\" class=\"slider-433 slide-439\" \/><div class=\"caption-wrap\"><div class=\"caption\">\u00c7anakkale, Assos, 2015, Neutral Density Filter<\/div><\/div><\/li>\n                <li style=\"display: none; width: 100%;\" class=\"slide-440 ms-image \" aria-roledescription=\"slide\" aria-label=\"slide-440\"><img decoding=\"async\" src=\"https:\/\/f9project.com\/wp-content\/uploads\/2017\/10\/02_Canakkale-900x600.jpg\" height=\"600\" width=\"900\" alt=\"\u00c7anakkale, Assos, 2015, Neutral Density Filter\" class=\"slider-433 slide-440\" \/><div class=\"caption-wrap\"><div class=\"caption\">\u00c7anakkale, Assos, 2015, Neutral Density Filter<\/div><\/div><\/li>\n                <li style=\"display: none; width: 100%;\" class=\"slide-441 ms-image \" aria-roledescription=\"slide\" aria-label=\"slide-441\"><img decoding=\"async\" src=\"https:\/\/f9project.com\/wp-content\/uploads\/2017\/10\/03_Canakkale-900x600.jpg\" height=\"600\" width=\"900\" alt=\"\u00c7anakkale, Assos, 2015, Neutral Density Filter\" class=\"slider-433 slide-441\" \/><div class=\"caption-wrap\"><div class=\"caption\">\u00c7anakkale, Assos, 2015, Neutral Density Filter<\/div><\/div><\/li>\n                <li style=\"display: none; width: 100%;\" class=\"slide-442 ms-image \" aria-roledescription=\"slide\" aria-label=\"slide-442\"><img loading=\"lazy\" decoding=\"async\" src=\"https:\/\/f9project.com\/wp-content\/uploads\/2017\/10\/04_Canakkale-900x600.jpg\" height=\"600\" width=\"900\" alt=\"\u00c7anakkale, Assos, 2015, Neutral Density Filter\" class=\"slider-433 slide-442\" \/><div class=\"caption-wrap\"><div class=\"caption\">\u00c7anakkale, Assos, 2015, Neutral Density Filter<\/div><\/div><\/li>\n                <li style=\"display: none; width: 100%;\" class=\"slide-443 ms-image \" aria-roledescription=\"slide\" aria-label=\"slide-443\"><img loading=\"lazy\" decoding=\"async\" src=\"https:\/\/f9project.com\/wp-content\/uploads\/2017\/10\/05_Canakkale-900x600.jpg\" height=\"600\" width=\"900\" alt=\"\u00c7anakkale, Kad\u0131rga Koyu, 2015, Neutral Density Filter\" class=\"slider-433 slide-443\" \/><div class=\"caption-wrap\"><div class=\"caption\">\u00c7anakkale, Kad\u0131rga Koyu, 2015, Neutral Density Filter<\/div><\/div><\/li>\n                <li style=\"display: none; width: 100%;\" class=\"slide-457 ms-image \" aria-roledescription=\"slide\" aria-label=\"slide-457\"><img loading=\"lazy\" decoding=\"async\" src=\"https:\/\/f9project.com\/wp-content\/uploads\/2017\/10\/01_Canakkale-1-900x600.jpg\" height=\"600\" width=\"900\" alt=\"\u00c7anakkale, Bozcaada\u2019da Zaman Projesi, 2013, Neutral Density Filter\" class=\"slider-433 slide-457\" \/><div class=\"caption-wrap\"><div class=\"caption\">\u00c7anakkale, Bozcaada\u2019da Zaman Projesi, 2013, Neutral Density Filter<\/div><\/div><\/li>\n                <li style=\"display: none; width: 100%;\" class=\"slide-456 ms-image \" aria-roledescription=\"slide\" aria-label=\"slide-456\"><img loading=\"lazy\" decoding=\"async\" src=\"https:\/\/f9project.com\/wp-content\/uploads\/2017\/10\/02_Canakkale-1-900x600.jpg\" height=\"600\" width=\"900\" alt=\"\u00c7anakkale, Bozcaada\u2019da Zaman Projesi, 2013, Neutral Density Filter\" class=\"slider-433 slide-456\" \/><div class=\"caption-wrap\"><div class=\"caption\">\u00c7anakkale, Bozcaada\u2019da Zaman Projesi, 2013, Neutral Density Filter<\/div><\/div><\/li>\n                <li style=\"display: none; width: 100%;\" class=\"slide-455 ms-image \" aria-roledescription=\"slide\" aria-label=\"slide-455\"><img loading=\"lazy\" decoding=\"async\" src=\"https:\/\/f9project.com\/wp-content\/uploads\/2017\/10\/03_Canakkale-1-900x600.jpg\" height=\"600\" width=\"900\" alt=\"\u00c7anakkale, Bozcaada\u2019da Zaman Projesi, 2013, Neutral Density Filter\" class=\"slider-433 slide-455\" \/><div class=\"caption-wrap\"><div class=\"caption\">\u00c7anakkale, Bozcaada\u2019da Zaman Projesi, 2013, Neutral Density Filter<\/div><\/div><\/li>\n                <li style=\"display: none; width: 100%;\" class=\"slide-454 ms-image \" aria-roledescription=\"slide\" aria-label=\"slide-454\"><img loading=\"lazy\" decoding=\"async\" src=\"https:\/\/f9project.com\/wp-content\/uploads\/2017\/10\/04_Canakkale-1-900x600.jpg\" height=\"600\" width=\"900\" alt=\"\u00c7anakkale, Bozcaada\u2019da Zaman Projesi, 2013, Neutral Density Filter\" class=\"slider-433 slide-454\" \/><div class=\"caption-wrap\"><div class=\"caption\">\u00c7anakkale, Bozcaada\u2019da Zaman Projesi, 2013, Neutral Density Filter<\/div><\/div><\/li>\n                <li style=\"display: none; width: 100%;\" class=\"slide-453 ms-image \" aria-roledescription=\"slide\" aria-label=\"slide-453\"><img loading=\"lazy\" decoding=\"async\" src=\"https:\/\/f9project.com\/wp-content\/uploads\/2017\/10\/05_Canakkale-1-900x600.jpg\" height=\"600\" width=\"900\" alt=\"\u00c7anakkale, Bozcaada\u2019da Zaman Projesi, 2013, Neutral Density Filter\" class=\"slider-433 slide-453\" \/><div class=\"caption-wrap\"><div class=\"caption\">\u00c7anakkale, Bozcaada\u2019da Zaman Projesi, 2013, Neutral Density Filter<\/div><\/div><\/li>\n                <li style=\"display: none; width: 100%;\" class=\"slide-452 ms-image \" aria-roledescription=\"slide\" aria-label=\"slide-452\"><img loading=\"lazy\" decoding=\"async\" src=\"https:\/\/f9project.com\/wp-content\/uploads\/2017\/10\/06_Canakkale-900x600.jpg\" height=\"600\" width=\"900\" alt=\"\u00c7anakkale, Bozcaada\u2019da Zaman Projesi, 2013, Neutral Density Filter\" class=\"slider-433 slide-452\" \/><div class=\"caption-wrap\"><div class=\"caption\">\u00c7anakkale, Bozcaada\u2019da Zaman Projesi, 2013, Neutral Density Filter<\/div><\/div><\/li>\n                <li style=\"display: none; width: 100%;\" class=\"slide-451 ms-image \" aria-roledescription=\"slide\" aria-label=\"slide-451\"><img loading=\"lazy\" decoding=\"async\" src=\"https:\/\/f9project.com\/wp-content\/uploads\/2017\/10\/07_Canakkale-900x600.jpg\" height=\"600\" width=\"900\" alt=\"\u00c7anakkale, Bozcaada\u2019da Zaman Projesi, 2013, Neutral Density Filter\" class=\"slider-433 slide-451\" \/><div class=\"caption-wrap\"><div class=\"caption\">\u00c7anakkale, Bozcaada\u2019da Zaman Projesi, 2013, Neutral Density Filter<\/div><\/div><\/li>\n                <li style=\"display: none; width: 100%;\" class=\"slide-461 ms-image \" aria-roledescription=\"slide\" aria-label=\"slide-461\"><img loading=\"lazy\" decoding=\"async\" src=\"https:\/\/f9project.com\/wp-content\/uploads\/2017\/10\/01_Canakkale-2-900x600.jpg\" height=\"600\" width=\"900\" alt=\"\u00c7anakkale, Eceabat, 2015, Neutral Density Filter\" class=\"slider-433 slide-461\" \/><div class=\"caption-wrap\"><div class=\"caption\">\u00c7anakkale, Eceabat, 2015, Neutral Density Filter<\/div><\/div><\/li>\n                <li style=\"display: none; width: 100%;\" class=\"slide-460 ms-image \" aria-roledescription=\"slide\" aria-label=\"slide-460\"><img loading=\"lazy\" decoding=\"async\" src=\"https:\/\/f9project.com\/wp-content\/uploads\/2017\/10\/02_Canakkale-2-900x600.jpg\" height=\"600\" width=\"900\" alt=\"\u00c7anakkale, Eceabat, 2015, Neutral Density Filter\" class=\"slider-433 slide-460\" \/><div class=\"caption-wrap\"><div class=\"caption\">\u00c7anakkale, Eceabat, 2015, Neutral Density Filter<\/div><\/div><\/li>\n                <li style=\"display: none; width: 100%;\" class=\"slide-472 ms-image \" aria-roledescription=\"slide\" aria-label=\"slide-472\"><img loading=\"lazy\" decoding=\"async\" src=\"https:\/\/f9project.com\/wp-content\/uploads\/2017\/10\/01_Gokceada-900x600.jpg\" height=\"600\" width=\"900\" alt=\"G\u00f6k\u00e7eada, Y\u0131ld\u0131zkoy, 2015, Neutral Density Filter\" class=\"slider-433 slide-472\" \/><div class=\"caption-wrap\"><div class=\"caption\">G\u00f6k\u00e7eada, Y\u0131ld\u0131zkoy, 2015, Neutral Density Filter<\/div><\/div><\/li>\n                <li style=\"display: none; width: 100%;\" class=\"slide-473 ms-image \" aria-roledescription=\"slide\" aria-label=\"slide-473\"><img loading=\"lazy\" decoding=\"async\" src=\"https:\/\/f9project.com\/wp-content\/uploads\/2017\/10\/02_Gokceada-900x600.jpg\" height=\"600\" width=\"900\" alt=\"G\u00f6k\u00e7eada, Y\u0131ld\u0131zkoy, 2015, Neutral Density Filter\" class=\"slider-433 slide-473\" \/><div class=\"caption-wrap\"><div class=\"caption\">G\u00f6k\u00e7eada, Y\u0131ld\u0131zkoy, 2015, Neutral Density Filter<\/div><\/div><\/li>\n                <li style=\"display: none; width: 100%;\" class=\"slide-474 ms-image \" aria-roledescription=\"slide\" aria-label=\"slide-474\"><img loading=\"lazy\" decoding=\"async\" src=\"https:\/\/f9project.com\/wp-content\/uploads\/2017\/10\/03_Gokceada-900x600.jpg\" height=\"600\" width=\"900\" alt=\"G\u00f6k\u00e7eada, Kuzuliman\u0131, 2015, Neutral Density Filter\" class=\"slider-433 slide-474\" \/><div class=\"caption-wrap\"><div class=\"caption\">G\u00f6k\u00e7eada, Kuzuliman\u0131, 2015, Neutral Density Filter<\/div><\/div><\/li>\n                <li style=\"display: none; width: 100%;\" class=\"slide-475 ms-image \" aria-roledescription=\"slide\" aria-label=\"slide-475\"><img loading=\"lazy\" decoding=\"async\" src=\"https:\/\/f9project.com\/wp-content\/uploads\/2017\/10\/04_Gokceada-900x600.jpg\" height=\"600\" width=\"900\" alt=\"G\u00f6k\u00e7eada,Tuzg\u00f6l\u00fc,2015,Neutral Density Filter\" class=\"slider-433 slide-475\" \/><div class=\"caption-wrap\"><div class=\"caption\">G\u00f6k\u00e7eada,Tuzg\u00f6l\u00fc,2015,Neutral Density Filter<\/div><\/div><\/li>\n                <li style=\"display: none; width: 100%;\" class=\"slide-476 ms-image \" aria-roledescription=\"slide\" aria-label=\"slide-476\"><img loading=\"lazy\" decoding=\"async\" src=\"https:\/\/f9project.com\/wp-content\/uploads\/2017\/10\/05_Gokceada-900x600.jpg\" height=\"600\" width=\"900\" alt=\"G\u00f6k\u00e7eada, Ayd\u0131nc\u0131k Sahili, 2015, Neutral Density Filter\" class=\"slider-433 slide-476\" \/><div class=\"caption-wrap\"><div class=\"caption\">G\u00f6k\u00e7eada, Ayd\u0131nc\u0131k Sahili, 2015, Neutral Density Filter<\/div><\/div><\/li>\n                <li style=\"display: none; width: 100%;\" class=\"slide-477 ms-image \" aria-roledescription=\"slide\" aria-label=\"slide-477\"><img loading=\"lazy\" decoding=\"async\" src=\"https:\/\/f9project.com\/wp-content\/uploads\/2017\/10\/06_Gokceada-900x600.jpg\" height=\"600\" width=\"900\" alt=\"G\u00f6k\u00e7eada, Damlar, 2015, Neutral Density Filter\" class=\"slider-433 slide-477\" \/><div class=\"caption-wrap\"><div class=\"caption\">G\u00f6k\u00e7eada, Damlar, 2015, Neutral Density Filter<\/div><\/div><\/li>\n                <li style=\"display: none; width: 100%;\" class=\"slide-478 ms-image \" aria-roledescription=\"slide\" aria-label=\"slide-478\"><img loading=\"lazy\" decoding=\"async\" src=\"https:\/\/f9project.com\/wp-content\/uploads\/2017\/10\/07_Gokceada-900x600.jpg\" height=\"600\" width=\"900\" alt=\"G\u00f6k\u00e7eada, Derek\u00f6y, 2015, Neutral Density Filter\" class=\"slider-433 slide-478\" \/><div class=\"caption-wrap\"><div class=\"caption\">G\u00f6k\u00e7eada, Derek\u00f6y, 2015, Neutral Density Filter<\/div><\/div><\/li>\n                <li style=\"display: none; width: 100%;\" class=\"slide-479 ms-image \" aria-roledescription=\"slide\" aria-label=\"slide-479\"><img loading=\"lazy\" decoding=\"async\" src=\"https:\/\/f9project.com\/wp-content\/uploads\/2017\/10\/08_Gokceada-900x600.jpg\" height=\"600\" width=\"900\" alt=\"G\u00f6k\u00e7eada, Kokina Mevki, 2015, Neutral Density Filter\" class=\"slider-433 slide-479\" \/><div class=\"caption-wrap\"><div class=\"caption\">G\u00f6k\u00e7eada, Kokina Mevki, 2015, Neutral Density Filter<\/div><\/div><\/li>\n                <li style=\"display: none; width: 100%;\" class=\"slide-1262 ms-image \" aria-roledescription=\"slide\" aria-label=\"slide-1262\"><img loading=\"lazy\" decoding=\"async\" src=\"https:\/\/f9project.com\/wp-content\/uploads\/2017\/11\/09_Gokceada-900x600.jpg\" height=\"600\" width=\"900\" alt=\"G\u00f6k\u00e7eada, U\u011furlu G\u00f6leti, 2015, Neutral Density Filter\" class=\"slider-433 slide-1262\" \/><div class=\"caption-wrap\"><div class=\"caption\">G\u00f6k\u00e7eada, U\u011furlu G\u00f6leti, 2015, Neutral Density Filter<\/div><\/div><\/li>\n                <li style=\"display: none; width: 100%;\" class=\"slide-1263 ms-image \" aria-roledescription=\"slide\" aria-label=\"slide-1263\"><img loading=\"lazy\" decoding=\"async\" src=\"https:\/\/f9project.com\/wp-content\/uploads\/2017\/11\/010_Gokceada-900x600.jpg\" height=\"600\" width=\"900\" alt=\"G\u00f6k\u00e7eada, Marmaros Koyu, 2015, Neutral Density Filter\" class=\"slider-433 slide-1263\" \/><div class=\"caption-wrap\"><div class=\"caption\">G\u00f6k\u00e7eada, Marmaros Koyu, 2015, Neutral Density Filter<\/div><\/div><\/li>\n            <\/ul>\n        <\/div>\n        \n    <\/div>\n<\/div>\t\t<\/div>\n\t\t\t\t<\/div>\n\t\t\t\t\t<\/div>\n\t\t<\/div>\n\t\t\t\t\t<\/div>\n\t\t<\/section>\n\t\t\t\t<section class=\"elementor-section elementor-top-section elementor-element elementor-element-y9agrd4 elementor-section-boxed elementor-section-height-default elementor-section-height-default\" data-id=\"y9agrd4\" data-element_type=\"section\">\n\t\t\t\t\t\t<div class=\"elementor-container elementor-column-gap-default\">\n\t\t\t\t\t<div class=\"elementor-column elementor-col-100 elementor-top-column elementor-element elementor-element-5vmzicy\" data-id=\"5vmzicy\" data-element_type=\"column\">\n\t\t\t<div class=\"elementor-widget-wrap elementor-element-populated\">\n\t\t\t\t\t\t<div class=\"elementor-element elementor-element-0dlci9c elementor-align-center elementor-widget elementor-widget-button\" data-id=\"0dlci9c\" data-element_type=\"widget\" data-widget_type=\"button.default\">\n\t\t\t\t<div class=\"elementor-widget-container\">\n\t\t\t\t\t<div class=\"elementor-button-wrapper\">\n\t\t\t<a class=\"elementor-button elementor-button-link elementor-size-sm\" href=\"http:\/\/f9project.com\/?page_id=166\">\n\t\t\t\t\t\t<span class=\"elementor-button-content-wrapper\">\n\t\t\t\t\t\t<span class=\"elementor-button-icon elementor-align-icon-left\">\n\t\t\t\t\t\t\t\t\t<i class=\"fa fa-arrow-circle-left\" aria-hidden=\"true\"><\/i>\n\t\t\t\t\t\t\t<\/span>\n\t\t\t\t\t\t\t\t\t<span class=\"elementor-button-text\">\"ND Filtreler - Yurt i\u00e7i\" sayfas\u0131na geri d\u00f6n...<\/span>\n\t\t\t\t\t<\/span>\n\t\t\t\t\t<\/a>\n\t\t<\/div>\n\t\t\t\t<\/div>\n\t\t\t\t<\/div>\n\t\t\t\t\t<\/div>\n\t\t<\/div>\n\t\t\t\t\t<\/div>\n\t\t<\/section>\n\t\t\t\t<\/div>\n\t\t ","protected":false},"excerpt":{"rendered":"<p>&#8220;ND Filtreler &#8211; Yurt i\u00e7i&#8221; sayfas\u0131na geri d\u00f6n&#8230;<\/p>\n","protected":false},"author":1,"featured_media":0,"parent":0,"menu_order":0,"comment_status":"open","ping_status":"closed","template":"page-templates\/page_fullwidth.php","meta":{"footnotes":""},"_links":{"self":[{"href":"https:\/\/f9project.com\/index.php?rest_route=\/wp\/v2\/pages\/430"}],"collection":[{"href":"https:\/\/f9project.com\/index.php?rest_route=\/wp\/v2\/pages"}],"about":[{"href":"https:\/\/f9project.com\/index.php?rest_route=\/wp\/v2\/types\/page"}],"author":[{"embeddable":true,"href":"https:\/\/f9project.com\/index.php?rest_route=\/wp\/v2\/users\/1"}],"replies":[{"embeddable":true,"href":"https:\/\/f9project.com\/index.php?rest_route=%2Fwp%2Fv2%2Fcomments&post=430"}],"version-history":[{"count":7,"href":"https:\/\/f9project.com\/index.php?rest_route=\/wp\/v2\/pages\/430\/revisions"}],"predecessor-version":[{"id":487,"href":"https:\/\/f9project.com\/index.php?rest_route=\/wp\/v2\/pages\/430\/revisions\/487"}],"wp:attachment":[{"href":"https:\/\/f9project.com\/index.php?rest_route=%2Fwp%2Fv2%2Fmedia&parent=430"}],"curies":[{"name":"wp","href":"https:\/\/api.w.org\/{rel}","templated":true}]}}