{"id":2361,"date":"2018-01-13T18:42:00","date_gmt":"2018-01-13T16:42:00","guid":{"rendered":"http:\/\/f9project.com\/?page_id=2361"},"modified":"2021-01-05T21:22:23","modified_gmt":"2021-01-05T18:22:23","slug":"hakkinda-2","status":"publish","type":"page","link":"https:\/\/f9project.com\/?page_id=2361","title":{"rendered":"Hakk\u0131nda"},"content":{"rendered":"\t\t<div data-elementor-type=\"wp-page\" data-elementor-id=\"2361\" class=\"elementor elementor-2361\">\n\t\t\t\t\t\t<section class=\"elementor-section elementor-top-section elementor-element elementor-element-3348eac elementor-section-boxed elementor-section-height-default elementor-section-height-default\" data-id=\"3348eac\" data-element_type=\"section\">\n\t\t\t\t\t\t<div class=\"elementor-container elementor-column-gap-default\">\n\t\t\t\t\t<div class=\"elementor-column elementor-col-20 elementor-top-column elementor-element elementor-element-135e716\" data-id=\"135e716\" data-element_type=\"column\">\n\t\t\t<div class=\"elementor-widget-wrap elementor-element-populated\">\n\t\t\t\t\t\t<div class=\"elementor-element elementor-element-3ad7afe elementor-invisible elementor-widget elementor-widget-image\" data-id=\"3ad7afe\" data-element_type=\"widget\" data-settings=\"{&quot;_animation&quot;:&quot;bounceInLeft&quot;}\" data-widget_type=\"image.default\">\n\t\t\t\t<div class=\"elementor-widget-container\">\n\t\t\t\t\t\t\t\t\t\t\t\t\t\t<a href=\"http:\/\/f9project.com\/?page_id=10\">\n\t\t\t\t\t\t\t<img decoding=\"async\" src=\"https:\/\/f9project.com\/wp-content\/uploads\/elementor\/thumbs\/Ozlem_Acaroglu_Ozgecmis_Fotografi-odp36a7b4k82w7q00fhjk71y8p5oun0cgzcqpkac2o.jpg\" title=\"\u00d6zlem Acaro\u011flu\" alt=\"\u00d6zlem Acaro\u011flu\" loading=\"lazy\" \/>\t\t\t\t\t\t\t\t<\/a>\n\t\t\t\t\t\t\t\t\t\t\t\t\t<\/div>\n\t\t\t\t<\/div>\n\t\t\t\t\t<\/div>\n\t\t<\/div>\n\t\t\t\t<div class=\"elementor-column elementor-col-20 elementor-top-column elementor-element elementor-element-93c8c27\" data-id=\"93c8c27\" data-element_type=\"column\">\n\t\t\t<div class=\"elementor-widget-wrap elementor-element-populated\">\n\t\t\t\t\t\t<div class=\"elementor-element elementor-element-2766ddc elementor-invisible elementor-widget elementor-widget-text-editor\" data-id=\"2766ddc\" data-element_type=\"widget\" data-settings=\"{&quot;_animation&quot;:&quot;bounceInLeft&quot;}\" data-widget_type=\"text-editor.default\">\n\t\t\t\t<div class=\"elementor-widget-container\">\n\t\t\t\t\t\t\t<h6><a href=\"http:\/\/f9project.com\/?page_id=10\">\u00d6zlem Acaro\u011flu \u00d6zge\u00e7mi\u015f&#8230;<\/a><\/h6>\t\t\t\t\t\t<\/div>\n\t\t\t\t<\/div>\n\t\t\t\t\t<\/div>\n\t\t<\/div>\n\t\t\t\t<div class=\"elementor-column elementor-col-20 elementor-top-column elementor-element elementor-element-bd336c8\" data-id=\"bd336c8\" data-element_type=\"column\">\n\t\t\t<div class=\"elementor-widget-wrap\">\n\t\t\t\t\t\t\t<\/div>\n\t\t<\/div>\n\t\t\t\t<div class=\"elementor-column elementor-col-20 elementor-top-column elementor-element elementor-element-a290e91\" data-id=\"a290e91\" data-element_type=\"column\">\n\t\t\t<div class=\"elementor-widget-wrap\">\n\t\t\t\t\t\t\t<\/div>\n\t\t<\/div>\n\t\t\t\t<div class=\"elementor-column elementor-col-20 elementor-top-column elementor-element elementor-element-4a1db6b\" data-id=\"4a1db6b\" data-element_type=\"column\">\n\t\t\t<div class=\"elementor-widget-wrap\">\n\t\t\t\t\t\t\t<\/div>\n\t\t<\/div>\n\t\t\t\t\t<\/div>\n\t\t<\/section>\n\t\t\t\t<\/div>\n\t\t ","protected":false},"excerpt":{"rendered":"<p>\u00d6zlem Acaro\u011flu \u00d6zge\u00e7mi\u015f&#8230;<\/p>\n","protected":false},"author":1,"featured_media":0,"parent":0,"menu_order":0,"comment_status":"closed","ping_status":"closed","template":"page-templates\/page_fullwidth.php","meta":{"footnotes":""},"_links":{"self":[{"href":"https:\/\/f9project.com\/index.php?rest_route=\/wp\/v2\/pages\/2361"}],"collection":[{"href":"https:\/\/f9project.com\/index.php?rest_route=\/wp\/v2\/pages"}],"about":[{"href":"https:\/\/f9project.com\/index.php?rest_route=\/wp\/v2\/types\/page"}],"author":[{"embeddable":true,"href":"https:\/\/f9project.com\/index.php?rest_route=\/wp\/v2\/users\/1"}],"replies":[{"embeddable":true,"href":"https:\/\/f9project.com\/index.php?rest_route=%2Fwp%2Fv2%2Fcomments&post=2361"}],"version-history":[{"count":14,"href":"https:\/\/f9project.com\/index.php?rest_route=\/wp\/v2\/pages\/2361\/revisions"}],"predecessor-version":[{"id":2889,"href":"https:\/\/f9project.com\/index.php?rest_route=\/wp\/v2\/pages\/2361\/revisions\/2889"}],"wp:attachment":[{"href":"https:\/\/f9project.com\/index.php?rest_route=%2Fwp%2Fv2%2Fmedia&parent=2361"}],"curies":[{"name":"wp","href":"https:\/\/api.w.org\/{rel}","templated":true}]}}