{"id":1065,"date":"2017-11-03T22:22:07","date_gmt":"2017-11-03T20:22:07","guid":{"rendered":"http:\/\/f9project.com\/?page_id=1065"},"modified":"2017-11-03T22:31:13","modified_gmt":"2017-11-03T20:31:13","slug":"nd-filtreler-yurt-disi-ukraine","status":"publish","type":"page","link":"https:\/\/f9project.com\/?page_id=1065","title":{"rendered":"ND Filtreler \u2013 Yurt d\u0131\u015f\u0131 \u2013 Ukraine"},"content":{"rendered":"\t\t<div data-elementor-type=\"wp-page\" data-elementor-id=\"1065\" class=\"elementor elementor-1065 elementor-bc-flex-widget\">\n\t\t\t\t\t\t<section class=\"elementor-section elementor-top-section elementor-element elementor-element-85ov8tx elementor-section-boxed elementor-section-height-default elementor-section-height-default\" data-id=\"85ov8tx\" data-element_type=\"section\">\n\t\t\t\t\t\t<div class=\"elementor-container elementor-column-gap-default\">\n\t\t\t\t\t<div class=\"elementor-column elementor-col-100 elementor-top-column elementor-element elementor-element-qwpqoij\" data-id=\"qwpqoij\" data-element_type=\"column\">\n\t\t\t<div class=\"elementor-widget-wrap elementor-element-populated\">\n\t\t\t\t\t\t<div class=\"elementor-element elementor-element-wtljl10 elementor-widget elementor-widget-wp-widget-metaslider_widget\" data-id=\"wtljl10\" data-element_type=\"widget\" data-widget_type=\"wp-widget-metaslider_widget.default\">\n\t\t\t\t<div class=\"elementor-widget-container\">\n\t\t\t<div id=\"metaslider-id-1068\" style=\"max-width: 900px; margin: 0 auto;\" class=\"ml-slider-3-70-2 metaslider metaslider-flex metaslider-1068 ml-slider ms-theme-default\" role=\"region\" aria-roledescription=\"Slideshow\" aria-label=\"ND-yd-Ukraine\">\n    <div id=\"metaslider_container_1068\">\n        <div id=\"metaslider_1068\">\n            <ul aria-live=\"polite\" class=\"slides\">\n                <li style=\"display: block; width: 100%;\" class=\"slide-1074 ms-image \" aria-roledescription=\"slide\" aria-label=\"slide-1074\"><img fetchpriority=\"high\" decoding=\"async\" src=\"https:\/\/f9project.com\/wp-content\/uploads\/2017\/11\/01_Ukraine-900x600.jpg\" height=\"600\" width=\"900\" alt=\"Ukraine, Kiev, Dnipro, Metro Bridge, 2017, Neutral Density Filter\" class=\"slider-1068 slide-1074\" \/><div class=\"caption-wrap\"><div class=\"caption\">Ukraine, Kiev, Dnipro, Metro Bridge, 2017, Neutral Density Filter<\/div><\/div><\/li>\n                <li style=\"display: none; width: 100%;\" class=\"slide-1075 ms-image \" aria-roledescription=\"slide\" aria-label=\"slide-1075\"><img decoding=\"async\" src=\"https:\/\/f9project.com\/wp-content\/uploads\/2017\/11\/02_Ukraine-900x600.jpg\" height=\"600\" width=\"900\" alt=\"Ukraine, Kiev, Dnipro, Metro Bridge, 2017, Neutral Density Filter\" class=\"slider-1068 slide-1075\" \/><div class=\"caption-wrap\"><div class=\"caption\">Ukraine, Kiev, Dnipro, Metro Bridge, 2017, Neutral Density Filter<\/div><\/div><\/li>\n                <li style=\"display: none; width: 100%;\" class=\"slide-1076 ms-image \" aria-roledescription=\"slide\" aria-label=\"slide-1076\"><img decoding=\"async\" src=\"https:\/\/f9project.com\/wp-content\/uploads\/2017\/11\/03_Ukraine-900x600.jpg\" height=\"600\" width=\"900\" alt=\"Ukraine, Kiev, Dnipro,St. Nicolas Wondermaker on The Water Church, 2017, Neutral Density Filter\" class=\"slider-1068 slide-1076\" \/><div class=\"caption-wrap\"><div class=\"caption\">Ukraine, Kiev, Dnipro,St. Nicolas Wondermaker on The Water Church, 2017, Neutral Density Filter<\/div><\/div><\/li>\n                <li style=\"display: none; width: 100%;\" class=\"slide-1077 ms-image \" aria-roledescription=\"slide\" aria-label=\"slide-1077\"><img loading=\"lazy\" decoding=\"async\" src=\"https:\/\/f9project.com\/wp-content\/uploads\/2017\/11\/04_Ukraine-900x600.jpg\" height=\"600\" width=\"900\" alt=\"Ukraine, Kiev, Dnipro, Havansky Bridge, 2017, Neutral Density Filter\" class=\"slider-1068 slide-1077\" \/><div class=\"caption-wrap\"><div class=\"caption\">Ukraine, Kiev, Dnipro, Havansky Bridge, 2017, Neutral Density Filter<\/div><\/div><\/li>\n                <li style=\"display: none; width: 100%;\" class=\"slide-1085 ms-image \" aria-roledescription=\"slide\" aria-label=\"slide-1085\"><img loading=\"lazy\" decoding=\"async\" src=\"https:\/\/f9project.com\/wp-content\/uploads\/2017\/11\/05_Ukraine-900x600.jpg\" height=\"600\" width=\"900\" alt=\"Ukraine, Lviv, Rynok Square, 2017, Neutral Density Filter\" class=\"slider-1068 slide-1085\" \/><div class=\"caption-wrap\"><div class=\"caption\">Ukraine, Lviv, Rynok  Square, 2017, Neutral Density Filter<\/div><\/div><\/li>\n                <li style=\"display: none; width: 100%;\" class=\"slide-1087 ms-image \" aria-roledescription=\"slide\" aria-label=\"slide-1087\"><img loading=\"lazy\" decoding=\"async\" src=\"https:\/\/f9project.com\/wp-content\/uploads\/2017\/11\/06_Ukraine-900x600.jpg\" height=\"600\" width=\"900\" alt=\"Ukraine, Lviv, Rynok Square, 2017, Neutral Density Filter\" class=\"slider-1068 slide-1087\" \/><div class=\"caption-wrap\"><div class=\"caption\">Ukraine, Lviv, Rynok  Square, 2017, Neutral Density Filter<\/div><\/div><\/li>\n            <\/ul>\n        <\/div>\n        \n    <\/div>\n<\/div>\t\t<\/div>\n\t\t\t\t<\/div>\n\t\t\t\t\t<\/div>\n\t\t<\/div>\n\t\t\t\t\t<\/div>\n\t\t<\/section>\n\t\t\t\t<section class=\"elementor-section elementor-top-section elementor-element elementor-element-zxv9crr elementor-section-boxed elementor-section-height-default elementor-section-height-default\" data-id=\"zxv9crr\" data-element_type=\"section\">\n\t\t\t\t\t\t<div class=\"elementor-container elementor-column-gap-default\">\n\t\t\t\t\t<div class=\"elementor-column elementor-col-100 elementor-top-column elementor-element elementor-element-86s7eoy\" data-id=\"86s7eoy\" data-element_type=\"column\">\n\t\t\t<div class=\"elementor-widget-wrap elementor-element-populated\">\n\t\t\t\t\t\t<div class=\"elementor-element elementor-element-1w8phq3 elementor-align-center elementor-widget elementor-widget-button\" data-id=\"1w8phq3\" data-element_type=\"widget\" data-widget_type=\"button.default\">\n\t\t\t\t<div class=\"elementor-widget-container\">\n\t\t\t\t\t<div class=\"elementor-button-wrapper\">\n\t\t\t<a class=\"elementor-button elementor-button-link elementor-size-sm\" href=\"http:\/\/f9project.com\/?page_id=1000\">\n\t\t\t\t\t\t<span class=\"elementor-button-content-wrapper\">\n\t\t\t\t\t\t<span class=\"elementor-button-icon elementor-align-icon-left\">\n\t\t\t\t\t\t\t\t\t<i class=\"fa fa-arrow-circle-left\" aria-hidden=\"true\"><\/i>\n\t\t\t\t\t\t\t<\/span>\n\t\t\t\t\t\t\t\t\t<span class=\"elementor-button-text\">\"ND Filtreler - Yurt d\u0131\u015f\u0131\" sayfas\u0131na geri d\u00f6n...<\/span>\n\t\t\t\t\t<\/span>\n\t\t\t\t\t<\/a>\n\t\t<\/div>\n\t\t\t\t<\/div>\n\t\t\t\t<\/div>\n\t\t\t\t\t<\/div>\n\t\t<\/div>\n\t\t\t\t\t<\/div>\n\t\t<\/section>\n\t\t\t\t<\/div>\n\t\t ","protected":false},"excerpt":{"rendered":"<p>&#8220;ND Filtreler &#8211; Yurt d\u0131\u015f\u0131&#8221; sayfas\u0131na geri d\u00f6n&#8230;<\/p>\n","protected":false},"author":1,"featured_media":0,"parent":0,"menu_order":0,"comment_status":"open","ping_status":"closed","template":"page-templates\/page_fullwidth.php","meta":{"footnotes":""},"_links":{"self":[{"href":"https:\/\/f9project.com\/index.php?rest_route=\/wp\/v2\/pages\/1065"}],"collection":[{"href":"https:\/\/f9project.com\/index.php?rest_route=\/wp\/v2\/pages"}],"about":[{"href":"https:\/\/f9project.com\/index.php?rest_route=\/wp\/v2\/types\/page"}],"author":[{"embeddable":true,"href":"https:\/\/f9project.com\/index.php?rest_route=\/wp\/v2\/users\/1"}],"replies":[{"embeddable":true,"href":"https:\/\/f9project.com\/index.php?rest_route=%2Fwp%2Fv2%2Fcomments&post=1065"}],"version-history":[{"count":2,"href":"https:\/\/f9project.com\/index.php?rest_route=\/wp\/v2\/pages\/1065\/revisions"}],"predecessor-version":[{"id":1078,"href":"https:\/\/f9project.com\/index.php?rest_route=\/wp\/v2\/pages\/1065\/revisions\/1078"}],"wp:attachment":[{"href":"https:\/\/f9project.com\/index.php?rest_route=%2Fwp%2Fv2%2Fmedia&parent=1065"}],"curies":[{"name":"wp","href":"https:\/\/api.w.org\/{rel}","templated":true}]}}