{"id":1046,"date":"2017-11-03T22:14:36","date_gmt":"2017-11-03T20:14:36","guid":{"rendered":"http:\/\/f9project.com\/?page_id=1046"},"modified":"2017-11-03T22:21:10","modified_gmt":"2017-11-03T20:21:10","slug":"nd-filtreler-yurt-disi-italy","status":"publish","type":"page","link":"https:\/\/f9project.com\/?page_id=1046","title":{"rendered":"ND Filtreler \u2013 Yurt d\u0131\u015f\u0131 \u2013 Italy"},"content":{"rendered":"\t\t<div data-elementor-type=\"wp-page\" data-elementor-id=\"1046\" class=\"elementor elementor-1046 elementor-bc-flex-widget\">\n\t\t\t\t\t\t<section class=\"elementor-section elementor-top-section elementor-element elementor-element-kjlz9bh elementor-section-boxed elementor-section-height-default elementor-section-height-default\" data-id=\"kjlz9bh\" data-element_type=\"section\">\n\t\t\t\t\t\t<div class=\"elementor-container elementor-column-gap-default\">\n\t\t\t\t\t<div class=\"elementor-column elementor-col-100 elementor-top-column elementor-element elementor-element-31xnzoy\" data-id=\"31xnzoy\" data-element_type=\"column\">\n\t\t\t<div class=\"elementor-widget-wrap elementor-element-populated\">\n\t\t\t\t\t\t<div class=\"elementor-element elementor-element-g79s71w elementor-widget elementor-widget-wp-widget-metaslider_widget\" data-id=\"g79s71w\" data-element_type=\"widget\" data-widget_type=\"wp-widget-metaslider_widget.default\">\n\t\t\t\t<div class=\"elementor-widget-container\">\n\t\t\t<div id=\"metaslider-id-1049\" style=\"max-width: 900px; margin: 0 auto;\" class=\"ml-slider-3-70-2 metaslider metaslider-flex metaslider-1049 ml-slider ms-theme-default\" role=\"region\" aria-roledescription=\"Slideshow\" aria-label=\"ND-yd-Italy\">\n    <div id=\"metaslider_container_1049\">\n        <div id=\"metaslider_1049\">\n            <ul aria-live=\"polite\" class=\"slides\">\n                <li style=\"display: block; width: 100%;\" class=\"slide-1057 ms-image \" aria-roledescription=\"slide\" aria-label=\"slide-1057\"><img fetchpriority=\"high\" decoding=\"async\" src=\"https:\/\/f9project.com\/wp-content\/uploads\/2017\/11\/01_Italy-900x600.jpg\" height=\"600\" width=\"900\" alt=\"Italy, Venice, 2017, Neutral Density Filter\" class=\"slider-1049 slide-1057\" \/><div class=\"caption-wrap\"><div class=\"caption\">Italy, Venice, 2017, Neutral Density Filter<\/div><\/div><\/li>\n                <li style=\"display: none; width: 100%;\" class=\"slide-1058 ms-image \" aria-roledescription=\"slide\" aria-label=\"slide-1058\"><img decoding=\"async\" src=\"https:\/\/f9project.com\/wp-content\/uploads\/2017\/11\/02_Italy-900x600.jpg\" height=\"600\" width=\"900\" alt=\"Italy, Venice, 2017, Neutral Density Filter\" class=\"slider-1049 slide-1058\" \/><div class=\"caption-wrap\"><div class=\"caption\">Italy, Venice, 2017, Neutral Density Filter<\/div><\/div><\/li>\n                <li style=\"display: none; width: 100%;\" class=\"slide-1059 ms-image \" aria-roledescription=\"slide\" aria-label=\"slide-1059\"><img decoding=\"async\" src=\"https:\/\/f9project.com\/wp-content\/uploads\/2017\/11\/03_Italy-900x600.jpg\" height=\"600\" width=\"900\" alt=\"Italy, Venice, 2017, Neutral Density Filter\" class=\"slider-1049 slide-1059\" \/><div class=\"caption-wrap\"><div class=\"caption\">Italy, Venice, 2017, Neutral Density Filter<\/div><\/div><\/li>\n                <li style=\"display: none; width: 100%;\" class=\"slide-1060 ms-image \" aria-roledescription=\"slide\" aria-label=\"slide-1060\"><img loading=\"lazy\" decoding=\"async\" src=\"https:\/\/f9project.com\/wp-content\/uploads\/2017\/11\/04_Italy-900x600.jpg\" height=\"600\" width=\"900\" alt=\"Italy, Venice, 2017, Neutral Density Filter\" class=\"slider-1049 slide-1060\" \/><div class=\"caption-wrap\"><div class=\"caption\">Italy, Venice, 2017, Neutral Density Filter<\/div><\/div><\/li>\n                <li style=\"display: none; width: 100%;\" class=\"slide-1061 ms-image \" aria-roledescription=\"slide\" aria-label=\"slide-1061\"><img loading=\"lazy\" decoding=\"async\" src=\"https:\/\/f9project.com\/wp-content\/uploads\/2017\/11\/05_Italy-900x600.jpg\" height=\"600\" width=\"900\" alt=\"Italy, Genova, Portofino, 2017, Neutral Density Filter\" class=\"slider-1049 slide-1061\" \/><div class=\"caption-wrap\"><div class=\"caption\">Italy, Genova, Portofino, 2017, Neutral Density Filter<\/div><\/div><\/li>\n                <li style=\"display: none; width: 100%;\" class=\"slide-1062 ms-image \" aria-roledescription=\"slide\" aria-label=\"slide-1062\"><img loading=\"lazy\" decoding=\"async\" src=\"https:\/\/f9project.com\/wp-content\/uploads\/2017\/11\/06_Italy-900x600.jpg\" height=\"600\" width=\"900\" alt=\"Italy, Venice, Grand Canal, 2017, Neutral Density Filter\" class=\"slider-1049 slide-1062\" \/><div class=\"caption-wrap\"><div class=\"caption\">Italy, Venice, Grand Canal, 2017, Neutral Density Filter<\/div><\/div><\/li>\n                <li style=\"display: none; width: 100%;\" class=\"slide-1063 ms-image \" aria-roledescription=\"slide\" aria-label=\"slide-1063\"><img loading=\"lazy\" decoding=\"async\" src=\"https:\/\/f9project.com\/wp-content\/uploads\/2017\/11\/07_Italy-900x600.jpg\" height=\"600\" width=\"900\" alt=\"Italy, Pisa Cathedral, 2017, Neutral Dens\u0131ity Filter\" class=\"slider-1049 slide-1063\" \/><div class=\"caption-wrap\"><div class=\"caption\">Italy, Pisa Cathedral, 2017, Neutral Dens\u0131ity Filter<\/div><\/div><\/li>\n            <\/ul>\n        <\/div>\n        \n    <\/div>\n<\/div>\t\t<\/div>\n\t\t\t\t<\/div>\n\t\t\t\t\t<\/div>\n\t\t<\/div>\n\t\t\t\t\t<\/div>\n\t\t<\/section>\n\t\t\t\t<section class=\"elementor-section elementor-top-section elementor-element elementor-element-396yptk elementor-section-boxed elementor-section-height-default elementor-section-height-default\" data-id=\"396yptk\" data-element_type=\"section\">\n\t\t\t\t\t\t<div class=\"elementor-container elementor-column-gap-default\">\n\t\t\t\t\t<div class=\"elementor-column elementor-col-100 elementor-top-column elementor-element elementor-element-ktphmgx\" data-id=\"ktphmgx\" data-element_type=\"column\">\n\t\t\t<div class=\"elementor-widget-wrap elementor-element-populated\">\n\t\t\t\t\t\t<div class=\"elementor-element elementor-element-je0d4n3 elementor-align-center elementor-widget elementor-widget-button\" data-id=\"je0d4n3\" data-element_type=\"widget\" data-widget_type=\"button.default\">\n\t\t\t\t<div class=\"elementor-widget-container\">\n\t\t\t\t\t<div class=\"elementor-button-wrapper\">\n\t\t\t<a class=\"elementor-button elementor-button-link elementor-size-sm\" href=\"http:\/\/f9project.com\/?page_id=1000\">\n\t\t\t\t\t\t<span class=\"elementor-button-content-wrapper\">\n\t\t\t\t\t\t<span class=\"elementor-button-icon elementor-align-icon-left\">\n\t\t\t\t\t\t\t\t\t<i class=\"fa fa-arrow-circle-left\" aria-hidden=\"true\"><\/i>\n\t\t\t\t\t\t\t<\/span>\n\t\t\t\t\t\t\t\t\t<span class=\"elementor-button-text\">\"ND Filtreler - Yurt d\u0131\u015f\u0131\" sayfas\u0131na geri d\u00f6n...<\/span>\n\t\t\t\t\t<\/span>\n\t\t\t\t\t<\/a>\n\t\t<\/div>\n\t\t\t\t<\/div>\n\t\t\t\t<\/div>\n\t\t\t\t\t<\/div>\n\t\t<\/div>\n\t\t\t\t\t<\/div>\n\t\t<\/section>\n\t\t\t\t<\/div>\n\t\t ","protected":false},"excerpt":{"rendered":"<p>&#8220;ND Filtreler &#8211; Yurt d\u0131\u015f\u0131&#8221; sayfas\u0131na geri d\u00f6n&#8230;<\/p>\n","protected":false},"author":1,"featured_media":0,"parent":0,"menu_order":0,"comment_status":"open","ping_status":"closed","template":"page-templates\/page_fullwidth.php","meta":{"footnotes":""},"_links":{"self":[{"href":"https:\/\/f9project.com\/index.php?rest_route=\/wp\/v2\/pages\/1046"}],"collection":[{"href":"https:\/\/f9project.com\/index.php?rest_route=\/wp\/v2\/pages"}],"about":[{"href":"https:\/\/f9project.com\/index.php?rest_route=\/wp\/v2\/types\/page"}],"author":[{"embeddable":true,"href":"https:\/\/f9project.com\/index.php?rest_route=\/wp\/v2\/users\/1"}],"replies":[{"embeddable":true,"href":"https:\/\/f9project.com\/index.php?rest_route=%2Fwp%2Fv2%2Fcomments&post=1046"}],"version-history":[{"count":2,"href":"https:\/\/f9project.com\/index.php?rest_route=\/wp\/v2\/pages\/1046\/revisions"}],"predecessor-version":[{"id":1064,"href":"https:\/\/f9project.com\/index.php?rest_route=\/wp\/v2\/pages\/1046\/revisions\/1064"}],"wp:attachment":[{"href":"https:\/\/f9project.com\/index.php?rest_route=%2Fwp%2Fv2%2Fmedia&parent=1046"}],"curies":[{"name":"wp","href":"https:\/\/api.w.org\/{rel}","templated":true}]}}