{"id":1033,"date":"2017-11-03T22:07:39","date_gmt":"2017-11-03T20:07:39","guid":{"rendered":"http:\/\/f9project.com\/?page_id=1033"},"modified":"2017-11-03T22:13:46","modified_gmt":"2017-11-03T20:13:46","slug":"nd-filtreler-yurt-disi-greece","status":"publish","type":"page","link":"https:\/\/f9project.com\/?page_id=1033","title":{"rendered":"ND Filtreler \u2013 Yurt d\u0131\u015f\u0131 \u2013 Greece"},"content":{"rendered":"\t\t<div data-elementor-type=\"wp-page\" data-elementor-id=\"1033\" class=\"elementor elementor-1033 elementor-bc-flex-widget\">\n\t\t\t\t\t\t<section class=\"elementor-section elementor-top-section elementor-element elementor-element-rnnhnyz elementor-section-boxed elementor-section-height-default elementor-section-height-default\" data-id=\"rnnhnyz\" data-element_type=\"section\">\n\t\t\t\t\t\t<div class=\"elementor-container elementor-column-gap-default\">\n\t\t\t\t\t<div class=\"elementor-column elementor-col-100 elementor-top-column elementor-element elementor-element-duwqp05\" data-id=\"duwqp05\" data-element_type=\"column\">\n\t\t\t<div class=\"elementor-widget-wrap elementor-element-populated\">\n\t\t\t\t\t\t<div class=\"elementor-element elementor-element-sfuy7vn elementor-widget elementor-widget-wp-widget-metaslider_widget\" data-id=\"sfuy7vn\" data-element_type=\"widget\" data-widget_type=\"wp-widget-metaslider_widget.default\">\n\t\t\t\t<div class=\"elementor-widget-container\">\n\t\t\t<div id=\"metaslider-id-1036\" style=\"max-width: 900px; margin: 0 auto;\" class=\"ml-slider-3-70-2 metaslider metaslider-flex metaslider-1036 ml-slider ms-theme-default\" role=\"region\" aria-roledescription=\"Slideshow\" aria-label=\"ND-yd-Greece\">\n    <div id=\"metaslider_container_1036\">\n        <div id=\"metaslider_1036\">\n            <ul aria-live=\"polite\" class=\"slides\">\n                <li style=\"display: block; width: 100%;\" class=\"slide-1041 ms-image \" aria-roledescription=\"slide\" aria-label=\"slide-1041\"><img fetchpriority=\"high\" decoding=\"async\" src=\"https:\/\/f9project.com\/wp-content\/uploads\/2017\/11\/01_Greece-900x600.jpg\" height=\"600\" width=\"900\" alt=\"Greece, Chios Island, 2017, Neutral Density Filter\" class=\"slider-1036 slide-1041\" \/><div class=\"caption-wrap\"><div class=\"caption\">Greece, Chios Island, 2017, Neutral Density Filter <\/div><\/div><\/li>\n                <li style=\"display: none; width: 100%;\" class=\"slide-1042 ms-image \" aria-roledescription=\"slide\" aria-label=\"slide-1042\"><img decoding=\"async\" src=\"https:\/\/f9project.com\/wp-content\/uploads\/2017\/11\/02_Greece-900x600.jpg\" height=\"600\" width=\"900\" alt=\"Greece, Rhodes Island, 2017, Neutral Density Filter\" class=\"slider-1036 slide-1042\" \/><div class=\"caption-wrap\"><div class=\"caption\">Greece, Rhodes Island, 2017, Neutral Density Filter<\/div><\/div><\/li>\n                <li style=\"display: none; width: 100%;\" class=\"slide-1043 ms-image \" aria-roledescription=\"slide\" aria-label=\"slide-1043\"><img decoding=\"async\" src=\"https:\/\/f9project.com\/wp-content\/uploads\/2017\/11\/03_Greece-900x600.jpg\" height=\"600\" width=\"900\" alt=\"Greece, Rhodes Island, 2017, Neutral Density Filter\" class=\"slider-1036 slide-1043\" \/><div class=\"caption-wrap\"><div class=\"caption\">Greece, Rhodes Island, 2017, Neutral Density Filter<\/div><\/div><\/li>\n                <li style=\"display: none; width: 100%;\" class=\"slide-1044 ms-image \" aria-roledescription=\"slide\" aria-label=\"slide-1044\"><img loading=\"lazy\" decoding=\"async\" src=\"https:\/\/f9project.com\/wp-content\/uploads\/2017\/11\/04_Greece-900x600.jpg\" height=\"600\" width=\"900\" alt=\"Greece, Rhodes Island, 2017, Neutral Density Filter\" class=\"slider-1036 slide-1044\" \/><div class=\"caption-wrap\"><div class=\"caption\">Greece, Rhodes Island, 2017, Neutral Density Filter<\/div><\/div><\/li>\n            <\/ul>\n        <\/div>\n        \n    <\/div>\n<\/div>\t\t<\/div>\n\t\t\t\t<\/div>\n\t\t\t\t\t<\/div>\n\t\t<\/div>\n\t\t\t\t\t<\/div>\n\t\t<\/section>\n\t\t\t\t<section class=\"elementor-section elementor-top-section elementor-element elementor-element-kt9fyad elementor-section-boxed elementor-section-height-default elementor-section-height-default\" data-id=\"kt9fyad\" data-element_type=\"section\">\n\t\t\t\t\t\t<div class=\"elementor-container elementor-column-gap-default\">\n\t\t\t\t\t<div class=\"elementor-column elementor-col-100 elementor-top-column elementor-element elementor-element-3635apt\" data-id=\"3635apt\" data-element_type=\"column\">\n\t\t\t<div class=\"elementor-widget-wrap elementor-element-populated\">\n\t\t\t\t\t\t<div class=\"elementor-element elementor-element-2473acy elementor-align-center elementor-widget elementor-widget-button\" data-id=\"2473acy\" data-element_type=\"widget\" data-widget_type=\"button.default\">\n\t\t\t\t<div class=\"elementor-widget-container\">\n\t\t\t\t\t<div class=\"elementor-button-wrapper\">\n\t\t\t<a class=\"elementor-button elementor-button-link elementor-size-sm\" href=\"http:\/\/f9project.com\/?page_id=1000\">\n\t\t\t\t\t\t<span class=\"elementor-button-content-wrapper\">\n\t\t\t\t\t\t<span class=\"elementor-button-icon elementor-align-icon-left\">\n\t\t\t\t\t\t\t\t\t<i class=\"fa fa-arrow-circle-left\" aria-hidden=\"true\"><\/i>\n\t\t\t\t\t\t\t<\/span>\n\t\t\t\t\t\t\t\t\t<span class=\"elementor-button-text\">\"ND Filtreler - Yurt d\u0131\u015f\u0131\" sayfas\u0131na geri d\u00f6n...<\/span>\n\t\t\t\t\t<\/span>\n\t\t\t\t\t<\/a>\n\t\t<\/div>\n\t\t\t\t<\/div>\n\t\t\t\t<\/div>\n\t\t\t\t\t<\/div>\n\t\t<\/div>\n\t\t\t\t\t<\/div>\n\t\t<\/section>\n\t\t\t\t<\/div>\n\t\t ","protected":false},"excerpt":{"rendered":"<p>&#8220;ND Filtreler &#8211; Yurt d\u0131\u015f\u0131&#8221; sayfas\u0131na geri d\u00f6n&#8230;<\/p>\n","protected":false},"author":1,"featured_media":0,"parent":0,"menu_order":0,"comment_status":"open","ping_status":"closed","template":"page-templates\/page_fullwidth.php","meta":{"footnotes":""},"_links":{"self":[{"href":"https:\/\/f9project.com\/index.php?rest_route=\/wp\/v2\/pages\/1033"}],"collection":[{"href":"https:\/\/f9project.com\/index.php?rest_route=\/wp\/v2\/pages"}],"about":[{"href":"https:\/\/f9project.com\/index.php?rest_route=\/wp\/v2\/types\/page"}],"author":[{"embeddable":true,"href":"https:\/\/f9project.com\/index.php?rest_route=\/wp\/v2\/users\/1"}],"replies":[{"embeddable":true,"href":"https:\/\/f9project.com\/index.php?rest_route=%2Fwp%2Fv2%2Fcomments&post=1033"}],"version-history":[{"count":2,"href":"https:\/\/f9project.com\/index.php?rest_route=\/wp\/v2\/pages\/1033\/revisions"}],"predecessor-version":[{"id":1045,"href":"https:\/\/f9project.com\/index.php?rest_route=\/wp\/v2\/pages\/1033\/revisions\/1045"}],"wp:attachment":[{"href":"https:\/\/f9project.com\/index.php?rest_route=%2Fwp%2Fv2%2Fmedia&parent=1033"}],"curies":[{"name":"wp","href":"https:\/\/api.w.org\/{rel}","templated":true}]}}