{"id":1004,"date":"2017-11-03T21:53:03","date_gmt":"2017-11-03T19:53:03","guid":{"rendered":"http:\/\/f9project.com\/?page_id=1004"},"modified":"2017-11-03T22:05:57","modified_gmt":"2017-11-03T20:05:57","slug":"nd-filtreler-yurt-disi-bosnia-and-herzegovina","status":"publish","type":"page","link":"https:\/\/f9project.com\/?page_id=1004","title":{"rendered":"ND Filtreler \u2013 Yurt d\u0131\u015f\u0131 \u2013 Bosnia and Herzegovina"},"content":{"rendered":"\t\t<div data-elementor-type=\"wp-page\" data-elementor-id=\"1004\" class=\"elementor elementor-1004 elementor-bc-flex-widget\">\n\t\t\t\t\t\t<section class=\"elementor-section elementor-top-section elementor-element elementor-element-v23cfiy elementor-section-boxed elementor-section-height-default elementor-section-height-default\" data-id=\"v23cfiy\" data-element_type=\"section\">\n\t\t\t\t\t\t<div class=\"elementor-container elementor-column-gap-default\">\n\t\t\t\t\t<div class=\"elementor-column elementor-col-100 elementor-top-column elementor-element elementor-element-s472p35\" data-id=\"s472p35\" data-element_type=\"column\">\n\t\t\t<div class=\"elementor-widget-wrap elementor-element-populated\">\n\t\t\t\t\t\t<div class=\"elementor-element elementor-element-zuwaj2q elementor-widget elementor-widget-wp-widget-metaslider_widget\" data-id=\"zuwaj2q\" data-element_type=\"widget\" data-widget_type=\"wp-widget-metaslider_widget.default\">\n\t\t\t\t<div class=\"elementor-widget-container\">\n\t\t\t<div id=\"metaslider-id-1007\" style=\"max-width: 900px; margin: 0 auto;\" class=\"ml-slider-3-70-2 metaslider metaslider-flex metaslider-1007 ml-slider ms-theme-default\" role=\"region\" aria-roledescription=\"Slideshow\" aria-label=\"ND-yd-Bosnia\">\n    <div id=\"metaslider_container_1007\">\n        <div id=\"metaslider_1007\">\n            <ul aria-live=\"polite\" class=\"slides\">\n                <li style=\"display: block; width: 100%;\" class=\"slide-1019 ms-image \" aria-roledescription=\"slide\" aria-label=\"slide-1019\"><img fetchpriority=\"high\" decoding=\"async\" src=\"https:\/\/f9project.com\/wp-content\/uploads\/2017\/11\/01_Bosnia-900x600.jpg\" height=\"600\" width=\"900\" alt=\"Bosnia and Herzegovina, Kravica Waterfalls, 2017, Neutral Density Filter\" class=\"slider-1007 slide-1019\" \/><div class=\"caption-wrap\"><div class=\"caption\">Bosnia and Herzegovina, Kravica Waterfalls, 2017, Neutral Density Filter<\/div><\/div><\/li>\n                <li style=\"display: none; width: 100%;\" class=\"slide-1029 ms-image \" aria-roledescription=\"slide\" aria-label=\"slide-1029\"><img decoding=\"async\" src=\"https:\/\/f9project.com\/wp-content\/uploads\/2017\/11\/02_Bosnia-900x600.jpg\" height=\"600\" width=\"900\" alt=\"Bosnia and Herzegovina, Cathedral of Jesus Sacred Heart\" class=\"slider-1007 slide-1029\" \/><div class=\"caption-wrap\"><div class=\"caption\">Bosnia and Herzegovina, Cathedral of Jesus Sacred Heart<\/div><\/div><\/li>\n                <li style=\"display: none; width: 100%;\" class=\"slide-1028 ms-image \" aria-roledescription=\"slide\" aria-label=\"slide-1028\"><img decoding=\"async\" src=\"https:\/\/f9project.com\/wp-content\/uploads\/2017\/11\/03_Bosnia-900x600.jpg\" height=\"600\" width=\"900\" alt=\"Bosnia and Herzegovina, Sarajevo, 2017, Neutral Density Filter\" class=\"slider-1007 slide-1028\" \/><div class=\"caption-wrap\"><div class=\"caption\">Bosnia and Herzegovina, Sarajevo, 2017, Neutral Density Filter<\/div><\/div><\/li>\n                <li style=\"display: none; width: 100%;\" class=\"slide-1027 ms-image \" aria-roledescription=\"slide\" aria-label=\"slide-1027\"><img loading=\"lazy\" decoding=\"async\" src=\"https:\/\/f9project.com\/wp-content\/uploads\/2017\/11\/04_Bosnia-900x600.jpg\" height=\"600\" width=\"900\" alt=\"Bosnia and Herzegovina, Sarajevo, 2017, Neutral Density Filter\" class=\"slider-1007 slide-1027\" \/><div class=\"caption-wrap\"><div class=\"caption\">Bosnia and Herzegovina, Sarajevo, 2017, Neutral Density Filter<\/div><\/div><\/li>\n                <li style=\"display: none; width: 100%;\" class=\"slide-1026 ms-image \" aria-roledescription=\"slide\" aria-label=\"slide-1026\"><img loading=\"lazy\" decoding=\"async\" src=\"https:\/\/f9project.com\/wp-content\/uploads\/2017\/11\/05_Bosnia-900x600.jpg\" height=\"600\" width=\"900\" alt=\"Bosnia and Herzegovina, Jablanica, 2017, Neutral Density Filter\" class=\"slider-1007 slide-1026\" \/><div class=\"caption-wrap\"><div class=\"caption\">Bosnia and Herzegovina, Jablanica, 2017, Neutral Density Filter<\/div><\/div><\/li>\n                <li style=\"display: none; width: 100%;\" class=\"slide-1025 ms-image \" aria-roledescription=\"slide\" aria-label=\"slide-1025\"><img loading=\"lazy\" decoding=\"async\" src=\"https:\/\/f9project.com\/wp-content\/uploads\/2017\/11\/06_Bosnia-900x600.jpg\" height=\"600\" width=\"900\" alt=\"Bosnia and Herzegovina, Stari Most, 2017, Neutral Density Filter\" class=\"slider-1007 slide-1025\" \/><div class=\"caption-wrap\"><div class=\"caption\">Bosnia and Herzegovina, Stari Most, 2017, Neutral Density Filter<\/div><\/div><\/li>\n                <li style=\"display: none; width: 100%;\" class=\"slide-1024 ms-image \" aria-roledescription=\"slide\" aria-label=\"slide-1024\"><img loading=\"lazy\" decoding=\"async\" src=\"https:\/\/f9project.com\/wp-content\/uploads\/2017\/11\/07_Bosnia-900x600.jpg\" height=\"600\" width=\"900\" alt=\"Bosnia and Herzegovina, Blagaj, 2017, Neutral Density Filter\" class=\"slider-1007 slide-1024\" \/><div class=\"caption-wrap\"><div class=\"caption\">Bosnia and Herzegovina, Blagaj, 2017, Neutral Density Filter<\/div><\/div><\/li>\n                <li style=\"display: none; width: 100%;\" class=\"slide-1023 ms-image \" aria-roledescription=\"slide\" aria-label=\"slide-1023\"><img loading=\"lazy\" decoding=\"async\" src=\"https:\/\/f9project.com\/wp-content\/uploads\/2017\/11\/08_Bosnia-900x600.jpg\" height=\"600\" width=\"900\" alt=\"Bosnia and Herzegovina, Sarajevo, 2017, Neutral Density Filter\" class=\"slider-1007 slide-1023\" \/><div class=\"caption-wrap\"><div class=\"caption\">Bosnia and Herzegovina, Sarajevo, 2017, Neutral Density Filter<\/div><\/div><\/li>\n                <li style=\"display: none; width: 100%;\" class=\"slide-1022 ms-image \" aria-roledescription=\"slide\" aria-label=\"slide-1022\"><img loading=\"lazy\" decoding=\"async\" src=\"https:\/\/f9project.com\/wp-content\/uploads\/2017\/11\/09_Bosnia-900x600.jpg\" height=\"600\" width=\"900\" alt=\"Bosnia and Herzegovina, Neretva River, 2017, Neutral Density Filter\" class=\"slider-1007 slide-1022\" \/><div class=\"caption-wrap\"><div class=\"caption\">Bosnia and Herzegovina, Neretva River, 2017, Neutral Density Filter<\/div><\/div><\/li>\n                <li style=\"display: none; width: 100%;\" class=\"slide-1021 ms-image \" aria-roledescription=\"slide\" aria-label=\"slide-1021\"><img loading=\"lazy\" decoding=\"async\" src=\"https:\/\/f9project.com\/wp-content\/uploads\/2017\/11\/010_Bosnia-900x600.jpg\" height=\"600\" width=\"900\" alt=\"Bosnia and Herzegovina, Jablanica Lake, 2017, Neutral Density Filter\" class=\"slider-1007 slide-1021\" \/><div class=\"caption-wrap\"><div class=\"caption\">Bosnia and Herzegovina, Jablanica Lake, 2017, Neutral Density Filter<\/div><\/div><\/li>\n                <li style=\"display: none; width: 100%;\" class=\"slide-1020 ms-image \" aria-roledescription=\"slide\" aria-label=\"slide-1020\"><img loading=\"lazy\" decoding=\"async\" src=\"https:\/\/f9project.com\/wp-content\/uploads\/2017\/11\/011_Bosnia-900x600.jpg\" height=\"600\" width=\"900\" alt=\"Bosnia and Herzegovina, Jablanica Lake, 2017, Neutral Density Filter\" class=\"slider-1007 slide-1020\" \/><div class=\"caption-wrap\"><div class=\"caption\">Bosnia and Herzegovina, Jablanica Lake, 2017, Neutral Density Filter<\/div><\/div><\/li>\n            <\/ul>\n        <\/div>\n        \n    <\/div>\n<\/div>\t\t<\/div>\n\t\t\t\t<\/div>\n\t\t\t\t\t<\/div>\n\t\t<\/div>\n\t\t\t\t\t<\/div>\n\t\t<\/section>\n\t\t\t\t<section class=\"elementor-section elementor-top-section elementor-element elementor-element-h0y1s2p elementor-section-boxed elementor-section-height-default elementor-section-height-default\" data-id=\"h0y1s2p\" data-element_type=\"section\">\n\t\t\t\t\t\t<div class=\"elementor-container elementor-column-gap-default\">\n\t\t\t\t\t<div class=\"elementor-column elementor-col-100 elementor-top-column elementor-element elementor-element-zhvfkr5\" data-id=\"zhvfkr5\" data-element_type=\"column\">\n\t\t\t<div class=\"elementor-widget-wrap elementor-element-populated\">\n\t\t\t\t\t\t<div class=\"elementor-element elementor-element-77ajggs elementor-align-center elementor-widget elementor-widget-button\" data-id=\"77ajggs\" data-element_type=\"widget\" data-widget_type=\"button.default\">\n\t\t\t\t<div class=\"elementor-widget-container\">\n\t\t\t\t\t<div class=\"elementor-button-wrapper\">\n\t\t\t<a class=\"elementor-button elementor-button-link elementor-size-sm\" href=\"http:\/\/f9project.com\/?page_id=1000\">\n\t\t\t\t\t\t<span class=\"elementor-button-content-wrapper\">\n\t\t\t\t\t\t<span class=\"elementor-button-icon elementor-align-icon-left\">\n\t\t\t\t\t\t\t\t\t<i class=\"fa fa-arrow-circle-left\" aria-hidden=\"true\"><\/i>\n\t\t\t\t\t\t\t<\/span>\n\t\t\t\t\t\t\t\t\t<span class=\"elementor-button-text\">\"ND Filtreler - Yurt d\u0131\u015f\u0131\" sayfas\u0131na geri d\u00f6n...<\/span>\n\t\t\t\t\t<\/span>\n\t\t\t\t\t<\/a>\n\t\t<\/div>\n\t\t\t\t<\/div>\n\t\t\t\t<\/div>\n\t\t\t\t\t<\/div>\n\t\t<\/div>\n\t\t\t\t\t<\/div>\n\t\t<\/section>\n\t\t\t\t<\/div>\n\t\t ","protected":false},"excerpt":{"rendered":"<p>&#8220;ND Filtreler &#8211; Yurt d\u0131\u015f\u0131&#8221; sayfas\u0131na geri d\u00f6n&#8230;<\/p>\n","protected":false},"author":1,"featured_media":0,"parent":0,"menu_order":0,"comment_status":"open","ping_status":"closed","template":"page-templates\/page_fullwidth.php","meta":{"footnotes":""},"_links":{"self":[{"href":"https:\/\/f9project.com\/index.php?rest_route=\/wp\/v2\/pages\/1004"}],"collection":[{"href":"https:\/\/f9project.com\/index.php?rest_route=\/wp\/v2\/pages"}],"about":[{"href":"https:\/\/f9project.com\/index.php?rest_route=\/wp\/v2\/types\/page"}],"author":[{"embeddable":true,"href":"https:\/\/f9project.com\/index.php?rest_route=\/wp\/v2\/users\/1"}],"replies":[{"embeddable":true,"href":"https:\/\/f9project.com\/index.php?rest_route=%2Fwp%2Fv2%2Fcomments&post=1004"}],"version-history":[{"count":4,"href":"https:\/\/f9project.com\/index.php?rest_route=\/wp\/v2\/pages\/1004\/revisions"}],"predecessor-version":[{"id":1032,"href":"https:\/\/f9project.com\/index.php?rest_route=\/wp\/v2\/pages\/1004\/revisions\/1032"}],"wp:attachment":[{"href":"https:\/\/f9project.com\/index.php?rest_route=%2Fwp%2Fv2%2Fmedia&parent=1004"}],"curies":[{"name":"wp","href":"https:\/\/api.w.org\/{rel}","templated":true}]}}