{"id":10,"date":"2017-10-08T22:29:02","date_gmt":"2017-10-08T19:29:02","guid":{"rendered":"http:\/\/f9project.com\/?page_id=10"},"modified":"2024-04-23T12:25:54","modified_gmt":"2024-04-23T09:25:54","slug":"hakkinda","status":"publish","type":"page","link":"https:\/\/f9project.com\/?page_id=10","title":{"rendered":"\u00d6zlem Acaro\u011flu \u00d6zge\u00e7mi\u015f"},"content":{"rendered":"\t\t<div data-elementor-type=\"wp-page\" data-elementor-id=\"10\" class=\"elementor elementor-10\">\n\t\t\t\t\t\t<section class=\"elementor-section elementor-top-section elementor-element elementor-element-ed2e7f9 elementor-section-boxed elementor-section-height-default elementor-section-height-default\" data-id=\"ed2e7f9\" data-element_type=\"section\">\n\t\t\t\t\t\t<div class=\"elementor-container elementor-column-gap-default\">\n\t\t\t\t\t<div class=\"elementor-column elementor-col-100 elementor-top-column elementor-element elementor-element-68c5277\" data-id=\"68c5277\" data-element_type=\"column\">\n\t\t\t<div class=\"elementor-widget-wrap elementor-element-populated\">\n\t\t\t\t\t\t<div class=\"elementor-element elementor-element-53a874a elementor-invisible elementor-widget elementor-widget-image\" data-id=\"53a874a\" data-element_type=\"widget\" data-settings=\"{&quot;_animation&quot;:&quot;zoomInUp&quot;}\" data-widget_type=\"image.default\">\n\t\t\t\t<div class=\"elementor-widget-container\">\n\t\t\t\t\t\t\t\t\t\t\t\t\t<img fetchpriority=\"high\" decoding=\"async\" width=\"1024\" height=\"683\" src=\"https:\/\/f9project.com\/wp-content\/uploads\/2018\/11\/Ozlem_Acaroglu_Ozgecmis_Fotografi-1024x683.jpg\" class=\"attachment-large size-large wp-image-2715\" alt=\"\u00d6zlem Acaro\u011flu\" srcset=\"https:\/\/f9project.com\/wp-content\/uploads\/2018\/11\/Ozlem_Acaroglu_Ozgecmis_Fotografi-1024x683.jpg 1024w, https:\/\/f9project.com\/wp-content\/uploads\/2018\/11\/Ozlem_Acaroglu_Ozgecmis_Fotografi-300x200.jpg 300w, https:\/\/f9project.com\/wp-content\/uploads\/2018\/11\/Ozlem_Acaroglu_Ozgecmis_Fotografi-768x512.jpg 768w, https:\/\/f9project.com\/wp-content\/uploads\/2018\/11\/Ozlem_Acaroglu_Ozgecmis_Fotografi-830x553.jpg 830w, https:\/\/f9project.com\/wp-content\/uploads\/2018\/11\/Ozlem_Acaroglu_Ozgecmis_Fotografi-230x153.jpg 230w, https:\/\/f9project.com\/wp-content\/uploads\/2018\/11\/Ozlem_Acaroglu_Ozgecmis_Fotografi-350x233.jpg 350w, https:\/\/f9project.com\/wp-content\/uploads\/2018\/11\/Ozlem_Acaroglu_Ozgecmis_Fotografi-480x320.jpg 480w\" sizes=\"(max-width: 1024px) 100vw, 1024px\" \/>\t\t\t\t\t\t\t\t\t\t\t\t\t<\/div>\n\t\t\t\t<\/div>\n\t\t\t\t\t<\/div>\n\t\t<\/div>\n\t\t\t\t\t<\/div>\n\t\t<\/section>\n\t\t\t\t<section class=\"elementor-section elementor-top-section elementor-element elementor-element-2a3954d elementor-section-boxed elementor-section-height-default elementor-section-height-default\" data-id=\"2a3954d\" data-element_type=\"section\">\n\t\t\t\t\t\t<div class=\"elementor-container elementor-column-gap-default\">\n\t\t\t\t\t<div class=\"elementor-column elementor-col-100 elementor-top-column elementor-element elementor-element-897f75d\" data-id=\"897f75d\" data-element_type=\"column\">\n\t\t\t<div class=\"elementor-widget-wrap elementor-element-populated\">\n\t\t\t\t\t\t<div class=\"elementor-element elementor-element-4bf7995 elementor-invisible elementor-widget elementor-widget-text-editor\" data-id=\"4bf7995\" data-element_type=\"widget\" data-settings=\"{&quot;_animation&quot;:&quot;bounceInUp&quot;}\" data-widget_type=\"text-editor.default\">\n\t\t\t\t<div class=\"elementor-widget-container\">\n\t\t\t\t\t\t\t<h5><strong>\u00d6zlem Acaro\u011flu<\/strong><\/h5><h5><strong>Foto\u011fraf Sanat\u00e7\u0131s\u0131<\/strong><\/h5><h5><strong>1977, <\/strong><strong>\u0130<\/strong><strong>stanbul<\/strong><\/h5><p>Eserleri ulusal ve uluslararas\u0131 sanat fuarlar\u0131nda sergilenen sanat\u00e7\u0131, \u00fcniversitelerde ve k\u00fclt\u00fcr merkezlerinde s\u00f6yle\u015filer ve foto\u011fraf g\u00f6sterileri d\u00fczenlemekte ve 90\u2019l\u0131 y\u0131llar\u0131n ba\u015f\u0131ndan beri foto\u011fraf \u00fcretmektedir.<\/p><p>2013&#8217;ten beri LEE N\u00f6tr Yo\u011funluk Filtreleri ile \u00e7al\u0131\u015fmaktad\u0131r. Son be\u015f y\u0131ld\u0131r devam eden \u2018\u2019Ses&#8217;sis Zamanlar\u2019\u2019 adl\u0131 foto\u011fraf projesi, ulusal ve uluslararas\u0131 sanat fuarlar\u0131nda ve galerilerde sergilenmi\u015ftir.<\/p><p>\u0130\u015fleri 2017 y\u0131l\u0131nda, Foto Fever Art Fair kapsam\u0131nda, Paris Louvre M\u00fczesi\u2019nde Carrousel du Louvre\u2019da sergilenmi\u015ftir.<\/p><p>Bu pozlamalar Anadolu&#8217;da, Edirne&#8217;den Kars&#8217;a, kuzeyden g\u00fcneye do\u011fru \u00fcretilen eserlerden derlenmi\u015ftir.<\/p><p>ND filtreler ile olan zaman yolculu\u011fu, hem yurt i\u00e7inde hem yurt d\u0131\u015f\u0131nda bir ser\u00fcven olarak\u00a0 devam etmektedir.<\/p><p>2018 y\u0131l\u0131nda, &#8220;Ses\u2019sis Zamanlar&#8221; adl\u0131 foto\u011fraf projesi, &#8220;Benim Ustam Zaman&#8221; ba\u015fl\u0131\u011f\u0131 alt\u0131nda, dan\u0131\u015fmanl\u0131\u011f\u0131n\u0131 \u0130stanbul Alt\u0131nba\u015f \u00dcniversitesi \u00d6\u011fretim \u00dcyelerinden Prof.Sabri \u00d6zayd\u0131n\u2019\u0131n yapt\u0131\u011f\u0131, ayn\u0131 \u00dcniversitenin Sinema Tv B\u00f6l\u00fcm\u00fc Ba\u015fkan\u0131, Dr. \u00d6\u011fretim \u00dcyesi C\u00fcneyt G\u00f6k\u2019\u00fcn, BAP deste\u011fi alan, &#8220;\u0130\u015fini Severek Yapanlar&#8221; adl\u0131 projesine konu olmu\u015f ve belgesel olarak \u00e7al\u0131\u015f\u0131lm\u0131\u015ft\u0131r.<\/p><p>I\u015f\u0131\u011f\u0131n pe\u015finde olmay\u0131 kendini ifade etmenin tek yolu olarak g\u00f6rmektedir.\u00a0<\/p>\t\t\t\t\t\t<\/div>\n\t\t\t\t<\/div>\n\t\t\t\t\t<\/div>\n\t\t<\/div>\n\t\t\t\t\t<\/div>\n\t\t<\/section>\n\t\t\t\t<section class=\"elementor-section elementor-top-section elementor-element elementor-element-9cb9c99 elementor-section-boxed elementor-section-height-default elementor-section-height-default\" data-id=\"9cb9c99\" data-element_type=\"section\">\n\t\t\t\t\t\t<div class=\"elementor-container elementor-column-gap-default\">\n\t\t\t\t\t<div class=\"elementor-column elementor-col-100 elementor-top-column elementor-element elementor-element-acab82b\" data-id=\"acab82b\" data-element_type=\"column\">\n\t\t\t<div class=\"elementor-widget-wrap elementor-element-populated\">\n\t\t\t\t\t\t<div class=\"elementor-element elementor-element-8869f30 elementor-invisible elementor-widget elementor-widget-text-editor\" data-id=\"8869f30\" data-element_type=\"widget\" data-settings=\"{&quot;_animation&quot;:&quot;bounceInUp&quot;}\" data-widget_type=\"text-editor.default\">\n\t\t\t\t<div class=\"elementor-widget-container\">\n\t\t\t\t\t\t\t<h5>\u00a0<\/h5><h5><strong>Ki\u015fisel Sergiler<\/strong><\/h5><div class=\"I_52qC D_FY W_6D6F\" data-test-id=\"message-view-body\"><div class=\"msg-body P_wpofO mq_AS\" data-test-id=\"message-view-body-content\"><div class=\"jb_0 X_6MGW N_6Fd5\"><div id=\"yiv8994086148\"><div dir=\"ltr\">2021 &#8220;Ses\u2019sis Zamanlar&#8221; Gaski Genel M\u00fcd\u00fcrl\u00fc\u011f\u00fc, B\u00fcy\u00fck\u015fehir Belediyesi K\u00fclt\u00fcr Ve Turizm Daire Ba\u015fkanl\u0131\u011f\u0131 Ve Hasan Kalyoncu \u00dcniversitesi \u0130\u015fbirli\u011finde D\u00fczenlenen, 22 Mart D\u00fcnya Su G\u00fcn\u00fc Kapsam\u0131nda Gaziantep K\u00fclt\u00fcr Merkezi\u2019nde a\u00e7\u0131lm\u0131\u015ft\u0131r. (Sergi K\u00fcrat\u00f6rleri, \u00d6\u011fr.G\u00f6r.Batu Duru, \u00d6\u011fr.G\u00f6r.Mehmet Vanl\u0131o\u011flu)<\/div><\/div><\/div><\/div><\/div><div class=\"H_7jIs D_F ab_C Q_69H5 E_36RhU\" data-test-id=\"toolbar-hover-area\"><div class=\"D_F W_6D6F r_BN gl_C\" data-test-id=\"card-toolbar\">\u00a0<\/div><\/div><p>2018\u00a0 &#8220;Ses\u2019sis Zamanlar&#8221; Mardin M\u00fczesi Sanat Galerisi, Eski Mardin<\/p><p>2016 \u00a0&#8220;Ses&#8217;sis Zamanlar&#8221; Gama Gallery, Beyo\u011flu, \u0130stanbul<\/p><p>2016 \u00a0&#8220;Ses&#8217;sis Zamanlar&#8221; Yenik\u00f6y K\u00fcd D\u0131po Surp Asdvadzadzni Ermeni Kilisesi, \u0130stanbul<\/p><p>2016 \u00a0&#8220;Ses&#8217;sis Zamanlar&#8221; Ugur Varl\u0131 Foto\u011fraf Galerisi, Sirkeci, istanbul<\/p><p>2016 \u00a0&#8220;Ses&#8217;sis Zamanlar&#8221; Caddebostan K\u00fclt\u00fcr ve Sanat Merkezi, Kad\u0131k\u00f6y, \u0130stanbul<\/p><p>2014 \u00a0&#8220;Bozcaada&#8217;da Zaman&#8221; Bozcaada Sanat Galerisi, \u00c7anakkale<\/p><p>2013 \u00a0&#8220;Bozcaada \u015earap \u0130\u015f\u00e7ileri&#8221; Bozcaada Sanat Galerisi, \u00c7anakkale<\/p><h5>\u00a0<\/h5><h5><strong>Karma Sergiler<\/strong><\/h5><p>2022\u00a0 34. \u015einasi Barut\u00e7u Kupas\u0131 Sergisi, \u0130fsak, Beyo\u011flu, \u0130stanbul<\/p><p>2021\u00a0 33. \u015einasi Barut\u00e7u Kupas\u0131 Foto\u011fraf Sergisi,\u00a0\u0130fsak,\u00a0Beyo\u011flu, \u0130stanbul<\/p><p>2018\u00a0 &#8220;\u00c7ocuklar\u0131m\u0131z&#8221; Giresun Gezgin Foto\u011fraf\u00e7\u0131lar Derne\u011fi, Gezfod, Giresun<\/p><p>2018 \u00a0&#8220;Waiting for you&#8221;\u00a0 The Route Photo Gallery, Amsterdam, Netherlands<\/p><p>2017 \u00a0&#8220;Kutlama&#8221; \u0130stanbul Foto\u011fraf Galerisi, Beyo\u011flu, \u0130stanbul<\/p><p>2017\u00a0 &#8221;Randevu&#8221; 11.Printemps des Artistes, Od&#8217; A Ouvroir d&#8217;Art Gallery, Saint Pulcherie Frans\u0131z Lisesi, Beyo\u011flu, \u0130stanbul<\/p><p>2017 \u00a0&#8220;Yaln\u0131zl\u0131k&#8221; Gama Gallery, Beyo\u011flu, \u0130stanbul<\/p><p>2012 \u00a0&#8220;Vardiya&#8221; \u00a0Camalt\u0131 Galeri, Tophane-i Amire, MSGS\u00dc, F\u0131nd\u0131kl\u0131, \u0130stanbul<\/p><p>2012 \u00a0&#8220;Manidar&#8221; Turquaz Foto\u011fraf\u00e7\u0131l\u0131k ve Do\u011fa Sporlar\u0131 Merkezi, Park Avm, Kayseri<\/p><p>2012 \u00a0&#8220;\u00c7ocuktum, \u00c7al\u0131\u015ft\u0131m, Ya\u015fland\u0131m&#8221; Vak\u0131f Eserleri M\u00fczesi, Ankara<\/p><h5>\u00a0<\/h5><h5><strong>Sanat Fuarlar\u0131<\/strong><\/h5><p>2018 Fiera Contemporanea, Cesena Fiera, XXII Edizione, Neo Art Gallery, Italy<\/p><p>2018 Premio Combat Prize, Ninth Edition 23 june- 14 july, Lucca Art Fair, Livorno, Italy<\/p><p>2018\u00a0 Euro Expo Art &#8211; Vernice Art Fair, Neo Art Gallery, Italy<\/p><p>2017 Foto Fever Art Fair, La Belle D&#8217;lstanbul, Gama Gallery, Carrousel du Louvre, Louvre Museum, Paris, France<\/p><p>2016 11.Contemporary, ICEC, L\u00fctfi K\u0131rdar Kongre ve Sergi Saray\u0131, Gama Gallery, \u0130stanbul<\/p><h5>\u00a0<\/h5><h5><strong>Foto\u011fraf G\u00f6sterileri<\/strong><\/h5><div>2019 Ses\u2019sis Zamanlar, foto\u011fraf g\u00f6sterisi ve s\u00f6yle\u015fi, Ordu Foto\u011fraf Sanat\u00e7\u0131lar\u0131 Derne\u011fi, Ofsad<\/div><div>2019 Ses\u2019sis Zamanlar, foto\u011fraf g\u00f6sterisi ve s\u00f6yle\u015fi, K\u0131br\u0131s T\u00fcrk Foto\u011fraf Derne\u011fi, Foder<\/div><div>2019 Ses\u2019sis Zamanlar, foto\u011fraf g\u00f6sterisi ve s\u00f6yle\u015fi, Samsun Foto\u011fraf Sanat\u0131 Derne\u011fi, Samfad<\/div><div>\u00a0<\/div><div>2018 &#8220;Benim Ustam Zaman&#8221; belgesel g\u00f6sterisi ve &#8220;Ses\u2019sis Zamanlar&#8221; foto\u011fraf g\u00f6sterisi, Kastamonu \u00dcniversitesi<\/div><div>2018 Ses\u2019sis Zamanlar, foto\u011fraf g\u00f6sterisi ve s\u00f6yle\u015fi, Giresun \u00dcniversitesi, G\u00fcre Yerle\u015fkesi<\/div><div>2018 Ses\u2019sis Zamanlar, foto\u011fraf g\u00f6sterisi ve s\u00f6yle\u015fi, Giresun Gezgin Foto\u011fraf\u00e7\u0131lar Derne\u011fi, Gezfod<\/div><div>2017 Ses\u2019sis Zamanlar, foto\u011fraf g\u00f6sterisi ve s\u00f6yle\u015fi, \u0130stanbul Alt\u0131nba\u015f \u00dcniversitesi<\/div><div>2013 Bozcaada\u2019da Zaman, foto\u011fraf g\u00f6sterisi ve s\u00f6yle\u015fi, Bozcaada Sanat Galerisi, \u00c7anakkale<\/div><div>2012 Usta Eller, foto\u011fraf g\u00f6sterisi ve s\u00f6yle\u015fi, Mustafakemalpa\u015fa \u00d6\u011fretmenevi, Bursa<\/div><div>2012 Demir Adamlar, foto\u011fraf g\u00f6sterisi<\/div><div>\u00a0<\/div><div>\u00a0<\/div><h5><strong>Bas\u0131lan Foto\u011fraflar<\/strong><\/h5><p>2020 Underwater National Park G\u00f6k\u00e7eada, Complete National Parks of Europe, National Geographic Europe<\/p><p>2015 &#8220;Hamsu Vadisi&#8221; Bilecik, National Geographic Dergisi, T\u00fcrkiye, A\u011fustos say\u0131s\u0131<\/p><p>2012 &#8220;Zaman Akarken&#8221; Photoline Dergisi, A\u011fustos-Eyl\u00fcl say\u0131s\u0131<\/p><p>2003-2006 Sanat\u00e7\u0131 portreleri, sergi kataloglar\u0131, CKM ve Tem Sanat Galerisi<\/p><h5>\u00a0<\/h5>\t\t\t\t\t\t<\/div>\n\t\t\t\t<\/div>\n\t\t\t\t\t<\/div>\n\t\t<\/div>\n\t\t\t\t\t<\/div>\n\t\t<\/section>\n\t\t\t\t<section class=\"elementor-section elementor-top-section elementor-element elementor-element-4543e37 elementor-section-boxed elementor-section-height-default elementor-section-height-default\" data-id=\"4543e37\" data-element_type=\"section\">\n\t\t\t\t\t\t<div class=\"elementor-container elementor-column-gap-default\">\n\t\t\t\t\t<div class=\"elementor-column elementor-col-100 elementor-top-column elementor-element elementor-element-eb20fd5\" data-id=\"eb20fd5\" data-element_type=\"column\">\n\t\t\t<div class=\"elementor-widget-wrap\">\n\t\t\t\t\t\t\t<\/div>\n\t\t<\/div>\n\t\t\t\t\t<\/div>\n\t\t<\/section>\n\t\t\t\t<\/div>\n\t\t ","protected":false},"excerpt":{"rendered":"<p>\u00d6zlem Acaro\u011flu Foto\u011fraf Sanat\u00e7\u0131s\u0131 1977, \u0130stanbul Eserleri ulusal ve uluslararas\u0131 sanat fuarlar\u0131nda sergilenen sanat\u00e7\u0131, \u00fcniversitelerde ve k\u00fclt\u00fcr merkezlerinde s\u00f6yle\u015filer ve foto\u011fraf g\u00f6sterileri [&hellip;]<\/p>\n","protected":false},"author":1,"featured_media":0,"parent":0,"menu_order":0,"comment_status":"closed","ping_status":"closed","template":"page-templates\/page_fullwidth.php","meta":{"footnotes":""},"_links":{"self":[{"href":"https:\/\/f9project.com\/index.php?rest_route=\/wp\/v2\/pages\/10"}],"collection":[{"href":"https:\/\/f9project.com\/index.php?rest_route=\/wp\/v2\/pages"}],"about":[{"href":"https:\/\/f9project.com\/index.php?rest_route=\/wp\/v2\/types\/page"}],"author":[{"embeddable":true,"href":"https:\/\/f9project.com\/index.php?rest_route=\/wp\/v2\/users\/1"}],"replies":[{"embeddable":true,"href":"https:\/\/f9project.com\/index.php?rest_route=%2Fwp%2Fv2%2Fcomments&post=10"}],"version-history":[{"count":111,"href":"https:\/\/f9project.com\/index.php?rest_route=\/wp\/v2\/pages\/10\/revisions"}],"predecessor-version":[{"id":3114,"href":"https:\/\/f9project.com\/index.php?rest_route=\/wp\/v2\/pages\/10\/revisions\/3114"}],"wp:attachment":[{"href":"https:\/\/f9project.com\/index.php?rest_route=%2Fwp%2Fv2%2Fmedia&parent=10"}],"curies":[{"name":"wp","href":"https:\/\/api.w.org\/{rel}","templated":true}]}}